{"id":189,"date":"2023-04-22T13:43:08","date_gmt":"2023-04-22T13:43:08","guid":{"rendered":"https:\/\/blogsaverroes.juntadeandalucia.es\/aulaflautistica\/?page_id=189"},"modified":"2023-04-23T09:00:42","modified_gmt":"2023-04-23T09:00:42","slug":"el-repertorio-orquestal","status":"publish","type":"page","link":"https:\/\/blogsaverroes.juntadeandalucia.es\/aulaflautistica\/el-repertorio-orquestal\/","title":{"rendered":"La flauta sinf\u00f3nica"},"content":{"rendered":"<p>\u00a1Enhorabuena! Si has llegado hasta aqu\u00ed, es que ya llevas dos trimestres d\u00e1ndolo todo.&nbsp;<\/p>\n<p>A continuaci\u00f3n te adjunto las fichas que deber\u00e1s rellenar para conocer un poco m\u00e1s de los compositores y de la \u00e9poca en la que fueron compuestas las sinfon\u00edas que vamos a trabajar.<\/p>\n<p><iframe loading=\"lazy\" title=\"Gustavo Dudamel - Beethoven: Symphony No. 1 -   Mvmt 1 (Orquesta Sinf\u00f3nica Sim\u00f3n Bol\u00edvar)\" width=\"525\" height=\"295\" src=\"https:\/\/www.youtube.com\/embed\/uSgOREpdvxA?feature=oembed\" frameborder=\"0\" allow=\"accelerometer; autoplay; clipboard-write; encrypted-media; gyroscope; picture-in-picture; web-share\" allowfullscreen><\/iframe><\/p>\n<p>https:\/\/www.youtube.com\/watch?v=VmVuH4PswOA&#038;ab_channel=VIDEOPARTITURAS<\/p>\n<p>FICHA 1:<\/p>\n<p><a href=\"https:\/\/es.educaplay.com\/recursos-educativos\/14659312-sinfonia_1_beethoven.html\">https:\/\/es.educaplay.com\/recursos-educativos\/14659312-sinfonia_1_beethoven.html<\/a><\/p>\n<p><iframe loading=\"lazy\" title=\"Brahms: Symphony No. 1 in C minor, Op. 68 (with Score)\" width=\"525\" height=\"295\" src=\"https:\/\/www.youtube.com\/embed\/r8LhN7GN3q0?start=440&#038;feature=oembed\" frameborder=\"0\" allow=\"accelerometer; autoplay; clipboard-write; encrypted-media; gyroscope; picture-in-picture; web-share\" allowfullscreen><\/iframe><\/p>\n<p><iframe loading=\"lazy\" title=\"BRAHMS - 1st Symphony (IV mov.) - Flute Solo (Careddu)\" width=\"525\" height=\"295\" src=\"https:\/\/www.youtube.com\/embed\/yUjOsu9-OyY?feature=oembed\" frameborder=\"0\" allow=\"accelerometer; autoplay; clipboard-write; encrypted-media; gyroscope; picture-in-picture; web-share\" allowfullscreen><\/iframe><\/p>\n<p>FICHA 2:<\/p>\n<p><a style=\"font-size: 1rem\" href=\"https:\/\/es.educaplay.com\/recursos-educativos\/14658935-sinfonia_no_1_en_do_m_de_johannes_brahms.html\">https:\/\/es.educaplay.com\/recursos-educativos\/14658935-sinfonia_no_1_en_do_m_de_johannes_brahms.html<\/a><\/p>\n<p>&nbsp;<\/p>\n<p><iframe loading=\"lazy\" title=\"Mendelssohn: 4. Sinfonie (\u00bbItalienische\u00ab) \u2219 hr-Sinfonieorchester \u2219 Paavo J\u00e4rvi\" width=\"525\" height=\"295\" src=\"https:\/\/www.youtube.com\/embed\/_HX_jF1_Tgc?start=793&#038;feature=oembed\" frameborder=\"0\" allow=\"accelerometer; autoplay; clipboard-write; encrypted-media; gyroscope; picture-in-picture; web-share\" allowfullscreen><\/iframe><\/p>\n<p>FICHA 3:<\/p>\n<p><a href=\"https:\/\/es.educaplay.com\/recursos-educativos\/14659563-sinfonia_no_4_mendelssohn.html\">https:\/\/es.educaplay.com\/recursos-educativos\/14659563-sinfonia_no_4_mendelssohn.html<\/a><\/p>\n<p><iframe loading=\"lazy\" title=\"Tchaikovsky - Symphony No. 5 - Semyon Bychkov | Concertgebouworkest\" width=\"525\" height=\"295\" src=\"https:\/\/www.youtube.com\/embed\/1dsbkhTkD7s?start=1514&#038;feature=oembed\" frameborder=\"0\" allow=\"accelerometer; autoplay; clipboard-write; encrypted-media; gyroscope; picture-in-picture; web-share\" allowfullscreen><\/iframe><\/p>\n<p>FICHA 4:<\/p>\n<p><a href=\"https:\/\/es.educaplay.com\/recursos-educativos\/14659746-sinfonia_5_de.html\">https:\/\/es.educaplay.com\/recursos-educativos\/14659746-sinfonia_5_de.html<\/a><\/p>\n<p>\u00a1Recuerda comentar aqu\u00ed abajo la relaci\u00f3n que has encontrado entre las palabras de la sopa de letras!<\/p>\n<p>&nbsp;<\/p>\n","protected":false},"excerpt":{"rendered":"<p>\u00a1Enhorabuena! Si has llegado hasta aqu\u00ed, es que ya llevas dos trimestres d\u00e1ndolo todo.&nbsp; A continuaci\u00f3n te adjunto las fichas que deber\u00e1s rellenar para conocer un poco m\u00e1s de los compositores y de la \u00e9poca en la que fueron compuestas las sinfon\u00edas que vamos a trabajar. https:\/\/www.youtube.com\/watch?v=VmVuH4PswOA&#038;ab_channel=VIDEOPARTITURAS FICHA 1: https:\/\/es.educaplay.com\/recursos-educativos\/14659312-sinfonia_1_beethoven.html FICHA 2: https:\/\/es.educaplay.com\/recursos-educativos\/14658935-sinfonia_no_1_en_do_m_de_johannes_brahms.html &nbsp; FICHA &hellip; <\/p>\n<p class=\"link-more\"><a href=\"https:\/\/blogsaverroes.juntadeandalucia.es\/aulaflautistica\/el-repertorio-orquestal\/\" class=\"more-link\">Continuar leyendo<span class=\"screen-reader-text\"> \u00abLa flauta sinf\u00f3nica\u00bb<\/span><\/a><\/p>\n","protected":false},"author":7272,"featured_media":0,"parent":0,"menu_order":0,"comment_status":"closed","ping_status":"closed","template":"","meta":{"ngg_post_thumbnail":0,"footnotes":""},"aioseo_notices":[],"_links":{"self":[{"href":"https:\/\/blogsaverroes.juntadeandalucia.es\/aulaflautistica\/wp-json\/wp\/v2\/pages\/189"}],"collection":[{"href":"https:\/\/blogsaverroes.juntadeandalucia.es\/aulaflautistica\/wp-json\/wp\/v2\/pages"}],"about":[{"href":"https:\/\/blogsaverroes.juntadeandalucia.es\/aulaflautistica\/wp-json\/wp\/v2\/types\/page"}],"author":[{"embeddable":true,"href":"https:\/\/blogsaverroes.juntadeandalucia.es\/aulaflautistica\/wp-json\/wp\/v2\/users\/7272"}],"replies":[{"embeddable":true,"href":"https:\/\/blogsaverroes.juntadeandalucia.es\/aulaflautistica\/wp-json\/wp\/v2\/comments?post=189"}],"version-history":[{"count":7,"href":"https:\/\/blogsaverroes.juntadeandalucia.es\/aulaflautistica\/wp-json\/wp\/v2\/pages\/189\/revisions"}],"predecessor-version":[{"id":208,"href":"https:\/\/blogsaverroes.juntadeandalucia.es\/aulaflautistica\/wp-json\/wp\/v2\/pages\/189\/revisions\/208"}],"wp:attachment":[{"href":"https:\/\/blogsaverroes.juntadeandalucia.es\/aulaflautistica\/wp-json\/wp\/v2\/media?parent=189"}],"curies":[{"name":"wp","href":"https:\/\/api.w.org\/{rel}","templated":true}]}}