{"id":205,"date":"2023-04-23T08:27:43","date_gmt":"2023-04-23T08:27:43","guid":{"rendered":"https:\/\/blogsaverroes.juntadeandalucia.es\/aulaflautistica\/?page_id=205"},"modified":"2023-04-23T09:05:53","modified_gmt":"2023-04-23T09:05:53","slug":"la-simetria-acompanada","status":"publish","type":"page","link":"https:\/\/blogsaverroes.juntadeandalucia.es\/aulaflautistica\/la-simetria-acompanada\/","title":{"rendered":"La simetr\u00eda acompa\u00f1ada"},"content":{"rendered":"<p>\u00a1Aqu\u00ed tienes tu segundo reto del curso en forma de obra! Pero antes tendr\u00e1s que elegir entre dos posibles obras y qu\u00e9 mejor que un juego para aumentar tus conocimientos y decidir qu\u00e9 pieza quieres que te acompa\u00f1e en este viaje cl\u00e1sico.<\/p>\n<p><a href=\"https:\/\/es.educaplay.com\/recursos-educativos\/14664093-la_simetria_acompanada.html\">https:\/\/es.educaplay.com\/recursos-educativos\/14664093-la_simetria_acompanada.html<\/a><\/p>\n","protected":false},"excerpt":{"rendered":"<p>\u00a1Aqu\u00ed tienes tu segundo reto del curso en forma de obra! Pero antes tendr\u00e1s que elegir entre dos posibles obras y qu\u00e9 mejor que un juego para aumentar tus conocimientos y decidir qu\u00e9 pieza quieres que te acompa\u00f1e en este viaje cl\u00e1sico. https:\/\/es.educaplay.com\/recursos-educativos\/14664093-la_simetria_acompanada.html<\/p>\n","protected":false},"author":7272,"featured_media":0,"parent":0,"menu_order":0,"comment_status":"closed","ping_status":"closed","template":"","meta":{"ngg_post_thumbnail":0,"footnotes":""},"aioseo_notices":[],"_links":{"self":[{"href":"https:\/\/blogsaverroes.juntadeandalucia.es\/aulaflautistica\/wp-json\/wp\/v2\/pages\/205"}],"collection":[{"href":"https:\/\/blogsaverroes.juntadeandalucia.es\/aulaflautistica\/wp-json\/wp\/v2\/pages"}],"about":[{"href":"https:\/\/blogsaverroes.juntadeandalucia.es\/aulaflautistica\/wp-json\/wp\/v2\/types\/page"}],"author":[{"embeddable":true,"href":"https:\/\/blogsaverroes.juntadeandalucia.es\/aulaflautistica\/wp-json\/wp\/v2\/users\/7272"}],"replies":[{"embeddable":true,"href":"https:\/\/blogsaverroes.juntadeandalucia.es\/aulaflautistica\/wp-json\/wp\/v2\/comments?post=205"}],"version-history":[{"count":3,"href":"https:\/\/blogsaverroes.juntadeandalucia.es\/aulaflautistica\/wp-json\/wp\/v2\/pages\/205\/revisions"}],"predecessor-version":[{"id":214,"href":"https:\/\/blogsaverroes.juntadeandalucia.es\/aulaflautistica\/wp-json\/wp\/v2\/pages\/205\/revisions\/214"}],"wp:attachment":[{"href":"https:\/\/blogsaverroes.juntadeandalucia.es\/aulaflautistica\/wp-json\/wp\/v2\/media?parent=205"}],"curies":[{"name":"wp","href":"https:\/\/api.w.org\/{rel}","templated":true}]}}