{"id":210,"date":"2023-04-23T09:02:52","date_gmt":"2023-04-23T09:02:52","guid":{"rendered":"https:\/\/blogsaverroes.juntadeandalucia.es\/aulaflautistica\/?page_id=210"},"modified":"2023-04-29T13:29:05","modified_gmt":"2023-04-29T13:29:05","slug":"expreso-lo-que-siento","status":"publish","type":"page","link":"https:\/\/blogsaverroes.juntadeandalucia.es\/aulaflautistica\/expreso-lo-que-siento\/","title":{"rendered":"Expreso lo que siento"},"content":{"rendered":"<p>Entramos en la \u00e9poca rom\u00e1ntica y con ello deber\u00e1s escoger entre tres posibles obras. \u00a1Completa el juego y decide! <img loading=\"lazy\" decoding=\"async\" class=\"alignnone wp-image-201\" src=\"https:\/\/blogsaverroes.juntadeandalucia.es\/aulaflautistica\/files\/2023\/04\/png-clipart-four-leaf-clover-shamrock-luck-clover-leaf-plant-stem-300x300.png\" alt=\"\" width=\"24\" height=\"24\" srcset=\"https:\/\/blogsaverroes.juntadeandalucia.es\/aulaflautistica\/files\/2023\/04\/png-clipart-four-leaf-clover-shamrock-luck-clover-leaf-plant-stem-300x300.png 300w, https:\/\/blogsaverroes.juntadeandalucia.es\/aulaflautistica\/files\/2023\/04\/png-clipart-four-leaf-clover-shamrock-luck-clover-leaf-plant-stem-150x150.png 150w, https:\/\/blogsaverroes.juntadeandalucia.es\/aulaflautistica\/files\/2023\/04\/png-clipart-four-leaf-clover-shamrock-luck-clover-leaf-plant-stem-768x768.png 768w, https:\/\/blogsaverroes.juntadeandalucia.es\/aulaflautistica\/files\/2023\/04\/png-clipart-four-leaf-clover-shamrock-luck-clover-leaf-plant-stem-100x100.png 100w, https:\/\/blogsaverroes.juntadeandalucia.es\/aulaflautistica\/files\/2023\/04\/png-clipart-four-leaf-clover-shamrock-luck-clover-leaf-plant-stem.png 900w\" sizes=\"(max-width: 24px) 100vw, 24px\" \/><\/p>\n<p><a href=\"https:\/\/es.educaplay.com\/recursos-educativos\/14688671-expreso_lo_que_siento.html\">https:\/\/es.educaplay.com\/recursos-educativos\/14688671-expreso_lo_que_siento.html<\/a><\/p>\n<p>&nbsp;<\/p>\n","protected":false},"excerpt":{"rendered":"<p>Entramos en la \u00e9poca rom\u00e1ntica y con ello deber\u00e1s escoger entre tres posibles obras. \u00a1Completa el juego y decide! https:\/\/es.educaplay.com\/recursos-educativos\/14688671-expreso_lo_que_siento.html &nbsp;<\/p>\n","protected":false},"author":7272,"featured_media":0,"parent":0,"menu_order":0,"comment_status":"closed","ping_status":"closed","template":"","meta":{"ngg_post_thumbnail":0,"footnotes":""},"aioseo_notices":[],"_links":{"self":[{"href":"https:\/\/blogsaverroes.juntadeandalucia.es\/aulaflautistica\/wp-json\/wp\/v2\/pages\/210"}],"collection":[{"href":"https:\/\/blogsaverroes.juntadeandalucia.es\/aulaflautistica\/wp-json\/wp\/v2\/pages"}],"about":[{"href":"https:\/\/blogsaverroes.juntadeandalucia.es\/aulaflautistica\/wp-json\/wp\/v2\/types\/page"}],"author":[{"embeddable":true,"href":"https:\/\/blogsaverroes.juntadeandalucia.es\/aulaflautistica\/wp-json\/wp\/v2\/users\/7272"}],"replies":[{"embeddable":true,"href":"https:\/\/blogsaverroes.juntadeandalucia.es\/aulaflautistica\/wp-json\/wp\/v2\/comments?post=210"}],"version-history":[{"count":3,"href":"https:\/\/blogsaverroes.juntadeandalucia.es\/aulaflautistica\/wp-json\/wp\/v2\/pages\/210\/revisions"}],"predecessor-version":[{"id":217,"href":"https:\/\/blogsaverroes.juntadeandalucia.es\/aulaflautistica\/wp-json\/wp\/v2\/pages\/210\/revisions\/217"}],"wp:attachment":[{"href":"https:\/\/blogsaverroes.juntadeandalucia.es\/aulaflautistica\/wp-json\/wp\/v2\/media?parent=210"}],"curies":[{"name":"wp","href":"https:\/\/api.w.org\/{rel}","templated":true}]}}