{"id":133,"date":"2024-05-04T19:46:50","date_gmt":"2024-05-04T19:46:50","guid":{"rendered":"https:\/\/blogsaverroes.juntadeandalucia.es\/aularecursosptandevalo\/?page_id=133"},"modified":"2024-05-19T19:21:55","modified_gmt":"2024-05-19T19:21:55","slug":"inicio-2","status":"publish","type":"page","link":"https:\/\/blogsaverroes.juntadeandalucia.es\/aularecursosptandevalo\/inicio-2\/","title":{"rendered":"Inicio"},"content":{"rendered":"<p>Bienvenid@s a mi blog de recursos PT \u00abAnd\u00e9valo\u00bb. Em este blog encontrar\u00e1s diferentes materiales educativos dise\u00f1ados para dar respuesta a loa distintos Programas Espec\u00edficos que desarrollamos con nuestro alumnado en las aulas. \u00a1Espero que os sirva de ayuda!<\/p>\n<p><img loading=\"lazy\" decoding=\"async\" class=\"alignnone wp-image-22 aligncenter\" src=\"https:\/\/blogsaverroes.juntadeandalucia.es\/aularecursosptandevalo\/files\/2024\/03\/dado-300x300.png\" alt=\"\" width=\"342\" height=\"342\" srcset=\"https:\/\/blogsaverroes.juntadeandalucia.es\/aularecursosptandevalo\/files\/2024\/03\/dado-300x300.png 300w, https:\/\/blogsaverroes.juntadeandalucia.es\/aularecursosptandevalo\/files\/2024\/03\/dado-1024x1024.png 1024w, https:\/\/blogsaverroes.juntadeandalucia.es\/aularecursosptandevalo\/files\/2024\/03\/dado-150x150.png 150w, https:\/\/blogsaverroes.juntadeandalucia.es\/aularecursosptandevalo\/files\/2024\/03\/dado-768x768.png 768w, https:\/\/blogsaverroes.juntadeandalucia.es\/aularecursosptandevalo\/files\/2024\/03\/dado.png 1280w\" sizes=\"(max-width: 342px) 100vw, 342px\" \/><\/p>\n<p>&nbsp;<\/p>\n","protected":false},"excerpt":{"rendered":"<p>Bienvenid@s a mi blog de recursos PT \u00abAnd\u00e9valo\u00bb. Em este blog encontrar\u00e1s diferentes materiales educativos dise\u00f1ados para dar respuesta a loa distintos Programas Espec\u00edficos que desarrollamos con nuestro alumnado en las aulas. \u00a1Espero que&#46;&#46;&#46;<\/p>\n","protected":false},"author":9640,"featured_media":0,"parent":0,"menu_order":0,"comment_status":"closed","ping_status":"closed","template":"","meta":{"ngg_post_thumbnail":0,"footnotes":""},"aioseo_notices":[],"_links":{"self":[{"href":"https:\/\/blogsaverroes.juntadeandalucia.es\/aularecursosptandevalo\/wp-json\/wp\/v2\/pages\/133"}],"collection":[{"href":"https:\/\/blogsaverroes.juntadeandalucia.es\/aularecursosptandevalo\/wp-json\/wp\/v2\/pages"}],"about":[{"href":"https:\/\/blogsaverroes.juntadeandalucia.es\/aularecursosptandevalo\/wp-json\/wp\/v2\/types\/page"}],"author":[{"embeddable":true,"href":"https:\/\/blogsaverroes.juntadeandalucia.es\/aularecursosptandevalo\/wp-json\/wp\/v2\/users\/9640"}],"replies":[{"embeddable":true,"href":"https:\/\/blogsaverroes.juntadeandalucia.es\/aularecursosptandevalo\/wp-json\/wp\/v2\/comments?post=133"}],"version-history":[{"count":3,"href":"https:\/\/blogsaverroes.juntadeandalucia.es\/aularecursosptandevalo\/wp-json\/wp\/v2\/pages\/133\/revisions"}],"predecessor-version":[{"id":172,"href":"https:\/\/blogsaverroes.juntadeandalucia.es\/aularecursosptandevalo\/wp-json\/wp\/v2\/pages\/133\/revisions\/172"}],"wp:attachment":[{"href":"https:\/\/blogsaverroes.juntadeandalucia.es\/aularecursosptandevalo\/wp-json\/wp\/v2\/media?parent=133"}],"curies":[{"name":"wp","href":"https:\/\/api.w.org\/{rel}","templated":true}]}}