{"id":285,"date":"2016-04-19T18:30:44","date_gmt":"2016-04-19T16:30:44","guid":{"rendered":"http:\/\/blogsaverroes.juntadeandalucia.es\/aulatic\/?page_id=285"},"modified":"2017-02-14T13:13:04","modified_gmt":"2017-02-14T12:13:04","slug":"herramientas","status":"publish","type":"page","link":"https:\/\/blogsaverroes.juntadeandalucia.es\/aulatic\/herramientas\/","title":{"rendered":"Herramientas"},"content":{"rendered":"<p><img loading=\"lazy\" decoding=\"async\" class=\"aligncenter\" src=\"https:\/\/addons.cdn.mozilla.net\/user-media\/addons\/314483\/preview_large.jpg?1305210119\" alt=\"\" width=\"680\" height=\"100\" \/><\/p>\n<p>&nbsp;<\/p>\n<hr style=\"background-color: #53bcb3\" size=\"5\" \/>\n<div class=\"osc-res-tab tabbable   osc-tabs-left\"><div style=\"clear:both;width: 100%;\"><ul class=\"nav osc-res-nav nav-tabs osc-tabs-left-ul\" id=\"oscitas-restabs-1-herramientas-38849\"><li class=\"active\"><a href=\"#ert_pane1-0\" data-toggle=\"tab\">Organizar ideas<\/a><\/li><li class=\"\"><a href=\"#ert_pane1-1\" data-toggle=\"tab\">Exponer<\/a><\/li><li class=\"\"><a href=\"#ert_pane1-2\" data-toggle=\"tab\">Lengua<\/a><\/li><li class=\"\"><a href=\"#ert_pane1-3\" data-toggle=\"tab\">Matem\u00e1ticas<\/a><\/li><li class=\"\"><a href=\"#ert_pane1-4\" data-toggle=\"tab\">Ingl\u00e9s<\/a><\/li><\/ul><\/div><div style=\"clear:both;width: 100%;\"><ul class=\"tab-content\" id=\"oscitas-restabcontent-1-herramientas-38849\"><li class=\"tab-pane active\" id=\"ert_pane1-0\"><ol>\n<li><a href=\"http:\/\/drichard.org\/mindmaps\/\" target=\"_blank\">Minmap<\/a><\/li>\n<li><a href=\"https:\/\/www.text2mindmap.com\/\" target=\"_blank\">Text 2 MindMap<\/a> <span style=\"font-size: 8pt;color: #ff0000\">(Nuevo)<\/span><\/li>\n<\/ol><\/li><li class=\"tab-pane \" id=\"ert_pane1-1\"><ol>\n<li><a href=\"http:\/\/express.smarttech.com\/#\" target=\"_blank\">Pizarra digital<\/a><\/li>\n<li><a href=\"http:\/\/www.qrcode.es\/es\/generador-qr-code\/\" target=\"_blank\">Generador c\u00f3digos QR<\/a><\/li>\n<\/ol><\/li><li class=\"tab-pane \" id=\"ert_pane1-2\"><ol>\n<li><a href=\"http:\/\/tip.iatext.ulpgc.es\/silabas\/default.aspx\" target=\"_blank\">Silabeador<\/a><\/li>\n<li><a href=\"http:\/\/tip.iatext.ulpgc.es\/numeros-texto\" target=\"_blank\">Convertir n\u00fameros a texto<\/a><\/li>\n<li><a href=\"http:\/\/tip.iatext.ulpgc.es\/conjugar-verbo\/\" target=\"_blank\">Conjugador de verbos<\/a><\/li>\n<li><a href=\"http:\/\/www.olesur.com\/educacion\/caligrafia-cuadricula.asp\" target=\"_blank\">Caligraf\u00eda<\/a><\/li>\n<li><a href=\"http:\/\/www.olesur.com\/educacion\/caligrafia-2.asp\" target=\"_blank\">Caligraf\u00eda doble pauta<\/a><\/li>\n<li><a href=\"http:\/\/www.olesur.com\/educacion\/pauta-mixta.asp\" target=\"_blank\">Crear Pautas mixtas<\/a><\/li>\n<li><a href=\"http:\/\/www.olesur.com\/educacion\/separar-silabas.asp\" target=\"_blank\">Separar palabras por s\u00edlabas<\/a><\/li>\n<li><a href=\"http:\/\/www.olesur.com\/educacion\/fichas-de-lectoescritura.asp\" target=\"_blank\">Crear fichas de lectoescritura<\/a><\/li>\n<li><a href=\"http:\/\/www.olesur.com\/educacion\/copiado.asp\" target=\"_blank\">Crear copiados<\/a><\/li>\n<li><a href=\"http:\/\/www.olesur.com\/educacion\/ficha-lectura.asp\" target=\"_blank\">Crear fichas de lectura<\/a><\/li>\n<\/ol><\/li><li class=\"tab-pane \" id=\"ert_pane1-3\"><ol>\n<li><a href=\"http:\/\/www.generadordegraficos.com\/graph\" target=\"_blank\">Generador de Gr\u00e1ficos<\/a><\/li>\n<li><a href=\"http:\/\/blogsaverroes.juntadeandalucia.es\/aulatic\/cronometro-y-contador-regresivo\/\"> Cron\u00f3metro y Contador regresivo<\/a><\/li>\n<li><a href=\"http:\/\/blogsaverroes.juntadeandalucia.es\/aulatic\/contador-regresivo-bomba\/\">Contador regresivo \u00abBomba\u00bb<\/a><\/li>\n<li><a href=\"http:\/\/www.olesur.com\/educacion\/sumas-restas-sin-llevar.asp\" target=\"_blank\">Crear sumas y restas sin llevar<\/a><\/li>\n<li><a href=\"http:\/\/www.olesur.com\/educacion\/crear-expresiones-matematicas.asp\" target=\"_blank\">Generar operaciones combinadas<\/a><\/li>\n<li><a href=\"http:\/\/www.olesur.com\/educacion\/f_enteros-primaria.asp\" target=\"_blank\">Generar fichas de n\u00fameros enteros<\/a><\/li>\n<li><a href=\"http:\/\/www.olesur.com\/educacion\/niveles-problemas-matematicas.asp\" target=\"_blank\">Generar problemas matem\u00e1ticos<\/a><\/li>\n<li><a href=\"http:\/\/www.olesur.com\/educacion\/problemas-matematicas-nivel-0.asp\" target=\"_blank\">Generar problemas gr\u00e1ficos para 1\u00ba ciclo<\/a><\/li>\n<li><a href=\"http:\/\/www.olesur.com\/educacion\/f_romanos_a_naturales.asp\" target=\"_blank\">Cear fichas de n\u00fameros romanos<\/a><\/li>\n<li><a href=\"http:\/\/www.olesur.com\/educacion\/f_escrible_con_letra.asp\" target=\"_blank\">Crear fichas para escribir n\u00fameros con letras<\/a><\/li>\n<li><a href=\"http:\/\/www.olesur.com\/educacion\/f_escrible_los_numeros.asp\">Crear fichas para escribir n\u00fameros con cifras<\/a><\/li>\n<li><a href=\"http:\/\/www.olesur.com\/educacion\/f_calculo.asp\" target=\"_blank\">Crear fichas de c\u00e1lculo<\/a><\/li>\n<li><a href=\"http:\/\/www.mamutmatematicas.com\/ejercicios\/porcentaje.php\" target=\"_blank\">Generar fichas de porcentajes<\/a> <span style=\"font-size: 8pt;color: #ff0000\">(Nuevo)<\/span><\/li>\n<\/ol><\/li><li class=\"tab-pane \" id=\"ert_pane1-4\"><ol>\n<li><a href=\"http:\/\/esl-kids.com\/index.php?page=worksheets\" target=\"_blank\">Crear fichas de vocabulario para ingl\u00e9s<\/a><\/li>\n<\/ol><\/li><\/ul><\/div><\/div>\n<hr style=\"background-color: #53bcb3\" size=\"5\" \/>\n<p>&nbsp;<\/p>\n<div class=\"osc-res-tab tabbable   osc-tabs-left\"><div style=\"clear:both;width: 100%;\"><ul class=\"nav osc-res-nav nav-tabs osc-tabs-left-ul\" id=\"oscitas-restabs-2-herramientas-73446\"><li class=\"active\"><a href=\"#ert_pane2-0\" data-toggle=\"tab\">Fotograf\u00eda<\/a><\/li><li class=\"\"><a href=\"#ert_pane2-1\" data-toggle=\"tab\">Pasatiempos<\/a><\/li><li class=\"\"><a href=\"#ert_pane2-2\" data-toggle=\"tab\">Dibujo<\/a><\/li><li class=\"\"><a href=\"#ert_pane2-3\" data-toggle=\"tab\">C\u00f3mics<\/a><\/li><li class=\"\"><a href=\"#ert_pane2-4\" data-toggle=\"tab\">M\u00fasica<\/a><\/li><li class=\"\"><a href=\"#ert_pane2-5\" data-toggle=\"tab\">Inteligencia<\/a><\/li><\/ul><\/div><div style=\"clear:both;width: 100%;\"><ul class=\"tab-content\" id=\"oscitas-restabcontent-2-herramientas-73446\"><li class=\"tab-pane active\" id=\"ert_pane2-0\"><ol>\n<li><a href=\"http:\/\/fotoflexer.com\/\" target=\"_blank\">Fotoflexer<\/a><\/li>\n<li><a href=\"https:\/\/www.editorfotosgratis.com\/\" target=\"_blank\">Editor de fotos<\/a><\/li>\n<li><a href=\"https:\/\/www.changefaces.com\/\" target=\"_blank\">Swap Faces<\/a><\/li>\n<li><a href=\"https:\/\/www.glitterphoto.net\/\" target=\"_blank\">Glitter Photo<\/a><\/li>\n<li><a href=\"http:\/\/www.collage.es\/\" target=\"_blank\">Collage<\/a><\/li>\n<li><a href=\"https:\/\/www.befunky.com\/es\/opciones\/foto-a-arte\/\" target=\"_blank\">Befunky<\/a><\/li>\n<li><a href=\"https:\/\/pixlr.com\/editor\/\" target=\"_blank\">Pixlr<\/a><\/li>\n<\/ol><\/li><li class=\"tab-pane \" id=\"ert_pane2-1\"><ol>\n<li><a href=\"http:\/\/www.jigsawplanet.com\/?rc=createpuzzle&amp;ret=%2F\" target=\"_blank\">Crear puzzles<\/a><\/li>\n<li><a href=\"http:\/\/www.olesur.com\/educacion\/sopa-de-letras.asp\" target=\"_blank\">Crear sopas de letras<\/a><\/li>\n<li><a href=\"http:\/\/www.toolsforeducators.com\/wordsearch\/\" target=\"_blank\">Crear sopas de letras por temas con im\u00e1genes<\/a><\/li>\n<li><a href=\"https:\/\/www.worksheetworks.com\/puzzles\/wordsearch.html\" target=\"_blank\">Crear sopas de letras con distintos tipos de letras<\/a><\/li>\n<li><a href=\"http:\/\/www.toolsforeducators.com\/crossword\/crosswordmaker.php?p=&amp;to=1\" target=\"_blank\">Crear Crucigramas<\/a><\/li>\n<li><a href=\"http:\/\/www.toolsforeducators.com\/crossword\/\" target=\"_blank\">Crear crucigramas tem\u00e1ticos con im\u00e1genes<\/a><\/li>\n<li><a href=\"http:\/\/puzzlemaker.discoveryeducation.com\/DoublePuzzleSetupForm.asp\" target=\"_blank\">Crear crucidoble<\/a><\/li>\n<li><a href=\"http:\/\/www.olesur.com\/educacion\/fuga-de-palabras.asp\" target=\"_blank\">Generar textos con palabras \u00aba la fuga\u00bb<\/a><\/li>\n<li><a href=\"http:\/\/puzzlemaker.discoveryeducation.com\/cryptogramSetupForm.asp\">Crear criptogramas<\/a><\/li>\n<li><a href=\"http:\/\/www.toolsforeducators.com\/bingo\/\" target=\"_blank\">Crear bingos tem\u00e1ticos I<\/a><\/li>\n<li><a href=\"http:\/\/www.dltk-cards.com\/bingo\/\" target=\"_blank\">Crear bingos tem\u00e1ticos II<\/a><\/li>\n<li><a href=\"http:\/\/www.dltk-cards.com\/dominos\/index.htm\" target=\"_blank\">Crear domin\u00f3s tem\u00e1ticos de im\u00e1genes I<\/a><\/li>\n<li><a href=\"http:\/\/www.toolsforeducators.com\/dominoes\/\" target=\"_blank\">Crear domin\u00f3s tem\u00e1ticos de im\u00e1genes II<\/a><\/li>\n<li><a href=\"http:\/\/www.toolsforeducators.com\/dice\/\" target=\"_blank\">Dados tem\u00e1ticos para construir<\/a><\/li>\n<li><a href=\"http:\/\/www.toolsforeducators.com\/boardgames\/\" target=\"_blank\">Crear juegos de tablero tem\u00e1ticos I<\/a><\/li>\n<li><a href=\"http:\/\/www.toolsforeducators.com\/bouncearound\/animals2.php\" target=\"_blank\">Crear juegos de tablero tem\u00e1ticos II<\/a><\/li>\n<li><a href=\"http:\/\/www.dltk-cards.com\/memory\/index.htm\" target=\"_blank\">Crear tarjetas de memoria<\/a><\/li>\n<li><a href=\"http:\/\/www.toolsforeducators.com\/spaghettistring\/\" target=\"_blank\">Crear fichas para unir palabras e im\u00e1genes<\/a><\/li>\n<\/ol><\/li><li class=\"tab-pane \" id=\"ert_pane2-2\"><ol>\n<li><a href=\"http:\/\/www.flamingtext.com\/imagebot\/editor\" target=\"_blank\">Imagebot<\/a><\/li>\n<li><a href=\"https:\/\/www.sumopaint.com\/home\/#app\" target=\"_blank\">Sumopaint<\/a><\/li>\n<li><a href=\"https:\/\/es.cooltext.com\/\" target=\"_blank\">CoolText<\/a><\/li>\n<li><a href=\"http:\/\/www.typographyeditor.com\/\" target=\"_blank\">Editor de tipograf\u00edas<\/a><\/li>\n<\/ol><\/li><li class=\"tab-pane \" id=\"ert_pane2-3\"><ol>\n<li><a href=\"http:\/\/www.toonytool.com\/\" target=\"_blank\">ToonyTool<\/a><\/li>\n<\/ol><\/li><li class=\"tab-pane \" id=\"ert_pane2-4\"><ol>\n<li><a href=\"http:\/\/blogsaverroes.juntadeandalucia.es\/aulatic\/metronomo\/\">Metr\u00f3nomo<\/a><\/li>\n<\/ol><\/li><li class=\"tab-pane \" id=\"ert_pane2-5\"><ol>\n<li><a href=\"http:\/\/www.olesur.com\/educacion\/busqueda-de-simbolos.asp\" target=\"_blank\">Buscar s\u00edmbolos<\/a><\/li>\n<li><a href=\"http:\/\/laberintos.onlinegratis.tv\/generador-laberinto-para-imprimir\/\" target=\"_blank\">Crear laberintos<\/a><\/li>\n<li><a href=\"https:\/\/www.worksheetworks.com\/puzzles\/mazes.html\" target=\"_blank\">Laberintos m\u00e1gicos<\/a><\/li>\n<li><a href=\"http:\/\/www.toolsforeducators.com\/mazes\/\" target=\"_blank\">Laberintos tem\u00e1ticos con im\u00e1genes<\/a><\/li>\n<li><a href=\"http:\/\/puzzlemaker.discoveryeducation.com\/AdvMazeSetupForm.asp\" target=\"_blank\">Laberintos configurables<\/a><\/li>\n<li><a href=\"https:\/\/xefer.com\/maze-generator\" target=\"_blank\">Laberintos simples<\/a><\/li>\n<li><a href=\"http:\/\/www.olesur.com\/educacion\/series-graficas.asp\" target=\"_blank\">Crear series gr\u00e1ficas<\/a><\/li>\n<li><a href=\"http:\/\/www.olesur.com\/educacion\/copiar-simbolos.asp?enviar=Crear\" target=\"_blank\">Copiar s\u00edmbolos<\/a><\/li>\n<\/ol><\/li><\/ul><\/div><\/div>\n<div id=\"SL_balloon_obj\"><\/div>\n","protected":false},"excerpt":{"rendered":"<p>&nbsp; &nbsp;<\/p>\n","protected":false},"author":2280,"featured_media":0,"parent":0,"menu_order":0,"comment_status":"open","ping_status":"open","template":"page-scs.php","meta":{"ngg_post_thumbnail":0,"footnotes":""},"aioseo_notices":[],"_links":{"self":[{"href":"https:\/\/blogsaverroes.juntadeandalucia.es\/aulatic\/wp-json\/wp\/v2\/pages\/285"}],"collection":[{"href":"https:\/\/blogsaverroes.juntadeandalucia.es\/aulatic\/wp-json\/wp\/v2\/pages"}],"about":[{"href":"https:\/\/blogsaverroes.juntadeandalucia.es\/aulatic\/wp-json\/wp\/v2\/types\/page"}],"author":[{"embeddable":true,"href":"https:\/\/blogsaverroes.juntadeandalucia.es\/aulatic\/wp-json\/wp\/v2\/users\/2280"}],"replies":[{"embeddable":true,"href":"https:\/\/blogsaverroes.juntadeandalucia.es\/aulatic\/wp-json\/wp\/v2\/comments?post=285"}],"version-history":[{"count":51,"href":"https:\/\/blogsaverroes.juntadeandalucia.es\/aulatic\/wp-json\/wp\/v2\/pages\/285\/revisions"}],"predecessor-version":[{"id":800,"href":"https:\/\/blogsaverroes.juntadeandalucia.es\/aulatic\/wp-json\/wp\/v2\/pages\/285\/revisions\/800"}],"wp:attachment":[{"href":"https:\/\/blogsaverroes.juntadeandalucia.es\/aulatic\/wp-json\/wp\/v2\/media?parent=285"}],"curies":[{"name":"wp","href":"https:\/\/api.w.org\/{rel}","templated":true}]}}