{"id":21,"date":"2015-03-24T20:09:45","date_gmt":"2015-03-24T18:09:45","guid":{"rendered":"http:\/\/blogsaverroes.juntadeandalucia.es\/auroramorenoapsd\/?page_id=21"},"modified":"2015-04-19T20:33:37","modified_gmt":"2015-04-19T18:33:37","slug":"atencion-higienica","status":"publish","type":"page","link":"https:\/\/blogsaverroes.juntadeandalucia.es\/auroramorenoapsd\/atencion-higienica\/","title":{"rendered":"Atenci\u00f3n Higi\u00e9nica"},"content":{"rendered":"<p>Este m\u00f3dulo tiene por finalidad:<\/p>\n<p>&#8211; Aplicar procedimientos de limpieza, desinfecci\u00f3n y esterilizaci\u00f3n a materiales e instrumentos de uso com\u00fan en la atenci\u00f3n sanitaria.<\/p>\n<p>&#8211; Efectuar las diferentes t\u00e9cnicas de preparaci\u00f3n y apertura de la cama, manteniendo las condiciones higi\u00e9nico- sanitarias que debe de cumplir el entorno de los usuarios, para favorecer el descanso y el sue\u00f1o.<\/p>\n<p>&#8211; Adaptar y aplicar las t\u00e9cnicas de higiene personal en funci\u00f3n de las caracter\u00edsticas de las personas dependientes.<\/p>\n<p>&#8211; Explicar los procesos de recogida de muestras cl\u00ednicas, y analizar los procedimientos de control\/prevenci\u00f3n de infecciones.<\/p>\n","protected":false},"excerpt":{"rendered":"<p>Este m\u00f3dulo tiene por finalidad: &#8211; Aplicar procedimientos de limpieza, desinfecci\u00f3n y esterilizaci\u00f3n a materiales e instrumentos de uso com\u00fan en la atenci\u00f3n sanitaria. &#8211; Efectuar las diferentes t\u00e9cnicas de preparaci\u00f3n y apertura de la cama, manteniendo las condiciones higi\u00e9nico- sanitarias que debe de cumplir el entorno de los usuarios, para favorecer el descanso y &hellip; <a href=\"https:\/\/blogsaverroes.juntadeandalucia.es\/auroramorenoapsd\/atencion-higienica\/\" class=\"more-link\">Seguir leyendo <span class=\"screen-reader-text\">Atenci\u00f3n Higi\u00e9nica<\/span> <span class=\"meta-nav\">&rarr;<\/span><\/a><\/p>\n","protected":false},"author":1615,"featured_media":0,"parent":0,"menu_order":0,"comment_status":"closed","ping_status":"closed","template":"","meta":{"ngg_post_thumbnail":0,"footnotes":""},"aioseo_notices":[],"_links":{"self":[{"href":"https:\/\/blogsaverroes.juntadeandalucia.es\/auroramorenoapsd\/wp-json\/wp\/v2\/pages\/21"}],"collection":[{"href":"https:\/\/blogsaverroes.juntadeandalucia.es\/auroramorenoapsd\/wp-json\/wp\/v2\/pages"}],"about":[{"href":"https:\/\/blogsaverroes.juntadeandalucia.es\/auroramorenoapsd\/wp-json\/wp\/v2\/types\/page"}],"author":[{"embeddable":true,"href":"https:\/\/blogsaverroes.juntadeandalucia.es\/auroramorenoapsd\/wp-json\/wp\/v2\/users\/1615"}],"replies":[{"embeddable":true,"href":"https:\/\/blogsaverroes.juntadeandalucia.es\/auroramorenoapsd\/wp-json\/wp\/v2\/comments?post=21"}],"version-history":[{"count":1,"href":"https:\/\/blogsaverroes.juntadeandalucia.es\/auroramorenoapsd\/wp-json\/wp\/v2\/pages\/21\/revisions"}],"predecessor-version":[{"id":22,"href":"https:\/\/blogsaverroes.juntadeandalucia.es\/auroramorenoapsd\/wp-json\/wp\/v2\/pages\/21\/revisions\/22"}],"wp:attachment":[{"href":"https:\/\/blogsaverroes.juntadeandalucia.es\/auroramorenoapsd\/wp-json\/wp\/v2\/media?parent=21"}],"curies":[{"name":"wp","href":"https:\/\/api.w.org\/{rel}","templated":true}]}}