{"id":111,"date":"2024-02-03T20:05:55","date_gmt":"2024-02-03T20:05:55","guid":{"rendered":"https:\/\/blogsaverroes.juntadeandalucia.es\/aznal3ciclo\/?page_id=111"},"modified":"2024-05-16T11:32:32","modified_gmt":"2024-05-16T11:32:32","slug":"mates","status":"publish","type":"page","link":"https:\/\/blogsaverroes.juntadeandalucia.es\/aznal3ciclo\/mates\/","title":{"rendered":"Mates"},"content":{"rendered":"<p><span style=\"font-size: 36pt;color: #ff00ff\"><strong>UNIDADES DE CAPACIDAD<\/strong><\/span><\/p>\n<p><iframe loading=\"lazy\" src=\"\/\/www.youtube.com\/embed\/2DTk0jtpiGU?si=f1Lo1JAgYtRf3MHa\" width=\"560\" height=\"315\" frameborder=\"0\"><\/iframe><\/p>\n<p><iframe loading=\"lazy\" src=\"https:\/\/wordwall.net\/es\/embed\/8239726dbcf5450a8b73fd6b441e3fd6?themeId=1&amp;templateId=5&amp;fontStackId=0\" width=\"500\" height=\"380\" frameborder=\"0\"><\/iframe><\/p>\n<p>&nbsp;<\/p>\n<p><span style=\"color: #ff0000;font-size: 24pt\"><strong>LAS UNIDADES DE MASA<\/strong><\/span><\/p>\n<p><strong>EL GRAMO Y EL KIL\u00d3GRAMO<\/strong><\/p>\n<p><iframe loading=\"lazy\" src=\"\/\/www.youtube.com\/embed\/-eDvmHS69Bk?si=aRan8TyF8UFAWJg1\" width=\"560\" height=\"315\" frameborder=\"0\"><\/iframe><\/p>\n<p><iframe loading=\"lazy\" src=\"https:\/\/wordwall.net\/es\/embed\/57e0c6a3a1d14c16be2afba057e008bb?themeId=21&amp;templateId=69&amp;fontStackId=0\" width=\"500\" height=\"380\" frameborder=\"0\"><\/iframe><\/p>\n<p><iframe loading=\"lazy\" src=\"https:\/\/drive.google.com\/file\/d\/1wSob8S5qkG87DKSzSESEyM_bjWoscJSH\/preview\" width=\"640\" height=\"480\"><\/iframe><\/p>\n<p>&nbsp;<\/p>\n<p style=\"text-align: center\"><span style=\"color: #ff0000;font-size: 24pt\"><strong>LAS UNIDADES DE LONGITUD<\/strong><\/span><\/p>\n<p><span style=\"font-size: 18pt\"><strong>EL CENT\u00cdMETRO Y EL METRO<\/strong><\/span><\/p>\n<p><iframe loading=\"lazy\" src=\"\/\/www.youtube.com\/embed\/bxm3IMxUKZM?si=52nRtDubImdnBaab\" width=\"560\" height=\"315\" frameborder=\"0\"><\/iframe><\/p>\n<p><iframe loading=\"lazy\" src=\"https:\/\/wordwall.net\/es\/embed\/28b7fcd22c874dc7a866a22c1353f1c5?themeId=23&amp;templateId=49&amp;fontStackId=0\" width=\"500\" height=\"380\" frameborder=\"0\"><\/iframe><\/p>\n<p><iframe loading=\"lazy\" src=\"https:\/\/drive.google.com\/file\/d\/1mUQsQKLzEEWfkYHP5drFAxXyOKoFPiPl\/preview\" width=\"640\" height=\"480\"><\/iframe><\/p>\n<p><span style=\"font-size: 18pt\"><strong>EL MIL\u00cdMETRO<\/strong><\/span><\/p>\n<p><iframe loading=\"lazy\" src=\"\/\/www.youtube.com\/embed\/buqFqwlXvFU?si=YQlqIbLfqNVyxJkU\" width=\"560\" height=\"315\" frameborder=\"0\"><\/iframe><\/p>\n<p><iframe loading=\"lazy\" src=\"https:\/\/wordwall.net\/es\/embed\/709d9a7e6b984b238992db078e5ab34d?themeId=21&amp;templateId=69&amp;fontStackId=0\" width=\"500\" height=\"380\" frameborder=\"0\"><\/iframe><\/p>\n<p><iframe loading=\"lazy\" src=\"https:\/\/drive.google.com\/file\/d\/1V_IbWcv8jgqihas1SmHD22QYpXhhCrfF\/preview\" width=\"640\" height=\"480\"><\/iframe><\/p>\n<p>&nbsp;<\/p>\n<p><span style=\"font-size: 18pt\"><strong>EL KIL\u00d3METRO<\/strong><\/span><\/p>\n<p><iframe loading=\"lazy\" src=\"\/\/www.youtube.com\/embed\/H6I0cW1XDXk?si=msU_vb5_8QDnIK4l\" width=\"560\" height=\"315\" frameborder=\"0\"><\/iframe><\/p>\n<p><iframe loading=\"lazy\" src=\"https:\/\/wordwall.net\/es\/embed\/d03247b7fee648029b2cc44c687e721c?themeId=1&amp;templateId=5&amp;fontStackId=0\" width=\"500\" height=\"380\" frameborder=\"0\"><\/iframe><\/p>\n<p><iframe loading=\"lazy\" src=\"https:\/\/drive.google.com\/file\/d\/1w6nLkTgBAOnpWaAk71kXkMwnUMsDeEyo\/preview\" width=\"640\" height=\"480\"><\/iframe><\/p>\n<p><span style=\"font-size: 24pt\"><strong>PROBLEMAS CON UNIDADES DE LONGITUD<\/strong><\/span><\/p>\n<p><iframe loading=\"lazy\" src=\"https:\/\/drive.google.com\/file\/d\/1BLfAjA0ZrZFusLiTlUrmeVR7X7jJncR4\/preview\" width=\"640\" height=\"480\"><\/iframe><\/p>\n<p>&nbsp;<\/p>\n<p>&nbsp;<\/p>\n","protected":false},"excerpt":{"rendered":"<p>UNIDADES DE CAPACIDAD &nbsp; LAS UNIDADES DE MASA EL GRAMO Y EL KIL\u00d3GRAMO &nbsp; LAS UNIDADES DE LONGITUD EL CENT\u00cdMETRO Y EL METRO EL MIL\u00cdMETRO &nbsp; EL KIL\u00d3METRO PROBLEMAS CON UNIDADES DE LONGITUD &nbsp;&#46;&#46;&#46;<\/p>\n","protected":false},"author":10549,"featured_media":0,"parent":0,"menu_order":0,"comment_status":"closed","ping_status":"closed","template":"","meta":{"ngg_post_thumbnail":0,"footnotes":""},"aioseo_notices":[],"_links":{"self":[{"href":"https:\/\/blogsaverroes.juntadeandalucia.es\/aznal3ciclo\/wp-json\/wp\/v2\/pages\/111"}],"collection":[{"href":"https:\/\/blogsaverroes.juntadeandalucia.es\/aznal3ciclo\/wp-json\/wp\/v2\/pages"}],"about":[{"href":"https:\/\/blogsaverroes.juntadeandalucia.es\/aznal3ciclo\/wp-json\/wp\/v2\/types\/page"}],"author":[{"embeddable":true,"href":"https:\/\/blogsaverroes.juntadeandalucia.es\/aznal3ciclo\/wp-json\/wp\/v2\/users\/10549"}],"replies":[{"embeddable":true,"href":"https:\/\/blogsaverroes.juntadeandalucia.es\/aznal3ciclo\/wp-json\/wp\/v2\/comments?post=111"}],"version-history":[{"count":7,"href":"https:\/\/blogsaverroes.juntadeandalucia.es\/aznal3ciclo\/wp-json\/wp\/v2\/pages\/111\/revisions"}],"predecessor-version":[{"id":259,"href":"https:\/\/blogsaverroes.juntadeandalucia.es\/aznal3ciclo\/wp-json\/wp\/v2\/pages\/111\/revisions\/259"}],"wp:attachment":[{"href":"https:\/\/blogsaverroes.juntadeandalucia.es\/aznal3ciclo\/wp-json\/wp\/v2\/media?parent=111"}],"curies":[{"name":"wp","href":"https:\/\/api.w.org\/{rel}","templated":true}]}}