{"id":20,"date":"2022-12-22T22:08:37","date_gmt":"2022-12-22T22:08:37","guid":{"rendered":"https:\/\/blogsaverroes.juntadeandalucia.es\/aznal1ciclo\/?page_id=12"},"modified":"2024-04-10T11:15:52","modified_gmt":"2024-04-10T11:15:52","slug":"home","status":"publish","type":"page","link":"https:\/\/blogsaverroes.juntadeandalucia.es\/aznal3ciclo\/","title":{"rendered":"Home"},"content":{"rendered":"<p><span style=\"font-family: 'book antiqua', palatino, serif\">Este blog est\u00e1 realizado para los alumnos\/as de Tercero de Ed. Primaria del CEIP Nuestro Padre Jes\u00fas de Aznalc\u00e1zar.&nbsp;<\/span><\/p>\n<p>Este blog&nbsp; ayudar\u00e1 a los alumnos\/as a seguir trabajando en casa los contenidos de clase de forma l\u00fadica.<\/p>\n<p>Tambi\u00e9n incluiremos im\u00e1genes de otras actividades que realicemos en clase.<\/p>\n<p><span style=\"font-family: book antiqua, palatino, serif\">Las maestras B\u00e1rbara y Manoli<\/span><\/p>\n","protected":false},"excerpt":{"rendered":"<p>Este blog est\u00e1 realizado para los alumnos\/as de Tercero de Ed. Primaria del CEIP Nuestro Padre Jes\u00fas de Aznalc\u00e1zar.&nbsp; Este blog&nbsp; ayudar\u00e1 a los alumnos\/as a seguir trabajando en casa los contenidos de clase&#46;&#46;&#46;<\/p>\n","protected":false},"author":6694,"featured_media":0,"parent":0,"menu_order":0,"comment_status":"closed","ping_status":"closed","template":"","meta":{"ngg_post_thumbnail":0,"footnotes":""},"aioseo_notices":[],"_links":{"self":[{"href":"https:\/\/blogsaverroes.juntadeandalucia.es\/aznal3ciclo\/wp-json\/wp\/v2\/pages\/20"}],"collection":[{"href":"https:\/\/blogsaverroes.juntadeandalucia.es\/aznal3ciclo\/wp-json\/wp\/v2\/pages"}],"about":[{"href":"https:\/\/blogsaverroes.juntadeandalucia.es\/aznal3ciclo\/wp-json\/wp\/v2\/types\/page"}],"author":[{"embeddable":true,"href":"https:\/\/blogsaverroes.juntadeandalucia.es\/aznal3ciclo\/wp-json\/wp\/v2\/users\/6694"}],"replies":[{"embeddable":true,"href":"https:\/\/blogsaverroes.juntadeandalucia.es\/aznal3ciclo\/wp-json\/wp\/v2\/comments?post=20"}],"version-history":[{"count":3,"href":"https:\/\/blogsaverroes.juntadeandalucia.es\/aznal3ciclo\/wp-json\/wp\/v2\/pages\/20\/revisions"}],"predecessor-version":[{"id":229,"href":"https:\/\/blogsaverroes.juntadeandalucia.es\/aznal3ciclo\/wp-json\/wp\/v2\/pages\/20\/revisions\/229"}],"wp:attachment":[{"href":"https:\/\/blogsaverroes.juntadeandalucia.es\/aznal3ciclo\/wp-json\/wp\/v2\/media?parent=20"}],"curies":[{"name":"wp","href":"https:\/\/api.w.org\/{rel}","templated":true}]}}