{"id":19,"date":"2022-12-22T22:08:37","date_gmt":"2022-12-22T22:08:37","guid":{"rendered":"https:\/\/blogsaverroes.juntadeandalucia.es\/aznal1ciclo\/?page_id=12"},"modified":"2022-12-22T22:08:37","modified_gmt":"2022-12-22T22:08:37","slug":"home","status":"publish","type":"page","link":"https:\/\/blogsaverroes.juntadeandalucia.es\/aznal4primaria\/","title":{"rendered":"Home"},"content":{"rendered":"<p><span style=\"font-family: 'book antiqua', palatino, serif\">Esta web est\u00e1 realizada para los alumnos\/as del 1er Ciclo del CEIP Nuestro Padre Jes\u00fas de Aznalc\u00e1zar. en el men\u00fa izquierdo puedes acceder a cada uno de los cursos del ciclo.<\/span><\/p>\n<p><span style=\"font-family: 'book antiqua', palatino, serif\">Gracias al men\u00fa superior-derecha se puede acceder a la p\u00e1gina de actividades online y a informaciones varias del ciclo.<\/span><\/p>\n","protected":false},"excerpt":{"rendered":"<p>Esta web est\u00e1 realizada para los alumnos\/as del 1er Ciclo del CEIP Nuestro Padre Jes\u00fas de Aznalc\u00e1zar. en el men\u00fa izquierdo puedes acceder a cada uno de los cursos del ciclo. Gracias al men\u00fa superior-derecha se puede acceder a la p\u00e1gina de actividades online y a informaciones varias del ciclo.<\/p>\n","protected":false},"author":10549,"featured_media":0,"parent":0,"menu_order":0,"comment_status":"closed","ping_status":"closed","template":"","meta":{"ngg_post_thumbnail":0,"footnotes":""},"aioseo_notices":[],"_links":{"self":[{"href":"https:\/\/blogsaverroes.juntadeandalucia.es\/aznal4primaria\/wp-json\/wp\/v2\/pages\/19"}],"collection":[{"href":"https:\/\/blogsaverroes.juntadeandalucia.es\/aznal4primaria\/wp-json\/wp\/v2\/pages"}],"about":[{"href":"https:\/\/blogsaverroes.juntadeandalucia.es\/aznal4primaria\/wp-json\/wp\/v2\/types\/page"}],"author":[{"embeddable":true,"href":"https:\/\/blogsaverroes.juntadeandalucia.es\/aznal4primaria\/wp-json\/wp\/v2\/users\/10549"}],"replies":[{"embeddable":true,"href":"https:\/\/blogsaverroes.juntadeandalucia.es\/aznal4primaria\/wp-json\/wp\/v2\/comments?post=19"}],"version-history":[{"count":0,"href":"https:\/\/blogsaverroes.juntadeandalucia.es\/aznal4primaria\/wp-json\/wp\/v2\/pages\/19\/revisions"}],"wp:attachment":[{"href":"https:\/\/blogsaverroes.juntadeandalucia.es\/aznal4primaria\/wp-json\/wp\/v2\/media?parent=19"}],"curies":[{"name":"wp","href":"https:\/\/api.w.org\/{rel}","templated":true}]}}