{"id":28,"date":"2022-12-22T22:13:41","date_gmt":"2022-12-22T22:13:41","guid":{"rendered":"https:\/\/blogsaverroes.juntadeandalucia.es\/aznal1ciclo\/?page_id=18"},"modified":"2024-02-12T15:17:10","modified_gmt":"2024-02-12T15:17:10","slug":"areas","status":"publish","type":"page","link":"https:\/\/blogsaverroes.juntadeandalucia.es\/aznal5primaria\/areas\/","title":{"rendered":"\u00c1reas"},"content":{"rendered":"<p>&nbsp;<\/p>\n<table style=\"border-collapse: collapse;width: 100%\">\n<tbody>\n<tr>\n<td style=\"width: 50%;background-color: #f2e1e1\"><strong><span style=\"font-family: 'book antiqua', palatino, serif\">Lengua<\/span><\/strong><\/p>\n<p>&nbsp;<\/td>\n<td style=\"width: 50%;background-color: #d0e2f7\"><strong><span style=\"font-family: 'book antiqua', palatino, serif\">Matem\u00e1ticas<\/span><\/strong><\/p>\n<p>&nbsp;<\/td>\n<\/tr>\n<tr>\n<td style=\"width: 50%;background-color: #daf2e8\"><strong><span style=\"font-family: 'book antiqua', palatino, serif\">C. del Medio<\/span><\/strong><\/p>\n<p>&nbsp;<\/td>\n<td style=\"width: 50%;background-color: #dcdef5\"><strong><span style=\"font-family: 'book antiqua', palatino, serif\">Ingl\u00e9s<\/span><\/strong><\/p>\n<p>&nbsp;<\/td>\n<\/tr>\n<tr>\n<td style=\"width: 50%;background-color: #f2e2d0\"><strong><span style=\"font-family: 'book antiqua', palatino, serif\">Educaci\u00f3n F\u00edsica<\/span><\/strong><\/p>\n<p>&nbsp;<\/td>\n<td style=\"width: 50%;background-color: #f5f5d5\"><strong><span style=\"font-family: 'book antiqua', palatino, serif\">M\u00fasica<\/span><\/strong><\/p>\n<p>&nbsp;<\/td>\n<\/tr>\n<tr>\n<td style=\"width: 50%;background-color: #f3daf7\"><strong><span style=\"font-family: 'book antiqua', palatino, serif\">Pl\u00e1stica<\/span><\/strong><\/p>\n<p>&nbsp;<\/td>\n<td style=\"width: 50%;background-color: #1be0d7\"><strong><span style=\"font-family: 'book antiqua', palatino, serif\">Franc\u00e9s<\/span><\/strong><\/td>\n<\/tr>\n<\/tbody>\n<\/table>\n<p>&nbsp;<\/p>\n","protected":false},"excerpt":{"rendered":"<p>&nbsp; Lengua &nbsp; Matem\u00e1ticas &nbsp; C. del Medio &nbsp; Ingl\u00e9s &nbsp; Educaci\u00f3n F\u00edsica &nbsp; M\u00fasica &nbsp; Pl\u00e1stica &nbsp; Franc\u00e9s &nbsp;<\/p>\n","protected":false},"author":10549,"featured_media":0,"parent":0,"menu_order":0,"comment_status":"closed","ping_status":"closed","template":"","meta":{"ngg_post_thumbnail":0,"footnotes":""},"aioseo_notices":[],"_links":{"self":[{"href":"https:\/\/blogsaverroes.juntadeandalucia.es\/aznal5primaria\/wp-json\/wp\/v2\/pages\/28"}],"collection":[{"href":"https:\/\/blogsaverroes.juntadeandalucia.es\/aznal5primaria\/wp-json\/wp\/v2\/pages"}],"about":[{"href":"https:\/\/blogsaverroes.juntadeandalucia.es\/aznal5primaria\/wp-json\/wp\/v2\/types\/page"}],"author":[{"embeddable":true,"href":"https:\/\/blogsaverroes.juntadeandalucia.es\/aznal5primaria\/wp-json\/wp\/v2\/users\/10549"}],"replies":[{"embeddable":true,"href":"https:\/\/blogsaverroes.juntadeandalucia.es\/aznal5primaria\/wp-json\/wp\/v2\/comments?post=28"}],"version-history":[{"count":2,"href":"https:\/\/blogsaverroes.juntadeandalucia.es\/aznal5primaria\/wp-json\/wp\/v2\/pages\/28\/revisions"}],"predecessor-version":[{"id":182,"href":"https:\/\/blogsaverroes.juntadeandalucia.es\/aznal5primaria\/wp-json\/wp\/v2\/pages\/28\/revisions\/182"}],"wp:attachment":[{"href":"https:\/\/blogsaverroes.juntadeandalucia.es\/aznal5primaria\/wp-json\/wp\/v2\/media?parent=28"}],"curies":[{"name":"wp","href":"https:\/\/api.w.org\/{rel}","templated":true}]}}