{"id":20,"date":"2022-12-22T22:08:37","date_gmt":"2022-12-22T22:08:37","guid":{"rendered":"https:\/\/blogsaverroes.juntadeandalucia.es\/aznal1ciclo\/?page_id=12"},"modified":"2023-11-16T20:52:51","modified_gmt":"2023-11-16T20:52:51","slug":"home","status":"publish","type":"page","link":"https:\/\/blogsaverroes.juntadeandalucia.es\/aznalinfantilciclo\/","title":{"rendered":"Home"},"content":{"rendered":"<p><span style=\"font-family: 'book antiqua', palatino, serif\">Esta web est\u00e1 realizada para los alumnos\/as de Ed. Infantil de Nuestro Padre Jes\u00fas de Aznalc\u00e1zar. En el men\u00fa izquierdo puedes acceder a los diferentes cursos.<\/span><\/p>\n<p><span style=\"font-family: 'book antiqua', palatino, serif\">Gracias al men\u00fa superior-derecha se puede acceder a la p\u00e1gina de actividades online y a informaciones varias.<\/span><\/p>\n","protected":false},"excerpt":{"rendered":"<p>Esta web est\u00e1 realizada para los alumnos\/as de Ed. Infantil de Nuestro Padre Jes\u00fas de Aznalc\u00e1zar. En el men\u00fa izquierdo puedes acceder a los diferentes cursos. Gracias al men\u00fa superior-derecha se puede acceder a la p\u00e1gina de actividades online y a informaciones varias.<\/p>\n","protected":false},"author":6694,"featured_media":0,"parent":0,"menu_order":0,"comment_status":"closed","ping_status":"closed","template":"","meta":{"ngg_post_thumbnail":0,"footnotes":""},"aioseo_notices":[],"_links":{"self":[{"href":"https:\/\/blogsaverroes.juntadeandalucia.es\/aznalinfantilciclo\/wp-json\/wp\/v2\/pages\/20"}],"collection":[{"href":"https:\/\/blogsaverroes.juntadeandalucia.es\/aznalinfantilciclo\/wp-json\/wp\/v2\/pages"}],"about":[{"href":"https:\/\/blogsaverroes.juntadeandalucia.es\/aznalinfantilciclo\/wp-json\/wp\/v2\/types\/page"}],"author":[{"embeddable":true,"href":"https:\/\/blogsaverroes.juntadeandalucia.es\/aznalinfantilciclo\/wp-json\/wp\/v2\/users\/6694"}],"replies":[{"embeddable":true,"href":"https:\/\/blogsaverroes.juntadeandalucia.es\/aznalinfantilciclo\/wp-json\/wp\/v2\/comments?post=20"}],"version-history":[{"count":2,"href":"https:\/\/blogsaverroes.juntadeandalucia.es\/aznalinfantilciclo\/wp-json\/wp\/v2\/pages\/20\/revisions"}],"predecessor-version":[{"id":78,"href":"https:\/\/blogsaverroes.juntadeandalucia.es\/aznalinfantilciclo\/wp-json\/wp\/v2\/pages\/20\/revisions\/78"}],"wp:attachment":[{"href":"https:\/\/blogsaverroes.juntadeandalucia.es\/aznalinfantilciclo\/wp-json\/wp\/v2\/media?parent=20"}],"curies":[{"name":"wp","href":"https:\/\/api.w.org\/{rel}","templated":true}]}}