{"id":60,"date":"2019-12-06T19:43:10","date_gmt":"2019-12-06T18:43:10","guid":{"rendered":"https:\/\/blogsaverroes.juntadeandalucia.es\/baacts\/?page_id=60"},"modified":"2021-11-24T18:41:19","modified_gmt":"2021-11-24T17:41:19","slug":"poland","status":"publish","type":"page","link":"https:\/\/blogsaverroes.juntadeandalucia.es\/baacts\/partners\/poland\/","title":{"rendered":"Poland"},"content":{"rendered":"<h1 style=\"text-align: center\"><span style=\"font-weight: 400;color: #000000\">Szko\u0142a Podstawowa im. Bohater\u00f3w Westerplatte w Bie\u0144kowicach<\/span><\/h1>\n<table style=\"width: 101.86975806451613%\">\n<tbody>\n<tr>\n<td style=\"width: 49.59871589085072%\"><img loading=\"lazy\" decoding=\"async\" class=\"size-medium wp-image-156 aligncenter\" src=\"https:\/\/blogsaverroes.juntadeandalucia.es\/baacts\/files\/2020\/02\/IMG_20191024_100651-300x225.jpg\" alt=\"\" width=\"300\" height=\"225\" srcset=\"https:\/\/blogsaverroes.juntadeandalucia.es\/baacts\/files\/2020\/02\/IMG_20191024_100651-300x225.jpg 300w, https:\/\/blogsaverroes.juntadeandalucia.es\/baacts\/files\/2020\/02\/IMG_20191024_100651-768x576.jpg 768w, https:\/\/blogsaverroes.juntadeandalucia.es\/baacts\/files\/2020\/02\/IMG_20191024_100651-1024x768.jpg 1024w, https:\/\/blogsaverroes.juntadeandalucia.es\/baacts\/files\/2020\/02\/IMG_20191024_100651-24x18.jpg 24w, https:\/\/blogsaverroes.juntadeandalucia.es\/baacts\/files\/2020\/02\/IMG_20191024_100651-36x27.jpg 36w, https:\/\/blogsaverroes.juntadeandalucia.es\/baacts\/files\/2020\/02\/IMG_20191024_100651-48x36.jpg 48w\" sizes=\"(max-width: 300px) 100vw, 300px\" \/>&nbsp;<\/td>\n<td style=\"width: 98.07383627608347%;text-align: center\"><a href=\"https:\/\/www.krzyzanowice.pl\/site\/strony\/4-informator\/20-jednostki-oswiatowe\/93-szkoly\/196-szkola-podstawowa-im--bohaterow-westerplatte-w-bienkowicach.html\"><img loading=\"lazy\" decoding=\"async\" class=\"size-medium wp-image-155 aligncenter\" style=\"color: #333333\" src=\"https:\/\/blogsaverroes.juntadeandalucia.es\/baacts\/files\/2020\/02\/IMG_20191024_100927-300x225.jpg\" alt=\"\" width=\"300\" height=\"225\" srcset=\"https:\/\/blogsaverroes.juntadeandalucia.es\/baacts\/files\/2020\/02\/IMG_20191024_100927-300x225.jpg 300w, https:\/\/blogsaverroes.juntadeandalucia.es\/baacts\/files\/2020\/02\/IMG_20191024_100927-768x576.jpg 768w, https:\/\/blogsaverroes.juntadeandalucia.es\/baacts\/files\/2020\/02\/IMG_20191024_100927-1024x768.jpg 1024w, https:\/\/blogsaverroes.juntadeandalucia.es\/baacts\/files\/2020\/02\/IMG_20191024_100927-24x18.jpg 24w, https:\/\/blogsaverroes.juntadeandalucia.es\/baacts\/files\/2020\/02\/IMG_20191024_100927-36x27.jpg 36w, https:\/\/blogsaverroes.juntadeandalucia.es\/baacts\/files\/2020\/02\/IMG_20191024_100927-48x36.jpg 48w\" sizes=\"(max-width: 300px) 100vw, 300px\" \/><\/a><\/td>\n<\/tr>\n<\/tbody>\n<\/table>\n<p style=\"text-align: center\"><a href=\"https:\/\/www.krzyzanowice.pl\/site\/strony\/4-informator\/20-jednostki-oswiatowe\/93-szkoly\/196-szkola-podstawowa-im--bohaterow-westerplatte-w-bienkowicach.html\"><br \/>\nhttps:\/\/www.krzyzanowice.pl\/site\/strony\/4-informator\/20-jednostki-oswiatowe\/93-szkoly\/196-szkola-podstawowa-im&#8211;bohaterow-westerplatte-w-bienkowicach.html<\/a><\/p>\n<p style=\"text-align: center\"><span style=\"font-weight: 400;font-size: 18pt;color: #000000\">Szko\u0142a Podstawowa im. Bohater\u00f3w Westerplatte w Bie\u0144kowicach is a primary school for students aged 7-15. There are currently 166 students on roll and 24 teachers. The school is in rural area far from big cities and close to the Czech Republic border. School is active especially in voluntary service. Voluntary Service Club \u00abZ sercem na d\u0142oni\u00bb has involved our students, teachers and parents alike in helping local organizations like \u00abPa\u0142ac R\u00f3\u017cany\u00bb for mentally disabled women since 2010. The Club also visits hospitals and helps to organize sport events in the district of Racib\u00f3rz. We annually arrange in our school meetings, festivals (\u00abFestiwal Pozytywnych Warto\u015bci\u00bb )and contests for disabled children. Our school was a coordinator of a Comenius project and also participated in several eTwinning projects.<\/span><\/p>\n<p style=\"text-align: center\"><span style=\"font-weight: 400;font-size: 18pt;color: #000000\">&nbsp;Although our Voluntary Service Club was created to support disabled in our neighbourhood we noticed that it also helps our students to develop virtues like caring and compassion and skills like problem-solving, teamwork. It also helps to gain knowledge about jobs in organizations taking care of disabled. We hope to share our experience with our partners. <\/span><\/p>\n<p>&nbsp;<\/p>\n","protected":false},"excerpt":{"rendered":"<p>Szko\u0142a Podstawowa im. Bohater\u00f3w Westerplatte w Bie\u0144kowicach &nbsp; https:\/\/www.krzyzanowice.pl\/site\/strony\/4-informator\/20-jednostki-oswiatowe\/93-szkoly\/196-szkola-podstawowa-im&#8211;bohaterow-westerplatte-w-bienkowicach.html Szko\u0142a Podstawowa im. Bohater\u00f3w Westerplatte w Bie\u0144kowicach is a primary school for students aged 7-15. There are currently 166 students on roll and 24 teachers.&#46;&#46;&#46;<\/p>\n","protected":false},"author":8031,"featured_media":0,"parent":54,"menu_order":0,"comment_status":"closed","ping_status":"closed","template":"","meta":{"ngg_post_thumbnail":0,"footnotes":""},"aioseo_notices":[],"_links":{"self":[{"href":"https:\/\/blogsaverroes.juntadeandalucia.es\/baacts\/wp-json\/wp\/v2\/pages\/60"}],"collection":[{"href":"https:\/\/blogsaverroes.juntadeandalucia.es\/baacts\/wp-json\/wp\/v2\/pages"}],"about":[{"href":"https:\/\/blogsaverroes.juntadeandalucia.es\/baacts\/wp-json\/wp\/v2\/types\/page"}],"author":[{"embeddable":true,"href":"https:\/\/blogsaverroes.juntadeandalucia.es\/baacts\/wp-json\/wp\/v2\/users\/8031"}],"replies":[{"embeddable":true,"href":"https:\/\/blogsaverroes.juntadeandalucia.es\/baacts\/wp-json\/wp\/v2\/comments?post=60"}],"version-history":[{"count":7,"href":"https:\/\/blogsaverroes.juntadeandalucia.es\/baacts\/wp-json\/wp\/v2\/pages\/60\/revisions"}],"predecessor-version":[{"id":658,"href":"https:\/\/blogsaverroes.juntadeandalucia.es\/baacts\/wp-json\/wp\/v2\/pages\/60\/revisions\/658"}],"up":[{"embeddable":true,"href":"https:\/\/blogsaverroes.juntadeandalucia.es\/baacts\/wp-json\/wp\/v2\/pages\/54"}],"wp:attachment":[{"href":"https:\/\/blogsaverroes.juntadeandalucia.es\/baacts\/wp-json\/wp\/v2\/media?parent=60"}],"curies":[{"name":"wp","href":"https:\/\/api.w.org\/{rel}","templated":true}]}}