{"id":11,"date":"2024-10-29T13:22:31","date_gmt":"2024-10-29T12:22:31","guid":{"rendered":"https:\/\/blogsaverroes.juntadeandalucia.es\/bacteriaskabilares\/?page_id=11"},"modified":"2024-11-05T13:00:58","modified_gmt":"2024-11-05T12:00:58","slug":"biomaestra","status":"publish","type":"page","link":"https:\/\/blogsaverroes.juntadeandalucia.es\/bacteriaskabilares\/biomaestra\/","title":{"rendered":"Biomaestra"},"content":{"rendered":"<p><span style=\"font-family: comic sans ms, sans-serif\">\u00a1\u00a1\u00a1\u00a1Hola querid@s alumn@s!!!!!!<\/span><\/p>\n<p>Soy Ascensi\u00f3n Fern\u00e1ndez y estoy aqu\u00ed para mejorar nuestro rendimiento en clase y poder trabajar de una forma distinta, el blog es un lugar en el que vamos a poder seguir las clases, vamos a publicar las actividades y resultados de nuestras situaciones de aprendizaje y lo m\u00e1s importante \u00a1\u00a1\u00a1Vamos a aprender much\u00edsima Biolog\u00eda!!!!!!<\/p>\n<p>BIENVENIDOS<\/p>\n<p>Para comenzar vamos a realizar este formulario:<\/p>\n<p><a href=\"https:\/\/forms.gle\/871o6ucHqW5sEKDr6\">https:\/\/forms.gle\/871o6ucHqW5sEKDr6<\/a><\/p>\n<p>&nbsp;<\/p>\n","protected":false},"excerpt":{"rendered":"<p>\u00a1\u00a1\u00a1\u00a1Hola querid@s alumn@s!!!!!! Soy Ascensi\u00f3n Fern\u00e1ndez y estoy aqu\u00ed para mejorar nuestro rendimiento en clase y poder trabajar de una forma distinta, el blog es un lugar en el que vamos a poder seguir las clases, vamos a publicar las actividades y&#46;&#46;&#46;<\/p>\n","protected":false},"author":20015,"featured_media":0,"parent":0,"menu_order":0,"comment_status":"closed","ping_status":"closed","template":"","meta":{"footnotes":""},"aioseo_notices":[],"_links":{"self":[{"href":"https:\/\/blogsaverroes.juntadeandalucia.es\/bacteriaskabilares\/wp-json\/wp\/v2\/pages\/11"}],"collection":[{"href":"https:\/\/blogsaverroes.juntadeandalucia.es\/bacteriaskabilares\/wp-json\/wp\/v2\/pages"}],"about":[{"href":"https:\/\/blogsaverroes.juntadeandalucia.es\/bacteriaskabilares\/wp-json\/wp\/v2\/types\/page"}],"author":[{"embeddable":true,"href":"https:\/\/blogsaverroes.juntadeandalucia.es\/bacteriaskabilares\/wp-json\/wp\/v2\/users\/20015"}],"replies":[{"embeddable":true,"href":"https:\/\/blogsaverroes.juntadeandalucia.es\/bacteriaskabilares\/wp-json\/wp\/v2\/comments?post=11"}],"version-history":[{"count":4,"href":"https:\/\/blogsaverroes.juntadeandalucia.es\/bacteriaskabilares\/wp-json\/wp\/v2\/pages\/11\/revisions"}],"predecessor-version":[{"id":43,"href":"https:\/\/blogsaverroes.juntadeandalucia.es\/bacteriaskabilares\/wp-json\/wp\/v2\/pages\/11\/revisions\/43"}],"wp:attachment":[{"href":"https:\/\/blogsaverroes.juntadeandalucia.es\/bacteriaskabilares\/wp-json\/wp\/v2\/media?parent=11"}],"curies":[{"name":"wp","href":"https:\/\/api.w.org\/{rel}","templated":true}]}}