{"id":2729,"date":"2013-08-28T09:55:21","date_gmt":"2013-08-28T09:55:21","guid":{"rendered":"http:\/\/www.educacionenmalaga.es\/becrea\/?page_id=2"},"modified":"2023-10-16T09:09:36","modified_gmt":"2023-10-16T07:09:36","slug":"pagina-ejemplo-2","status":"publish","type":"page","link":"https:\/\/blogsaverroes.juntadeandalucia.es\/becreadelegacionmalaga\/pagina-ejemplo-2\/","title":{"rendered":"Plataforma de la red profesional BECREA"},"content":{"rendered":"<p><img loading=\"lazy\" decoding=\"async\" class=\"aligncenter size-full wp-image-4222\" style=\"text-align: center\" src=\"https:\/\/blogsaverroes.juntadeandalucia.es\/becreadelegacionmalaga\/files\/2022\/09\/CABECERAS-RAQUEL.png\" alt=\"\" width=\"2000\" height=\"500\" srcset=\"https:\/\/blogsaverroes.juntadeandalucia.es\/becreadelegacionmalaga\/files\/2022\/09\/CABECERAS-RAQUEL.png 2000w, https:\/\/blogsaverroes.juntadeandalucia.es\/becreadelegacionmalaga\/files\/2022\/09\/CABECERAS-RAQUEL-300x75.png 300w, https:\/\/blogsaverroes.juntadeandalucia.es\/becreadelegacionmalaga\/files\/2022\/09\/CABECERAS-RAQUEL-1024x256.png 1024w, https:\/\/blogsaverroes.juntadeandalucia.es\/becreadelegacionmalaga\/files\/2022\/09\/CABECERAS-RAQUEL-768x192.png 768w, https:\/\/blogsaverroes.juntadeandalucia.es\/becreadelegacionmalaga\/files\/2022\/09\/CABECERAS-RAQUEL-1536x384.png 1536w\" sizes=\"(max-width: 2000px) 100vw, 2000px\" \/><\/p>\n<p style=\"text-align: left\"><span style=\"font-size: medium\">L<\/span><span style=\"font-size: medium\">a <b>Red Profesional de Bibliotecas Escolares<\/b> de la provincia es la herra<\/span><span style=\"font-size: medium\">mienta y el referente principal de informaci\u00f3n, interconexi\u00f3n, apoyo, comunicaci\u00f3n, asesoramiento y colaboraci\u00f3n entre el profesorado responsable de las bibliotecas escolares de los centros educativos. <\/span><\/p>\n<p>&nbsp;<\/p>\n<p style=\"text-align: center\"><span style=\"font-size: medium\">Acceda a la red pulsando<a href=\"http:\/\/educacionadistancia.juntadeandalucia.es\/profesorado\/course\/view.php?id=689\" target=\"_blank\" rel=\"noopener noreferrer\"> AQU\u00cd<\/a><\/span><\/p>\n<p>&nbsp;<\/p>\n<p>Para auto-matricularse os hemos preparado el siguiente <a href=\"https:\/\/youtu.be\/5_1K7RkP0Os\">tutorial<\/a><\/p>\n<!--[if lt IE 9]><script>document.createElement('video');<\/script><![endif]-->\n\t<div class=\"wp-playlist wp-video-playlist wp-playlist-light\">\n\t\t<video controls=\"controls\" preload=\"none\" width=\"640\"\n\t\t height=\"360\"\t><\/video>\n\t<div class=\"wp-playlist-next\"><\/div>\n\t<div class=\"wp-playlist-prev\"><\/div>\n\t<noscript>\n\t<ol>\n\t\t<li><a href='https:\/\/blogsaverroes.juntadeandalucia.es\/becreadelegacionmalaga\/files\/2023\/10\/TUTORIAL-AUTOMATR\u00cdCULA-AVFP.mp4'>TUTORIAL AUTOMATR\u00cdCULA AVFP<\/a><\/li>\t<\/ol>\n\t<\/noscript>\n\t<script type=\"application\/json\" class=\"wp-playlist-script\">{\"type\":\"video\",\"tracklist\":true,\"tracknumbers\":true,\"images\":true,\"artists\":true,\"tracks\":[{\"src\":\"https:\\\/\\\/blogsaverroes.juntadeandalucia.es\\\/becreadelegacionmalaga\\\/files\\\/2023\\\/10\\\/TUTORIAL-AUTOMATR\\u00cdCULA-AVFP.mp4\",\"type\":\"video\\\/mp4\",\"title\":\"TUTORIAL AUTOMATR\\u00cdCULA AVFP\",\"caption\":\"\",\"description\":\"\",\"meta\":{\"length_formatted\":\"0:31\"},\"dimensions\":{\"original\":{\"width\":1920,\"height\":1080},\"resized\":{\"width\":640,\"height\":360}},\"image\":{\"src\":\"https:\\\/\\\/blogsaverroes.juntadeandalucia.es\\\/becreadelegacionmalaga\\\/wp-includes\\\/images\\\/media\\\/video.png\",\"width\":48,\"height\":64},\"thumb\":{\"src\":\"https:\\\/\\\/blogsaverroes.juntadeandalucia.es\\\/becreadelegacionmalaga\\\/wp-includes\\\/images\\\/media\\\/video.png\",\"width\":48,\"height\":64}}]}<\/script>\n<\/div>\n\t\n","protected":false},"excerpt":{"rendered":"<p>La Red Profesional de Bibliotecas Escolares de la provincia es la herramienta y el referente principal de informaci\u00f3n, interconexi\u00f3n, apoyo, comunicaci\u00f3n, asesoramiento y colaboraci\u00f3n entre el profesorado responsable de las bibliotecas escolares de los centros&#46;&#46;&#46;<\/p>\n","protected":false},"author":8078,"featured_media":0,"parent":0,"menu_order":0,"comment_status":"open","ping_status":"open","template":"","meta":{"ngg_post_thumbnail":0,"footnotes":""},"aioseo_notices":[],"post_mailing_queue_ids":[],"_links":{"self":[{"href":"https:\/\/blogsaverroes.juntadeandalucia.es\/becreadelegacionmalaga\/wp-json\/wp\/v2\/pages\/2729"}],"collection":[{"href":"https:\/\/blogsaverroes.juntadeandalucia.es\/becreadelegacionmalaga\/wp-json\/wp\/v2\/pages"}],"about":[{"href":"https:\/\/blogsaverroes.juntadeandalucia.es\/becreadelegacionmalaga\/wp-json\/wp\/v2\/types\/page"}],"author":[{"embeddable":true,"href":"https:\/\/blogsaverroes.juntadeandalucia.es\/becreadelegacionmalaga\/wp-json\/wp\/v2\/users\/8078"}],"replies":[{"embeddable":true,"href":"https:\/\/blogsaverroes.juntadeandalucia.es\/becreadelegacionmalaga\/wp-json\/wp\/v2\/comments?post=2729"}],"version-history":[{"count":5,"href":"https:\/\/blogsaverroes.juntadeandalucia.es\/becreadelegacionmalaga\/wp-json\/wp\/v2\/pages\/2729\/revisions"}],"predecessor-version":[{"id":4828,"href":"https:\/\/blogsaverroes.juntadeandalucia.es\/becreadelegacionmalaga\/wp-json\/wp\/v2\/pages\/2729\/revisions\/4828"}],"wp:attachment":[{"href":"https:\/\/blogsaverroes.juntadeandalucia.es\/becreadelegacionmalaga\/wp-json\/wp\/v2\/media?parent=2729"}],"curies":[{"name":"wp","href":"https:\/\/api.w.org\/{rel}","templated":true}]}}