{"id":2943,"date":"2020-09-18T13:44:53","date_gmt":"2020-09-18T11:44:53","guid":{"rendered":"https:\/\/blogsaverroes.juntadeandalucia.es\/becreadelegacionmalaga\/?page_id=2943"},"modified":"2024-09-17T10:30:46","modified_gmt":"2024-09-17T08:30:46","slug":"contacto","status":"publish","type":"page","link":"https:\/\/blogsaverroes.juntadeandalucia.es\/becreadelegacionmalaga\/contacto\/","title":{"rendered":"CONTACTO"},"content":{"rendered":"<p><strong>Para cualquier incidencia o informaci\u00f3n sobre los tr\u00e1mites administrativos derivados de la gesti\u00f3n en s\u00e9neca de las bibliotecas escolares, rogamos se pongan en contacto con la persona responsable de Bibliotecas Escolares en la Delegaci\u00f3n Territorial de M\u00e1laga.<\/strong><\/p>\n<p><a href=\"mailto:becrea.dpma.ced@juntadeandalucia.es\"><img loading=\"lazy\" decoding=\"async\" class=\"aligncenter wp-image-5139 size-full\" src=\"https:\/\/blogsaverroes.juntadeandalucia.es\/becreadelegacionmalaga\/files\/2024\/09\/FIRMA-CORREO-Y-TARJETA-DIGITAL.png\" alt=\"\" width=\"900\" height=\"450\" srcset=\"https:\/\/blogsaverroes.juntadeandalucia.es\/becreadelegacionmalaga\/files\/2024\/09\/FIRMA-CORREO-Y-TARJETA-DIGITAL.png 900w, https:\/\/blogsaverroes.juntadeandalucia.es\/becreadelegacionmalaga\/files\/2024\/09\/FIRMA-CORREO-Y-TARJETA-DIGITAL-300x150.png 300w, https:\/\/blogsaverroes.juntadeandalucia.es\/becreadelegacionmalaga\/files\/2024\/09\/FIRMA-CORREO-Y-TARJETA-DIGITAL-768x384.png 768w\" sizes=\"(max-width: 900px) 100vw, 900px\" \/><\/a><\/p>\n<p><strong>&nbsp;<\/strong><\/p>\n","protected":false},"excerpt":{"rendered":"<p>Para cualquier incidencia o informaci\u00f3n sobre los tr\u00e1mites administrativos derivados de la gesti\u00f3n en s\u00e9neca de las bibliotecas escolares, rogamos se pongan en contacto con la persona responsable de Bibliotecas Escolares en la Delegaci\u00f3n Territorial&#46;&#46;&#46;<\/p>\n","protected":false},"author":8078,"featured_media":4767,"parent":0,"menu_order":0,"comment_status":"closed","ping_status":"closed","template":"","meta":{"ngg_post_thumbnail":0,"footnotes":""},"aioseo_notices":[],"post_mailing_queue_ids":[],"_links":{"self":[{"href":"https:\/\/blogsaverroes.juntadeandalucia.es\/becreadelegacionmalaga\/wp-json\/wp\/v2\/pages\/2943"}],"collection":[{"href":"https:\/\/blogsaverroes.juntadeandalucia.es\/becreadelegacionmalaga\/wp-json\/wp\/v2\/pages"}],"about":[{"href":"https:\/\/blogsaverroes.juntadeandalucia.es\/becreadelegacionmalaga\/wp-json\/wp\/v2\/types\/page"}],"author":[{"embeddable":true,"href":"https:\/\/blogsaverroes.juntadeandalucia.es\/becreadelegacionmalaga\/wp-json\/wp\/v2\/users\/8078"}],"replies":[{"embeddable":true,"href":"https:\/\/blogsaverroes.juntadeandalucia.es\/becreadelegacionmalaga\/wp-json\/wp\/v2\/comments?post=2943"}],"version-history":[{"count":15,"href":"https:\/\/blogsaverroes.juntadeandalucia.es\/becreadelegacionmalaga\/wp-json\/wp\/v2\/pages\/2943\/revisions"}],"predecessor-version":[{"id":5141,"href":"https:\/\/blogsaverroes.juntadeandalucia.es\/becreadelegacionmalaga\/wp-json\/wp\/v2\/pages\/2943\/revisions\/5141"}],"wp:featuredmedia":[{"embeddable":true,"href":"https:\/\/blogsaverroes.juntadeandalucia.es\/becreadelegacionmalaga\/wp-json\/wp\/v2\/media\/4767"}],"wp:attachment":[{"href":"https:\/\/blogsaverroes.juntadeandalucia.es\/becreadelegacionmalaga\/wp-json\/wp\/v2\/media?parent=2943"}],"curies":[{"name":"wp","href":"https:\/\/api.w.org\/{rel}","templated":true}]}}