{"id":412,"date":"2014-02-14T10:51:44","date_gmt":"2014-02-14T10:51:44","guid":{"rendered":"http:\/\/www.educacionenmalaga.es\/becrea\/?page_id=412"},"modified":"2023-12-04T08:42:42","modified_gmt":"2023-12-04T07:42:42","slug":"biblioweb","status":"publish","type":"page","link":"https:\/\/blogsaverroes.juntadeandalucia.es\/becreadelegacionmalaga\/biblioweb\/","title":{"rendered":"BiblioWeb S\u00e9neca (BBS)"},"content":{"rendered":"<div class=\"mod-indent-outer w-100\">\n<div>\n<div class=\"contentwithoutlink \">\n<div class=\"no-overflow\">\n<div class=\"no-overflow\">\n<div><img loading=\"lazy\" decoding=\"async\" class=\"aligncenter size-full wp-image-4875\" src=\"https:\/\/blogsaverroes.juntadeandalucia.es\/becreadelegacionmalaga\/files\/2023\/12\/BBS_Logo.jpg\" alt=\"\" width=\"643\" height=\"196\" srcset=\"https:\/\/blogsaverroes.juntadeandalucia.es\/becreadelegacionmalaga\/files\/2023\/12\/BBS_Logo.jpg 643w, https:\/\/blogsaverroes.juntadeandalucia.es\/becreadelegacionmalaga\/files\/2023\/12\/BBS_Logo-300x91.jpg 300w\" sizes=\"(max-width: 643px) 100vw, 643px\" \/><\/div>\n<p>Os proporcionamos la informaci\u00f3n para la gesti\u00f3n de las bibliotecas escolares a trav\u00e9s de la plataforma <strong><u>Biblioweb S\u00e9neca<\/u><\/strong>. Nueva aplicaci\u00f3n integrada en S\u00e9neca y que ser\u00e1 la \u00fanica aplicaci\u00f3n recomendada para la gesti\u00f3n de las Bibliotecas Escolares en adelante. Si no ha usado anteriormente ninguna aplicaci\u00f3n, podr\u00e1 utilizarse siguiendo las instrucciones al respecto.<br \/>\nEncontrar\u00e1 informaci\u00f3n dedicada sobre c\u00f3mo actuar seg\u00fan la aplicaci\u00f3n desde la cual ha estado trabajando en cursos anteriores:&nbsp;&nbsp;<br \/>\n<strong><br \/>\n<\/strong><\/p>\n<\/div>\n<\/div>\n<\/div>\n<\/div>\n<\/div>\n<div class=\"mod-indent-outer w-100\">\n<div>\n<div class=\"contentwithoutlink \">\n<div class=\"no-overflow\">\n<div class=\"no-overflow\">\n<h4><span class=\"\" style=\"font-size: 14pt\"><strong><u>1. COMENZAR LA GESTI\u00d3N CON BIBLIOWEB-S\u00c9NECA(BBS) DESDE CERO:<\/u><\/strong><\/span><\/h4>\n<p>Se podr\u00e1n incorporar al m\u00f3dulo de Gesti\u00f3n de Bibliotecas Escolares de S\u00e9neca BBS, todos aquellos&nbsp;<strong>centros que no ten\u00edan informatizada la gesti\u00f3n de sus bibliotecas<\/strong>.<\/p>\n<p><strong>Todos los centro p\u00fablicos que lo deseen<\/strong>, pueden solicitarlo, no hay ninguna condici\u00f3n previa. Solicitar y poner en marcha el m\u00f3dulo BBS.<\/p>\n<p>En este caso, puesto que no hay que importar ninguna base de datos, basta con que el Director o Directora del centro asigne en S\u00e9neca los perfiles Bibliotecario\/a y Ayudante bibliotecario\/a al personal encargado de la gesti\u00f3n de la colecci\u00f3n (ya sea personal o no docente).&nbsp;<\/p>\n<p>Este personal cuenta desde su nuevo perfil con el&nbsp;<a href=\"https:\/\/www.juntadeandalucia.es\/educacion\/portals\/delegate\/content\/95d71720-b8ce-4dac-bca4-212458791b9b\/Gesti%C3%B3n%20de%20bibliotecas%20escolares.%20Manual%20de%20usuario.%20Versi%C3%B3n%201.8.%20Septiembre%202022\"><strong><u>Manual de usuario de Biblioweb S\u00e9neca<\/u><\/strong>&nbsp;<\/a>para ayudarle en los comienzos del desempe\u00f1o de la gesti\u00f3n, puedes descargarlo desde&nbsp;<strong>S\u00e9neca &#8211; Documentos<\/strong>.<\/p>\n<p>Y, adem\u00e1s, atenci\u00f3n a todo lo que se va publicando en esta web:<strong>&nbsp;Foros: V\u00eddeos, Manuales e Ideas Nuevas<\/strong><\/p>\n<\/div>\n<\/div>\n<\/div>\n<\/div>\n<\/div>\n<div class=\"mod-indent-outer w-100\">\n<div class=\"contentwithoutlink \">\n<div class=\"no-overflow\">\n<div class=\"no-overflow\">\n<h4>&nbsp;<\/h4>\n<h4><span style=\"font-size: 14pt\"><strong><span class=\"\"><u>2. YA TENGO BIBLIOWEB-S\u00c9NECA(BBS)APRENDO A USARLO<\/u><\/span><\/strong><\/span><\/h4>\n<\/div>\n<\/div>\n<\/div>\n<\/div>\n<div>\n<div class=\"contentafterlink\">\n<div class=\"no-overflow\">\n<div class=\"no-overflow\">\n<p dir=\"ltr\"><strong><span class=\"\">AQU\u00cd TIENES ACCESO A NUESTRA <\/span><\/strong><strong><span class=\"\">LISTA DE REPRODUCCI\u00d3N DE&nbsp; <\/span><\/strong><strong><span class=\"\">V\u00cdDEOS SOBRE C\u00d3MO USAR BBS&nbsp;&#8211;&nbsp;<\/span><\/strong><\/p>\n<\/div>\n<\/div>\n<\/div>\n<\/div>\n<div class=\"mod-indent-outer w-100\">\n<div>\n<h5><img loading=\"lazy\" decoding=\"async\" class=\"img-fluid atto_image_button_left\" style=\"font-size: 16px\" src=\"https:\/\/educacionadistancia.juntadeandalucia.es\/profesorado\/pluginfile.php\/1298571\/mod_page\/intro\/LOGOVIDEOSBBS.png\" alt=\"LOGOVIDEOSBBS\" width=\"645\" height=\"364\"><\/h5>\n<div class=\"activityinstance\">&nbsp;<\/div>\n<\/div>\n<div>\n<div id=\"yui_3_17_2_1_1664448667363_33\" class=\"box py-3 generalbox center clearfix\">\n<div id=\"yui_3_17_2_1_1664448667363_32\" class=\"no-overflow\">\n<h5><strong><span class=\"\">1 V\u00cdDEO-<em>&nbsp;INTRODUCCI\u00d3N A BBS :&nbsp;<\/em><\/span><\/strong><\/h5>\n<div class=\"mediaplugin mediaplugin_videojs d-block\">\n<div>\n<div id=\"id_videojs_63357884b4ad4_1\" class=\"video-js vjs-paused vjs-fluid id_videojs_63357884b4ad4_1-dimensions vjs-controls-enabled vjs-workinghover vjs-v7 vjs-user-active vjs-youtube\" lang=\"es\" title=\"M1 V1\" role=\"region\" data-setup-lazy=\"{&quot;techOrder&quot;: [&quot;youtube&quot;], &quot;sources&quot;: [{&quot;type&quot;: &quot;video\/youtube&quot;, &quot;src&quot;:&quot;https:\/\/www.youtube.com\/watch?v=VY53Ga3H4AY&amp;amp;list=PLJkk1L3HGsMlX9Ads6Sn_AfSPWeGEnTDY&amp;amp;index=5&amp;amp;t=334s&quot;}], &quot;youtube&quot;: {&quot;start&quot;: &quot;334&quot;}, &quot;language&quot;: &quot;es&quot;, &quot;fluid&quot;: true}\" aria-label=\"Reproductor de video\">\n<div><iframe loading=\"lazy\" src=\"https:\/\/www.youtube.com\/embed\/VY53Ga3H4AY?controls=0&amp;modestbranding=1&amp;rel=0&amp;showinfo=0&amp;loop=0&amp;fs=0&amp;hl=es&amp;start=334&amp;enablejsapi=1&amp;origin=https%3A%2F%2Feducacionadistancia.juntadeandalucia.es&amp;widgetid=1\" width=\"640\" height=\"360\" frameborder=\"0\"><\/iframe><\/div>\n<div class=\"vjs-poster\">&nbsp;<\/div>\n<div class=\"vjs-text-track-display\">&nbsp;<\/div>\n<p><button class=\"vjs-big-play-button\" title=\"Reproducir V\u00eddeo\" type=\"button\"><span class=\"vjs-control-text\">Reproducir V\u00eddeo<\/span><\/button><\/p>\n<\/div>\n<\/div>\n<\/div>\n<h5><strong><span class=\"\">&nbsp;<\/span><\/strong><\/h5>\n<h5><strong><span class=\"\">2 V\u00cdDEO-<em>&nbsp;CATALOGACI\u00d3N EN BBS :&nbsp;<\/em><\/span><\/strong><\/h5>\n<div class=\"mediaplugin mediaplugin_videojs d-block\">\n<div>\n<div id=\"id_videojs_63357884b4cab_2\" class=\"video-js vjs-paused vjs-fluid id_videojs_63357884b4cab_2-dimensions vjs-controls-enabled vjs-workinghover vjs-v7 vjs-user-active vjs-youtube\" lang=\"es\" title=\"M2 V1\" role=\"region\" data-setup-lazy=\"{&quot;techOrder&quot;: [&quot;youtube&quot;], &quot;sources&quot;: [{&quot;type&quot;: &quot;video\/youtube&quot;, &quot;src&quot;:&quot;https:\/\/www.youtube.com\/watch?v=W6B57veco6Q&amp;amp;list=PLJkk1L3HGsMlX9Ads6Sn_AfSPWeGEnTDY&amp;amp;index=4&quot;}], &quot;language&quot;: &quot;es&quot;, &quot;fluid&quot;: true}\" aria-label=\"Reproductor de video\">\n<div><iframe loading=\"lazy\" src=\"https:\/\/www.youtube.com\/embed\/W6B57veco6Q?controls=0&amp;modestbranding=1&amp;rel=0&amp;showinfo=0&amp;loop=0&amp;fs=0&amp;hl=es&amp;enablejsapi=1&amp;origin=https%3A%2F%2Feducacionadistancia.juntadeandalucia.es&amp;widgetid=2\" width=\"640\" height=\"360\" frameborder=\"0\"><\/iframe><\/div>\n<div class=\"vjs-poster\">&nbsp;<\/div>\n<div class=\"vjs-text-track-display\">&nbsp;<\/div>\n<p><button class=\"vjs-big-play-button\" title=\"Reproducir V\u00eddeo\" type=\"button\"><span class=\"vjs-control-text\">Reproducir V\u00eddeo<\/span><\/button><\/p>\n<\/div>\n<\/div>\n<\/div>\n<h5><strong><span class=\"\">3 V\u00cdDEO-<em>&nbsp;INPRESI\u00d3N DE TEJUELOS Y ETIQUETASE N&nbsp; BBS :&nbsp;<\/em><\/span><\/strong><\/h5>\n<div class=\"mediaplugin mediaplugin_videojs d-block\">\n<div>\n<div id=\"id_videojs_63357884b4de1_3\" class=\"video-js vjs-paused vjs-fluid id_videojs_63357884b4de1_3-dimensions vjs-controls-enabled vjs-workinghover vjs-v7 vjs-user-active vjs-youtube\" lang=\"es\" title=\"M2 V2\" role=\"region\" data-setup-lazy=\"{&quot;techOrder&quot;: [&quot;youtube&quot;], &quot;sources&quot;: [{&quot;type&quot;: &quot;video\/youtube&quot;, &quot;src&quot;:&quot;https:\/\/www.youtube.com\/watch?v=PieVQRBU73A&amp;amp;list=PLJkk1L3HGsMlX9Ads6Sn_AfSPWeGEnTDY&amp;amp;index=3&quot;}], &quot;language&quot;: &quot;es&quot;, &quot;fluid&quot;: true}\" aria-label=\"Reproductor de video\">\n<div><iframe loading=\"lazy\" src=\"https:\/\/www.youtube.com\/embed\/PieVQRBU73A?controls=0&amp;modestbranding=1&amp;rel=0&amp;showinfo=0&amp;loop=0&amp;fs=0&amp;hl=es&amp;enablejsapi=1&amp;origin=https%3A%2F%2Feducacionadistancia.juntadeandalucia.es&amp;widgetid=3\" width=\"640\" height=\"360\" frameborder=\"0\"><\/iframe><\/div>\n<div class=\"vjs-poster\">&nbsp;<\/div>\n<div class=\"vjs-text-track-display\">&nbsp;<\/div>\n<p><button class=\"vjs-big-play-button\" title=\"Reproducir V\u00eddeo\" type=\"button\"><span class=\"vjs-control-text\">Reproducir V\u00eddeo<\/span><\/button><\/p>\n<\/div>\n<\/div>\n<\/div>\n<h5><strong><span class=\"\">4 V\u00cdDEO-<em>&nbsp;LECTORES EN BBS :&nbsp;<\/em><\/span><\/strong><\/h5>\n<div class=\"mediaplugin mediaplugin_videojs d-block\">\n<div>\n<div id=\"id_videojs_63357884b4ef9_4\" class=\"video-js vjs-paused vjs-fluid id_videojs_63357884b4ef9_4-dimensions vjs-controls-enabled vjs-workinghover vjs-v7 vjs-user-active vjs-youtube\" lang=\"es\" title=\"M3 V1\" role=\"region\" data-setup-lazy=\"{&quot;techOrder&quot;: [&quot;youtube&quot;], &quot;sources&quot;: [{&quot;type&quot;: &quot;video\/youtube&quot;, &quot;src&quot;:&quot;https:\/\/www.youtube.com\/watch?v=VKms3_AQkxE&amp;amp;list=PLJkk1L3HGsMlX9Ads6Sn_AfSPWeGEnTDY&amp;amp;index=2&quot;}], &quot;language&quot;: &quot;es&quot;, &quot;fluid&quot;: true}\" aria-label=\"Reproductor de video\">\n<div><iframe loading=\"lazy\" src=\"https:\/\/www.youtube.com\/embed\/VKms3_AQkxE?controls=0&amp;modestbranding=1&amp;rel=0&amp;showinfo=0&amp;loop=0&amp;fs=0&amp;hl=es&amp;enablejsapi=1&amp;origin=https%3A%2F%2Feducacionadistancia.juntadeandalucia.es&amp;widgetid=4\" width=\"640\" height=\"360\" frameborder=\"0\"><\/iframe><\/div>\n<div class=\"vjs-poster\">&nbsp;<\/div>\n<div class=\"vjs-text-track-display\">&nbsp;<\/div>\n<p><button class=\"vjs-big-play-button\" title=\"Reproducir V\u00eddeo\" type=\"button\"><span class=\"vjs-control-text\">Reproducir V\u00eddeo<\/span><\/button><\/p>\n<\/div>\n<\/div>\n<\/div>\n<h5><strong><span class=\"\">5 V\u00cdDEO-<em>&nbsp;PR\u00c9STAMOS BBS :&nbsp;<\/em><\/span><\/strong><\/h5>\n<div class=\"mediaplugin mediaplugin_videojs d-block\">\n<div>\n<div id=\"id_videojs_63357884b5003_5\" class=\"video-js vjs-paused vjs-fluid id_videojs_63357884b5003_5-dimensions vjs-controls-enabled vjs-workinghover vjs-v7 vjs-user-active vjs-youtube\" lang=\"es\" title=\"M4 V1\" role=\"region\" data-setup-lazy=\"{&quot;techOrder&quot;: [&quot;youtube&quot;], &quot;sources&quot;: [{&quot;type&quot;: &quot;video\/youtube&quot;, &quot;src&quot;:&quot;https:\/\/www.youtube.com\/watch?v=0Mmt48c61Vk&amp;amp;list=PLJkk1L3HGsMlX9Ads6Sn_AfSPWeGEnTDY&amp;amp;index=1&quot;}], &quot;language&quot;: &quot;es&quot;, &quot;fluid&quot;: true}\" aria-label=\"Reproductor de video\">\n<div><iframe loading=\"lazy\" src=\"https:\/\/www.youtube.com\/embed\/0Mmt48c61Vk?controls=0&amp;modestbranding=1&amp;rel=0&amp;showinfo=0&amp;loop=0&amp;fs=0&amp;hl=es&amp;enablejsapi=1&amp;origin=https%3A%2F%2Feducacionadistancia.juntadeandalucia.es&amp;widgetid=5\" width=\"640\" height=\"360\" frameborder=\"0\"><\/iframe><\/div>\n<div class=\"vjs-poster\">&nbsp;<\/div>\n<div class=\"vjs-text-track-display\">&nbsp;<\/div>\n<p><button class=\"vjs-big-play-button\" title=\"Reproducir V\u00eddeo\" type=\"button\"><span class=\"vjs-control-text\">Reproducir V\u00eddeo<\/span><\/button><\/p>\n<\/div>\n<\/div>\n<\/div>\n<h5><strong><span class=\"\">6 V\u00cdDEO-<em>&nbsp;RESERVAS EN BBS :&nbsp;<\/em><\/span><\/strong><\/h5>\n<div class=\"mediaplugin mediaplugin_videojs d-block\">\n<div>\n<div id=\"id_videojs_63357884b5110_6\" class=\"video-js vjs-paused vjs-fluid id_videojs_63357884b5110_6-dimensions vjs-controls-enabled vjs-workinghover vjs-v7 vjs-user-active vjs-youtube\" lang=\"es\" title=\"M5 V1\" role=\"region\" data-setup-lazy=\"{&quot;techOrder&quot;: [&quot;youtube&quot;], &quot;sources&quot;: [{&quot;type&quot;: &quot;video\/youtube&quot;, &quot;src&quot;:&quot;https:\/\/www.youtube.com\/watch?v=xoGZgiQ1h8s&amp;amp;list=PLJkk1L3HGsMlX9Ads6Sn_AfSPWeGEnTDY&amp;amp;index=7&quot;}], &quot;language&quot;: &quot;es&quot;, &quot;fluid&quot;: true}\" aria-label=\"Reproductor de video\">\n<div><iframe loading=\"lazy\" src=\"https:\/\/www.youtube.com\/embed\/xoGZgiQ1h8s?controls=0&amp;modestbranding=1&amp;rel=0&amp;showinfo=0&amp;loop=0&amp;fs=0&amp;hl=es&amp;enablejsapi=1&amp;origin=https%3A%2F%2Feducacionadistancia.juntadeandalucia.es&amp;widgetid=6\" width=\"640\" height=\"360\" frameborder=\"0\"><\/iframe><\/div>\n<div class=\"vjs-poster\">&nbsp;<\/div>\n<div class=\"vjs-text-track-display\">&nbsp;<\/div>\n<p><button class=\"vjs-big-play-button\" title=\"Reproducir V\u00eddeo\" type=\"button\"><span class=\"vjs-control-text\">Reproducir V\u00eddeo<\/span><\/button><\/p>\n<\/div>\n<\/div>\n<\/div>\n<h5>&nbsp;<\/h5>\n<h5><strong><span class=\"\">&nbsp;<\/span><\/strong><\/h5>\n<h5><strong><span class=\"\">7 V\u00cdDEO-<em>&nbsp;DESIDERATAS EN&nbsp; BBS :&nbsp;<\/em><\/span><\/strong><\/h5>\n<div class=\"mediaplugin mediaplugin_videojs d-block\">\n<div>\n<div id=\"id_videojs_63357884b5238_7\" class=\"video-js vjs-paused vjs-fluid id_videojs_63357884b5238_7-dimensions vjs-controls-enabled vjs-workinghover vjs-v7 vjs-user-active vjs-youtube\" lang=\"es\" title=\"M6 V1\" role=\"region\" data-setup-lazy=\"{&quot;techOrder&quot;: [&quot;youtube&quot;], &quot;sources&quot;: [{&quot;type&quot;: &quot;video\/youtube&quot;, &quot;src&quot;:&quot;https:\/\/www.youtube.com\/watch?v=XVJTjc-W35E&amp;amp;list=PLJkk1L3HGsMlX9Ads6Sn_AfSPWeGEnTDY&amp;amp;index=6&quot;}], &quot;language&quot;: &quot;es&quot;, &quot;fluid&quot;: true}\" aria-label=\"Reproductor de video\">\n<div><iframe loading=\"lazy\" src=\"https:\/\/www.youtube.com\/embed\/XVJTjc-W35E?controls=0&amp;modestbranding=1&amp;rel=0&amp;showinfo=0&amp;loop=0&amp;fs=0&amp;hl=es&amp;enablejsapi=1&amp;origin=https%3A%2F%2Feducacionadistancia.juntadeandalucia.es&amp;widgetid=7\" width=\"640\" height=\"360\" frameborder=\"0\"><\/iframe><\/div>\n<div class=\"vjs-poster\">&nbsp;<\/div>\n<div class=\"vjs-text-track-display\">&nbsp;<\/div>\n<p><button class=\"vjs-big-play-button\" title=\"Reproducir V\u00eddeo\" type=\"button\"><span class=\"vjs-control-text\">Reproducir V\u00eddeo<\/span><\/button><\/p>\n<\/div>\n<\/div>\n<\/div>\n<h5><strong><span class=\"\">8 V\u00cdDEO-<em>&nbsp;ESTAD\u00cdSTICAS EN BBS :&nbsp;<\/em><\/span><\/strong><\/h5>\n<div class=\"mediaplugin mediaplugin_videojs d-block\">\n<div>\n<div id=\"id_videojs_63357884b52e6_8\" class=\"video-js vjs-paused vjs-fluid id_videojs_63357884b52e6_8-dimensions vjs-controls-enabled vjs-workinghover vjs-v7 vjs-user-active vjs-youtube\" lang=\"es\" title=\"M7 V1\" role=\"region\" data-setup-lazy=\"{&quot;techOrder&quot;: [&quot;youtube&quot;], &quot;sources&quot;: [{&quot;type&quot;: &quot;video\/youtube&quot;, &quot;src&quot;:&quot;https:\/\/www.youtube.com\/watch?v=QhAdEwWbPEo&amp;amp;list=PLJkk1L3HGsMlX9Ads6Sn_AfSPWeGEnTDY&amp;amp;index=8&quot;}], &quot;language&quot;: &quot;es&quot;, &quot;fluid&quot;: true}\" aria-label=\"Reproductor de video\">\n<div><iframe loading=\"lazy\" src=\"https:\/\/www.youtube.com\/embed\/QhAdEwWbPEo?controls=0&amp;modestbranding=1&amp;rel=0&amp;showinfo=0&amp;loop=0&amp;fs=0&amp;hl=es&amp;enablejsapi=1&amp;origin=https%3A%2F%2Feducacionadistancia.juntadeandalucia.es&amp;widgetid=8\" width=\"640\" height=\"360\" frameborder=\"0\"><\/iframe><\/div>\n<div class=\"vjs-poster\">&nbsp;<\/div>\n<div class=\"vjs-text-track-display\">&nbsp;<\/div>\n<p><button class=\"vjs-big-play-button\" title=\"Reproducir V\u00eddeo\" type=\"button\"><span class=\"vjs-control-text\">Reproducir V\u00eddeo<\/span><\/button><\/p>\n<\/div>\n<\/div>\n<\/div>\n<h5><strong><span class=\"\">9 V\u00cdDEO-<em>&nbsp;ZONA P\u00daBLICA DE BBS :&nbsp;<\/em><\/span><\/strong><\/h5>\n<div class=\"mediaplugin mediaplugin_videojs d-block\">\n<div>\n<div id=\"id_videojs_63357884b53b0_9\" class=\"video-js vjs-paused vjs-fluid id_videojs_63357884b53b0_9-dimensions vjs-controls-enabled vjs-workinghover vjs-v7 vjs-user-active vjs-youtube\" lang=\"es\" title=\"M8 V1\" role=\"region\" data-setup-lazy=\"{&quot;techOrder&quot;: [&quot;youtube&quot;], &quot;sources&quot;: [{&quot;type&quot;: &quot;video\/youtube&quot;, &quot;src&quot;:&quot;https:\/\/www.youtube.com\/watch?v=__JfGLTC6ks&amp;amp;list=PLJkk1L3HGsMlX9Ads6Sn_AfSPWeGEnTDY&amp;amp;index=10&quot;}], &quot;language&quot;: &quot;es&quot;, &quot;fluid&quot;: true}\" aria-label=\"Reproductor de video\">\n<div><iframe loading=\"lazy\" src=\"https:\/\/www.youtube.com\/embed\/__JfGLTC6ks?controls=0&amp;modestbranding=1&amp;rel=0&amp;showinfo=0&amp;loop=0&amp;fs=0&amp;hl=es&amp;enablejsapi=1&amp;origin=https%3A%2F%2Feducacionadistancia.juntadeandalucia.es&amp;widgetid=9\" width=\"640\" height=\"360\" frameborder=\"0\"><\/iframe><\/div>\n<div class=\"vjs-poster\">&nbsp;<\/div>\n<div class=\"vjs-text-track-display\">&nbsp;<\/div>\n<p><button class=\"vjs-big-play-button\" title=\"Reproducir V\u00eddeo\" type=\"button\"><span class=\"vjs-control-text\">Reproducir V\u00eddeo<\/span><\/button><\/p>\n<\/div>\n<\/div>\n<\/div>\n<h5><strong><span class=\"\">10 V\u00cdDEO-<em>&nbsp;FILTROS, TABL\u00d3N DE ANUNCIOS Y NOTICIAS DE BBS :&nbsp;<\/em><\/span><\/strong><\/h5>\n<div class=\"mediaplugin mediaplugin_videojs d-block\">\n<div>\n<div id=\"id_videojs_63357884b54bc_10\" class=\"video-js vjs-paused vjs-fluid id_videojs_63357884b54bc_10-dimensions vjs-controls-enabled vjs-workinghover vjs-v7 vjs-user-active vjs-youtube\" lang=\"es\" title=\"M9V1\" role=\"region\" data-setup-lazy=\"{&quot;techOrder&quot;: [&quot;youtube&quot;], &quot;sources&quot;: [{&quot;type&quot;: &quot;video\/youtube&quot;, &quot;src&quot;:&quot;https:\/\/www.youtube.com\/watch?v=-ef2clKARVg&amp;amp;list=PLJkk1L3HGsMlX9Ads6Sn_AfSPWeGEnTDY&amp;amp;index=9&quot;}], &quot;language&quot;: &quot;es&quot;, &quot;fluid&quot;: true}\" aria-label=\"Reproductor de video\">\n<div><iframe loading=\"lazy\" src=\"https:\/\/www.youtube.com\/embed\/-ef2clKARVg?controls=0&amp;modestbranding=1&amp;rel=0&amp;showinfo=0&amp;loop=0&amp;fs=0&amp;hl=es&amp;enablejsapi=1&amp;origin=https%3A%2F%2Feducacionadistancia.juntadeandalucia.es&amp;widgetid=10\" width=\"640\" height=\"360\" frameborder=\"0\"><\/iframe><\/div>\n<div class=\"vjs-poster\">&nbsp;<\/div>\n<div class=\"vjs-text-track-display\">&nbsp;<\/div>\n<p><button class=\"vjs-big-play-button\" title=\"Reproducir V\u00eddeo\" type=\"button\"><span class=\"vjs-control-text\">Reproducir V\u00eddeo<\/span><\/button><\/p>\n<\/div>\n<\/div>\n<\/div>\n<\/div>\n<\/div>\n<div class=\"modified\">\u00daltima modificaci\u00f3n: jueves, 7 de octubre de 2021, 12:22<\/div>\n<\/div>\n<\/div>\n<p>&nbsp;<\/p>\n<div>\n<div class=\"mod-indent-outer w-100\">&nbsp;<\/div>\n<\/div>\n","protected":false},"excerpt":{"rendered":"<p>Os proporcionamos la informaci\u00f3n para la gesti\u00f3n de las bibliotecas escolares a trav\u00e9s de la plataforma Biblioweb S\u00e9neca. Nueva aplicaci\u00f3n integrada en S\u00e9neca y que ser\u00e1 la \u00fanica aplicaci\u00f3n recomendada para la gesti\u00f3n de las&#46;&#46;&#46;<\/p>\n","protected":false},"author":8078,"featured_media":0,"parent":0,"menu_order":0,"comment_status":"open","ping_status":"open","template":"","meta":{"ngg_post_thumbnail":0,"footnotes":""},"aioseo_notices":[],"post_mailing_queue_ids":[],"_links":{"self":[{"href":"https:\/\/blogsaverroes.juntadeandalucia.es\/becreadelegacionmalaga\/wp-json\/wp\/v2\/pages\/412"}],"collection":[{"href":"https:\/\/blogsaverroes.juntadeandalucia.es\/becreadelegacionmalaga\/wp-json\/wp\/v2\/pages"}],"about":[{"href":"https:\/\/blogsaverroes.juntadeandalucia.es\/becreadelegacionmalaga\/wp-json\/wp\/v2\/types\/page"}],"author":[{"embeddable":true,"href":"https:\/\/blogsaverroes.juntadeandalucia.es\/becreadelegacionmalaga\/wp-json\/wp\/v2\/users\/8078"}],"replies":[{"embeddable":true,"href":"https:\/\/blogsaverroes.juntadeandalucia.es\/becreadelegacionmalaga\/wp-json\/wp\/v2\/comments?post=412"}],"version-history":[{"count":3,"href":"https:\/\/blogsaverroes.juntadeandalucia.es\/becreadelegacionmalaga\/wp-json\/wp\/v2\/pages\/412\/revisions"}],"predecessor-version":[{"id":4876,"href":"https:\/\/blogsaverroes.juntadeandalucia.es\/becreadelegacionmalaga\/wp-json\/wp\/v2\/pages\/412\/revisions\/4876"}],"wp:attachment":[{"href":"https:\/\/blogsaverroes.juntadeandalucia.es\/becreadelegacionmalaga\/wp-json\/wp\/v2\/media?parent=412"}],"curies":[{"name":"wp","href":"https:\/\/api.w.org\/{rel}","templated":true}]}}