{"id":436,"date":"2015-03-20T07:08:17","date_gmt":"2015-03-20T07:08:17","guid":{"rendered":"http:\/\/blogsaverroes.juntadeandalucia.es\/pre\/ceip\/?page_id=436"},"modified":"2019-11-25T14:32:08","modified_gmt":"2019-11-25T14:32:08","slug":"ed-primaria-3o-ciclo","status":"publish","type":"page","link":"https:\/\/blogsaverroes.juntadeandalucia.es\/belengines\/ed-primaria-3o-ciclo\/","title":{"rendered":"Ed. Primaria. 3\u00ba ciclo"},"content":{"rendered":"<p><a href=\"https:\/\/blogsaverroes.juntadeandalucia.es\/belengines\/files\/2019\/11\/CEIP-NTA-SRA-DE-BELEN-FUERTENAG\u00dcELES.pdf\">CEIP NTA SRA DE BELEN &#8211; FUERTENAG\u00dcELES<\/a><\/p>\n<p>VIAJE FIN DE CURSO 19\/20-&nbsp;<\/p>\n<p><img loading=\"lazy\" decoding=\"async\" class=\"alignnone size-medium wp-image-1617\" src=\"http:\/\/blogsaverroes.juntadeandalucia.es\/belengines\/files\/2015\/03\/educacion3-300x161.png\" alt=\"educacion3\" width=\"300\" height=\"161\" srcset=\"https:\/\/blogsaverroes.juntadeandalucia.es\/belengines\/files\/2015\/03\/educacion3-300x161.png 300w, https:\/\/blogsaverroes.juntadeandalucia.es\/belengines\/files\/2015\/03\/educacion3-332x178.png 332w, https:\/\/blogsaverroes.juntadeandalucia.es\/belengines\/files\/2015\/03\/educacion3.png 640w\" sizes=\"(max-width: 300px) 100vw, 300px\" \/><\/p>\n<h3>\u00c1REA DE EDUCACI\u00d3N ART\u00cdSTICA<\/h3>\n<h4>CONTENIDOS<\/h4>\n<p>Bloque 1: \u201cEducaci\u00f3n audiovisual.\u201d<\/p>\n<p>1.1. B\u00fasqueda, creaci\u00f3n y difusi\u00f3n de im\u00e1genes fijas y en movimiento y su aplicaci\u00f3n en el cine.<br \/>\n1.2. Uso intencionado de la imagen como instrumento de comunicaci\u00f3n.<br \/>\n1.3. Composiciones pl\u00e1sticas utilizando im\u00e1genes en movimiento.<br \/>\n1.4. Comunicaci\u00f3n oral y elaboraci\u00f3n de textos escritos sobre la intencionalidad de las im\u00e1genes.<br \/>\n1.5. Reconocimiento y distinci\u00f3n de diferentes temas de la fotograf\u00eda.<br \/>\n1.6. Realizaci\u00f3n de fotograf\u00edas utilizando diferentes medios tecnol\u00f3gicos para completar de tareas de aula.<br \/>\n1.7. Elaboraci\u00f3n de protocolos para la observaci\u00f3n sistem\u00e1tica de aspectos, cualidades y caracter\u00edsticas de elementos naturales, artificiales y obras pl\u00e1sticas.<br \/>\n1.8. Valoraci\u00f3n de las manifestaciones art\u00edsticas de nuestra comunidad andaluza, desarrollando un sentido cr\u00edtico y destacando la importancia de su papel socializador y de transmisor<br \/>\ncultural.<br \/>\n1.9. Conocimiento de la evoluci\u00f3n de la fotograf\u00eda en blanco y negro a color, del papel a digital, valorando las posibilidades que nos ha proporcionado las nuevas tecnolog\u00edas.<br \/>\n1.10. Valoraci\u00f3n de los medio de comunicaci\u00f3n y tecnolog\u00edas de la informaci\u00f3n y comunicaci\u00f3n como instrumentos de conocimiento, producci\u00f3n y disfrute, con una utilizaci\u00f3n responsable.<br \/>\n1.11. Aproximaci\u00f3n al cine de animaci\u00f3n y elaboraci\u00f3n de obras sencillas con t\u00e9cnicas convencionales y digitales.<br \/>\n1.12. Uso de programas digitales de maquetaci\u00f3n y procesamiento de imagen, video y texto.<br \/>\n1.13. Conocimiento y visualizaci\u00f3n de obras cinematogr\u00e1ficas de Andaluc\u00eda, adaptadas a su edad.<br \/>\n1.14. Preparaci\u00f3n de documentos propios de producci\u00f3n art\u00edstica: carteles, gu\u00edas, programas de mano\u2026<br \/>\n1.15. Preparaci\u00f3n, conocimiento y an\u00e1lisis del proceso empleado para la creaci\u00f3n, montaje y difusi\u00f3n de una pel\u00edcula o un documental.<\/p>\n<h4>Criterio de evaluaci\u00f3n CE.3.1.<\/h4>\n<p>Distinguir y clasificar las diferencias fundamentales entre las im\u00e1genes fijas y en movimiento siguiendo pautas establecidas.<\/p>\n<p>(Extra\u00eddo de la<a title=\"Orden 17\/03\/2015\" href=\"http:\/\/www.adideandalucia.es\/normas\/ordenes\/Orden17marzo2015CurriculoPrimaria.pdf\" target=\"_blank\" rel=\"noopener noreferrer\"> Orden de 17 de marzo de 2015<\/a>, por la que se desarrolla el curr\u00edculo correspondiente a la educaci\u00f3n Primaria en Andaluc\u00eda)<\/p>\n","protected":false},"excerpt":{"rendered":"<p>CEIP NTA SRA DE BELEN &#8211; FUERTENAG\u00dcELES VIAJE FIN DE CURSO 19\/20-&nbsp; \u00c1REA DE EDUCACI\u00d3N ART\u00cdSTICA CONTENIDOS Bloque 1: \u201cEducaci\u00f3n audiovisual.\u201d 1.1. B\u00fasqueda, creaci\u00f3n y difusi\u00f3n de im\u00e1genes fijas y en movimiento y su aplicaci\u00f3n en el cine. 1.2. Uso intencionado de la imagen como instrumento de comunicaci\u00f3n. 1.3. Composiciones pl\u00e1sticas utilizando im\u00e1genes en movimiento. [&hellip;]<\/p>\n","protected":false},"author":1,"featured_media":0,"parent":0,"menu_order":0,"comment_status":"closed","ping_status":"open","template":"","meta":{"_et_pb_use_builder":"","_et_pb_old_content":"","_et_gb_content_width":"","ngg_post_thumbnail":0,"footnotes":"","_mc_calendar":[]},"aioseo_notices":[],"_links":{"self":[{"href":"https:\/\/blogsaverroes.juntadeandalucia.es\/belengines\/wp-json\/wp\/v2\/pages\/436"}],"collection":[{"href":"https:\/\/blogsaverroes.juntadeandalucia.es\/belengines\/wp-json\/wp\/v2\/pages"}],"about":[{"href":"https:\/\/blogsaverroes.juntadeandalucia.es\/belengines\/wp-json\/wp\/v2\/types\/page"}],"author":[{"embeddable":true,"href":"https:\/\/blogsaverroes.juntadeandalucia.es\/belengines\/wp-json\/wp\/v2\/users\/1"}],"replies":[{"embeddable":true,"href":"https:\/\/blogsaverroes.juntadeandalucia.es\/belengines\/wp-json\/wp\/v2\/comments?post=436"}],"version-history":[{"count":3,"href":"https:\/\/blogsaverroes.juntadeandalucia.es\/belengines\/wp-json\/wp\/v2\/pages\/436\/revisions"}],"predecessor-version":[{"id":2363,"href":"https:\/\/blogsaverroes.juntadeandalucia.es\/belengines\/wp-json\/wp\/v2\/pages\/436\/revisions\/2363"}],"wp:attachment":[{"href":"https:\/\/blogsaverroes.juntadeandalucia.es\/belengines\/wp-json\/wp\/v2\/media?parent=436"}],"curies":[{"name":"wp","href":"https:\/\/api.w.org\/{rel}","templated":true}]}}