{"id":869,"date":"2015-03-16T07:03:52","date_gmt":"2015-03-16T07:03:52","guid":{"rendered":"http:\/\/blogsaverroes.juntadeandalucia.es\/pre\/ceip\/?page_id=84"},"modified":"2019-11-25T14:12:47","modified_gmt":"2019-11-25T14:12:47","slug":"calendario-escolar","status":"publish","type":"page","link":"https:\/\/blogsaverroes.juntadeandalucia.es\/belengines\/calendario-escolar\/","title":{"rendered":"Calendario escolar"},"content":{"rendered":"<p style=\"text-align: left\"><strong><a href=\"https:\/\/blogsaverroes.juntadeandalucia.es\/belengines\/files\/2019\/11\/20190604__CALENDARIO-ESCOLAR-2019-2020-1.pdf\">20190604__CALENDARIO ESCOLAR 2019-2020<\/a><a href=\"https:\/\/blogsaverroes.juntadeandalucia.es\/belengines\/files\/2015\/03\/Calendario-Escolar-Sevilla-18-19.pdf\">Calendario Escolar Sevilla 18-19<\/a><a href=\"https:\/\/blogsaverroes.juntadeandalucia.es\/belengines\/files\/2015\/03\/Calendario_v2.pdf\">Calendario_v2<\/a>Ejemplo de calendario escolar.<\/strong><\/p>\n<h4 style=\"text-align: center\"><strong>D\u00edas lectivos y festivos de la localidad.<\/strong><\/h4>\n<p>D\u00edas de libre disposici\u00f3n 29 y 30 de abril ( Feria de Sevilla )<\/p>\n<p>Fiestas locales 27 de mayo carretas y 11 de junio Corpus.&nbsp;<\/p>\n","protected":false},"excerpt":{"rendered":"<p>20190604__CALENDARIO ESCOLAR 2019-2020Calendario Escolar Sevilla 18-19Calendario_v2Ejemplo de calendario escolar. D\u00edas lectivos y festivos de la localidad. D\u00edas de libre disposici\u00f3n 29 y 30 de abril ( Feria de Sevilla ) Fiestas locales 27 de mayo carretas y 11 de junio Corpus.&nbsp;<\/p>\n","protected":false},"author":1,"featured_media":0,"parent":0,"menu_order":0,"comment_status":"closed","ping_status":"open","template":"","meta":{"_et_pb_use_builder":"","_et_pb_old_content":"","_et_gb_content_width":"","ngg_post_thumbnail":0,"footnotes":"","_mc_calendar":[]},"aioseo_notices":[],"_links":{"self":[{"href":"https:\/\/blogsaverroes.juntadeandalucia.es\/belengines\/wp-json\/wp\/v2\/pages\/869"}],"collection":[{"href":"https:\/\/blogsaverroes.juntadeandalucia.es\/belengines\/wp-json\/wp\/v2\/pages"}],"about":[{"href":"https:\/\/blogsaverroes.juntadeandalucia.es\/belengines\/wp-json\/wp\/v2\/types\/page"}],"author":[{"embeddable":true,"href":"https:\/\/blogsaverroes.juntadeandalucia.es\/belengines\/wp-json\/wp\/v2\/users\/1"}],"replies":[{"embeddable":true,"href":"https:\/\/blogsaverroes.juntadeandalucia.es\/belengines\/wp-json\/wp\/v2\/comments?post=869"}],"version-history":[{"count":10,"href":"https:\/\/blogsaverroes.juntadeandalucia.es\/belengines\/wp-json\/wp\/v2\/pages\/869\/revisions"}],"predecessor-version":[{"id":2353,"href":"https:\/\/blogsaverroes.juntadeandalucia.es\/belengines\/wp-json\/wp\/v2\/pages\/869\/revisions\/2353"}],"wp:attachment":[{"href":"https:\/\/blogsaverroes.juntadeandalucia.es\/belengines\/wp-json\/wp\/v2\/media?parent=869"}],"curies":[{"name":"wp","href":"https:\/\/api.w.org\/{rel}","templated":true}]}}