{"id":871,"date":"2015-03-16T07:25:46","date_gmt":"2015-03-16T07:25:46","guid":{"rendered":"http:\/\/blogsaverroes.juntadeandalucia.es\/pre\/ceip\/?page_id=106"},"modified":"2021-10-07T18:32:34","modified_gmt":"2021-10-07T18:32:34","slug":"actividades-extraescolares","status":"publish","type":"page","link":"https:\/\/blogsaverroes.juntadeandalucia.es\/belengines\/actividades-extraescolares\/","title":{"rendered":"Actividades extraescolares"},"content":{"rendered":"<p style=\"text-align: left\"><a href=\"http:\/\/blogsaverroes.juntadeandalucia.es\/belengines\/files\/2015\/03\/talleres.jpg\"><img loading=\"lazy\" decoding=\"async\" class=\"aligncenter wp-image-228 \" src=\"http:\/\/blogsaverroes.juntadeandalucia.es\/belengines\/files\/2015\/03\/talleres.jpg\" alt=\"\" width=\"456\" height=\"306\"><\/a><\/p>\n<h4>Ejemplo de informaci\u00f3n sobre las actividades extraescolares<\/h4>\n<p style=\"text-align: left\">Las actividades extraescolares tienen lugar en horario de tarde, hasta las 18.00, y abarcan aspectos como la lectura, el deporte, la m\u00fasica, la inform\u00e1tica, los idiomas, la danza o el teatro, entre otras actividades l\u00fadicas y formativas.<\/p>\n<p>Para hacer posible la realizaci\u00f3n de estas actividades fuera del horario lectivo, los centros pueden abrir sus instalaciones hasta las 18.00 todos los d\u00edas lectivos con excepci\u00f3n de los viernes, en los que el cierre se establece a las 16.00.<\/p>\n<p>&nbsp;<\/p>\n<p>&nbsp;<\/p>\n<h3>ACTIVIDADES EXTRAESCOLARES LUDOCIENCIA<\/h3>\n<p>La empresa encargada de realizar estas actividades es Ludociencia. Se realizan en horario de tarde de lunes a jueves. Cada taller se imparte dos d\u00edas a la semana, con una duraci\u00f3n de 1h. por sesi\u00f3n.<\/p>\n<p>Desde aqu\u00ed puede descargar los documentos necesarios para la solicitud de las actividades extraescolares que tiene programadas el Centro para este Curso:<\/p>\n<ul>\n<li><a href=\"http:\/\/blogsaverroes.juntadeandalucia.es\/ceipborbolla\/files\/2015\/12\/pdf-icono.gif\"><img loading=\"lazy\" decoding=\"async\" class=\"alignleft wp-image-2203 size-full\" src=\"https:\/\/blogsaverroes.juntadeandalucia.es\/ceipborbolla\/files\/2015\/12\/pdf-icono.gif\" alt=\"\" width=\"18\" height=\"18\"><\/a><a href=\"https:\/\/www.juntadeandalucia.es\/educacion\/portals\/delegate\/content\/6c4342f7-1581-4c26-bc7e-2e49b4b64cee\/Anexo%20II.-%20Servicio%20de%20Aula%20Matinal,%20Comedor%20Escolar%20y%20actividades%20Extraescolares\" target=\"_blank\" rel=\"noopener noreferrer\">Anexo II.- Servicio de Aula Matinal, Comedor Escolar y actividades Extraescolares<\/a><br \/>\n<a href=\"http:\/\/blogsaverroes.juntadeandalucia.es\/ceipborbolla\/files\/2015\/12\/pdf-icono.gif\"><img loading=\"lazy\" decoding=\"async\" class=\"alignleft wp-image-2203 size-full\" src=\"http:\/\/blogsaverroes.juntadeandalucia.es\/ceipborbolla\/files\/2015\/12\/pdf-icono.gif\" alt=\"\" width=\"18\" height=\"18\"><\/a><\/li>\n<li><a href=\"https:\/\/blogsaverroes.juntadeandalucia.es\/ceipborbolla\/files\/2020\/01\/Solicitud-Baja-PAF.pdf\" target=\"_blank\" rel=\"noopener noreferrer\">Solicitud de baja servicios complementarios<\/a><\/li>\n<li><a href=\"http:\/\/blogsaverroes.juntadeandalucia.es\/ceipborbolla\/files\/2015\/12\/pdf-icono.gif\"><img loading=\"lazy\" decoding=\"async\" class=\"alignleft wp-image-2203 size-full\" src=\"http:\/\/blogsaverroes.juntadeandalucia.es\/ceipborbolla\/files\/2015\/12\/pdf-icono.gif\" alt=\"\" width=\"18\" height=\"18\"><\/a><a href=\"http:\/\/www.juntadeandalucia.es\/educacion\/portals\/web\/ced\/actividades-extraescolares\" target=\"_blank\" rel=\"noopener noreferrer\">Normativa Web Consejer\u00eda Educaci\u00f3n<\/a><\/li>\n<li><a href=\"http:\/\/blogsaverroes.juntadeandalucia.es\/ceipborbolla\/files\/2015\/12\/pdf-icono.gif\"><img loading=\"lazy\" decoding=\"async\" class=\"alignleft wp-image-2203 size-full\" src=\"http:\/\/blogsaverroes.juntadeandalucia.es\/ceipborbolla\/files\/2015\/12\/pdf-icono.gif\" alt=\"\" width=\"18\" height=\"18\"><\/a><a href=\"https:\/\/blogsaverroes.juntadeandalucia.es\/ceipborbolla\/files\/2021\/08\/Precios-servicios-complementarios-3-8-2021.pdf\" target=\"_blank\" rel=\"noopener noreferrer\">Precios servicios complementarios 3-8-2021<\/a><\/li>\n<\/ul>\n<p>Este curso han salido las siguientes actividades:<\/p>\n<p>Talleres : INGL\u00c9S EN INFANTIL, INGL\u00c9S PRIMARIA,&nbsp; BAILAMOS EN PISTA, PATINAJE Y TEATRO<\/p>\n<p>&nbsp;<\/p>\n<p>&nbsp;<\/p>\n","protected":false},"excerpt":{"rendered":"<p>Ejemplo de informaci\u00f3n sobre las actividades extraescolares Las actividades extraescolares tienen lugar en horario de tarde, hasta las 18.00, y abarcan aspectos como la lectura, el deporte, la m\u00fasica, la inform\u00e1tica, los idiomas, la danza o el teatro, entre otras actividades l\u00fadicas y formativas. Para hacer posible la realizaci\u00f3n de estas actividades fuera del horario [&hellip;]<\/p>\n","protected":false},"author":1,"featured_media":0,"parent":0,"menu_order":0,"comment_status":"closed","ping_status":"open","template":"","meta":{"_et_pb_use_builder":"","_et_pb_old_content":"","_et_gb_content_width":"","ngg_post_thumbnail":0,"footnotes":"","_mc_calendar":[]},"aioseo_notices":[],"_links":{"self":[{"href":"https:\/\/blogsaverroes.juntadeandalucia.es\/belengines\/wp-json\/wp\/v2\/pages\/871"}],"collection":[{"href":"https:\/\/blogsaverroes.juntadeandalucia.es\/belengines\/wp-json\/wp\/v2\/pages"}],"about":[{"href":"https:\/\/blogsaverroes.juntadeandalucia.es\/belengines\/wp-json\/wp\/v2\/types\/page"}],"author":[{"embeddable":true,"href":"https:\/\/blogsaverroes.juntadeandalucia.es\/belengines\/wp-json\/wp\/v2\/users\/1"}],"replies":[{"embeddable":true,"href":"https:\/\/blogsaverroes.juntadeandalucia.es\/belengines\/wp-json\/wp\/v2\/comments?post=871"}],"version-history":[{"count":6,"href":"https:\/\/blogsaverroes.juntadeandalucia.es\/belengines\/wp-json\/wp\/v2\/pages\/871\/revisions"}],"predecessor-version":[{"id":2730,"href":"https:\/\/blogsaverroes.juntadeandalucia.es\/belengines\/wp-json\/wp\/v2\/pages\/871\/revisions\/2730"}],"wp:attachment":[{"href":"https:\/\/blogsaverroes.juntadeandalucia.es\/belengines\/wp-json\/wp\/v2\/media?parent=871"}],"curies":[{"name":"wp","href":"https:\/\/api.w.org\/{rel}","templated":true}]}}