{"id":99,"date":"2015-03-16T07:22:54","date_gmt":"2015-03-16T07:22:54","guid":{"rendered":"http:\/\/blogsaverroes.juntadeandalucia.es\/pre\/ceip\/?page_id=99"},"modified":"2021-10-07T18:23:02","modified_gmt":"2021-10-07T18:23:02","slug":"comedor-escolar","status":"publish","type":"page","link":"https:\/\/blogsaverroes.juntadeandalucia.es\/belengines\/comedor-escolar\/","title":{"rendered":"Comedor escolar"},"content":{"rendered":"<h4>COMEDOR ESCOLAR .<\/h4>\n<h4><a href=\"http:\/\/blogsaverroes.juntadeandalucia.es\/belengines\/files\/2015\/03\/comida.jpg\"><img loading=\"lazy\" decoding=\"async\" class=\"aligncenter wp-image-238 \" src=\"http:\/\/blogsaverroes.juntadeandalucia.es\/belengines\/files\/2015\/03\/comida.jpg\" alt=\"\" width=\"582\" height=\"341\"><\/a><\/h4>\n<p>Los comedores escolares son un servicio complementario que resulta de gran utilidad a padres y madres para ayudarles a&nbsp;conciliar la vida laboral y familiar. Tienen una duraci\u00f3n de hasta dos horas desde que acaba la jornada escolar de la ma\u00f1ana (de 14.00 a 16.00 horas).<\/p>\n<p>Los comedores son adem\u00e1s una pieza importante&nbsp;en todas las medidas dirigidas a mejorar los h\u00e1bitos alimenticios de los ni\u00f1os y ni\u00f1as y prevenir problemas de salud como la obesidad.<\/p>\n<p>Los comedores escolares de los centros p\u00fablicos andaluces promueven una alimentaci\u00f3n saludable que est\u00e1 supervisada por nutricionistas y que, entre otros aspectos, se caracteriza por:<\/p>\n<p>Una mayor proporci\u00f3n de verdura en los men\u00fas<\/p>\n<p>Fruta fresca como postre al menos cuatro d\u00edas a la semana<\/p>\n<p>Uso de aceite de oliva virgen extra<\/p>\n<p>M\u00e1s pescado que carne, que debe ser magra<\/p>\n<div id=\"content\" class=\"cf\" role=\"main\">\n<article id=\"post-99\" class=\"single-view post-99 page type-page status-publish hentry\">\n<div class=\"entry-content cf\">\n<p>El servicio de comedor escolar ofrece comida diaria (dos platos, pan, agua y postre),&nbsp; servida &nbsp;por el catering Aramark, contratado por la Junta de Andaluc\u00eda.<\/p>\n<p><a href=\"https:\/\/www.aramark.es\/\" target=\"_blank\" rel=\"noopener noreferrer\">Web de Aramark<\/a><\/p>\n<p>El servicio se ofrece de lunes a viernes de 14 a 16 h., y en \u00e9l se pretende que sea continuaci\u00f3n de la tarea educativa.<\/p>\n<p>El comedor escolar debe entenderse como un servicio educativo que completa la labor del centro docente, por lo que en \u00e9l debe desarrollarse las siguientes funciones:<\/p>\n<ul>\n<li>Educar en h\u00e1bitos alimentarios saludables utilizando un plan de alimentaci\u00f3n equilibrado.<\/li>\n<li>Promover la adaptaci\u00f3n del alumnado a una diversidad de men\u00fas y a una disciplina que incluya la cortes\u00eda, la tolerancia, la solidaridad y la educaci\u00f3n para la convivencia (educaci\u00f3n en la mesa, postura correcta\u2026).<\/li>\n<li>Ofrecer una planificaci\u00f3n alimentaria que aporte las sustancias nutritivas que los alumnos y alumnas necesitan para su normal desarrollo.<\/li>\n<li>Contribuir a la integraci\u00f3n de la familia en la medida que facilite a los padres y madres el ejercicio de sus funciones laborales y sociales.<\/li>\n<li>Facilitar que mujeres y hombres andaluces puedan optar libremente a su proyecto de desarrollo personal y profesional.<\/li>\n<li>Interesar a las familias en los beneficios que puedan obtenerse de una colaboraci\u00f3n conjunta con los responsables del comedor escolar, tanto en lo referido a la salud como en su educaci\u00f3n nutricional.<\/li>\n<li>Concienciar a las familias en los patrones de conducta adquiridos en el comedor del centro escolar.<\/li>\n<li>Informar y concienciar a los alumnos de programas y pr\u00e1cticas de higiene personal: aseo general, lavado de manos, cepillado de dientes, manipulaci\u00f3n en el consumo de alimentos\u2026<\/li>\n<li>Educar a los alumnos y alumnas en la relaci\u00f3n social: fomento de la comunicaci\u00f3n, la buena convivencia y y las relaciones con los compa\u00f1eros y compa\u00f1eras de mesa.<\/li>\n<\/ul>\n<p>&nbsp;<\/p>\n<ul>\n<li><a href=\"http:\/\/blogsaverroes.juntadeandalucia.es\/ceipborbolla\/files\/2015\/12\/pdf-icono.gif\"><img loading=\"lazy\" decoding=\"async\" class=\" size-full wp-image-2203 alignleft\" src=\"http:\/\/blogsaverroes.juntadeandalucia.es\/ceipborbolla\/files\/2015\/12\/pdf-icono.gif\" alt=\"pdf-icono\" width=\"18\" height=\"18\"><\/a><a href=\"https:\/\/www.juntadeandalucia.es\/educacion\/portals\/delegate\/content\/6c4342f7-1581-4c26-bc7e-2e49b4b64cee\/Anexo%20II.-%20Servicio%20de%20Aula%20Matinal,%20Comedor%20Escolar%20y%20actividades%20Extraescolares\" target=\"_blank\" rel=\"noopener noreferrer\">Anexo II.- Servicio de Aula Matinal, Comedor Escolar y actividades Extraescolares<\/a><\/li>\n<li><a href=\"http:\/\/blogsaverroes.juntadeandalucia.es\/ceipborbolla\/files\/2015\/12\/pdf-icono.gif\"><img loading=\"lazy\" decoding=\"async\" class=\" size-full wp-image-2203 alignleft\" src=\"http:\/\/blogsaverroes.juntadeandalucia.es\/ceipborbolla\/files\/2015\/12\/pdf-icono.gif\" alt=\"pdf-icono\" width=\"18\" height=\"18\"><\/a><a href=\"https:\/\/blogsaverroes.juntadeandalucia.es\/ceipborbolla\/files\/2021\/08\/Precios-servicios-complementarios-3-8-2021.pdf\" target=\"_blank\" rel=\"noopener noreferrer\">Precios servicios complementarios 3-8-2021<\/a><\/li>\n<li><a href=\"http:\/\/blogsaverroes.juntadeandalucia.es\/ceipborbolla\/files\/2015\/12\/pdf-icono.gif\"><img loading=\"lazy\" decoding=\"async\" class=\" size-full wp-image-2203 alignleft\" src=\"http:\/\/blogsaverroes.juntadeandalucia.es\/ceipborbolla\/files\/2015\/12\/pdf-icono.gif\" alt=\"pdf-icono\" width=\"18\" height=\"18\"><\/a><a href=\"https:\/\/blogsaverroes.juntadeandalucia.es\/ceipborbolla\/files\/2020\/01\/Solicitud-Baja-PAF.pdf\" target=\"_blank\" rel=\"noopener noreferrer\">Solicitud de baja servicios complementarios<\/a><\/li>\n<li><a href=\"http:\/\/blogsaverroes.juntadeandalucia.es\/ceipborbolla\/files\/2015\/12\/pdf-icono.gif\"><img loading=\"lazy\" decoding=\"async\" class=\" size-full wp-image-2203 alignleft\" src=\"http:\/\/blogsaverroes.juntadeandalucia.es\/ceipborbolla\/files\/2015\/12\/pdf-icono.gif\" alt=\"pdf-icono\" width=\"18\" height=\"18\"><\/a><a href=\"http:\/\/www.juntadeandalucia.es\/educacion\/portals\/web\/ced\/comedor-escolar\" target=\"_blank\" rel=\"noopener noreferrer\">Normativa Web Consejer\u00eda Educaci\u00f3n<\/a><\/li>\n<\/ul>\n<p>&nbsp;<\/p>\n<p><iframe loading=\"lazy\" src=\"https:\/\/blogsaverroes.juntadeandalucia.es\/ceipborbolla\/files\/2021\/09\/Circular-a-Padres-Curso-2021-2022-Aramark.pdf\" width=\"600\" height=\"780\"><\/iframe><\/p>\n<p>&nbsp;<\/p>\n<p><strong>MEN\u00daS<\/strong><\/p>\n<table>\n<tbody>\n<tr>\n<td><a href=\"https:\/\/blogsaverroes.juntadeandalucia.es\/ceipborbolla\/files\/2021\/09\/men%C3%BA-septiembre.pdf\" target=\"_blank\" rel=\"noopener noreferrer\">men\u00fa septiembre<\/a><\/td>\n<td><a href=\"https:\/\/blogsaverroes.juntadeandalucia.es\/ceipborbolla\/files\/2021\/09\/Men%C3%BA-octubre.pdf\" target=\"_blank\" rel=\"noopener noreferrer\">men\u00fa octubre<\/a><\/td>\n<td>Men\u00fa noviembre<\/td>\n<td>Men\u00fa diciembre<\/td>\n<td>Men\u00fa enero<\/td>\n<\/tr>\n<tr>\n<td>Men\u00fa febrero<\/td>\n<td>Men\u00fa marzo&nbsp;<\/td>\n<td>Men\u00fa abril<\/td>\n<td>Men\u00fa mayo&nbsp;<\/td>\n<td>Men\u00fa junio<\/td>\n<\/tr>\n<\/tbody>\n<\/table>\n<p>&nbsp;<\/p>\n<\/div>\n<\/article>\n<\/div>\n<div id=\"sidebar-right\" class=\"sidebar cf\" role=\"complementary\" aria-label=\"Sidebar Right\">\n<aside id=\"widgets-wrap-sidebar-right\">\n<section id=\"widget_sp_image-31\" class=\"widget-sidebar frontier-widget widget_sp_image\"><\/section>\n<section id=\"widget_sp_image-33\" class=\"widget-sidebar frontier-widget widget_sp_image\"><img loading=\"lazy\" decoding=\"async\" class=\"attachment-medium aligncenter\" src=\"https:\/\/blogsaverroes.juntadeandalucia.es\/ceipborbolla\/files\/2019\/05\/7e1ce233d3b8b1b1a262419ba0455bad-300x74.png\" alt=\"Educaci\u00f3n Infantil: 3\u00ba trimestre\" width=\"300\" height=\"74\"><\/section>\n<section id=\"widget_sp_image-35\" class=\"widget-sidebar frontier-widget widget_sp_image\"><\/section>\n<section id=\"widget_sp_image-19\" class=\"widget-sidebar frontier-widget widget_sp_image\">\n<h2 class=\"widget-title\">&nbsp;<\/h2>\n<\/section>\n<section id=\"widget_sp_image-15\" class=\"widget-sidebar frontier-widget widget_sp_image\">\n<h2 class=\"widget-title\">&nbsp;<\/h2>\n<\/section>\n<section id=\"widget_sp_image-29\" class=\"widget-sidebar frontier-widget widget_sp_image\"><\/section>\n<section id=\"widget_sp_image-7\" class=\"widget-sidebar frontier-widget widget_sp_image\">\n<h2 class=\"widget-title\">&nbsp;<\/h2>\n<\/section>\n<section id=\"widget_sp_image-5\" class=\"widget-sidebar frontier-widget widget_sp_image\"><\/section>\n<section id=\"widget_sp_image-13\" class=\"widget-sidebar frontier-widget widget_sp_image\"><\/section>\n<\/aside>\n<\/div>\n<p>&nbsp;<\/p>\n<p>&nbsp;<\/p>\n","protected":false},"excerpt":{"rendered":"<p>COMEDOR ESCOLAR . Los comedores escolares son un servicio complementario que resulta de gran utilidad a padres y madres para ayudarles a&nbsp;conciliar la vida laboral y familiar. Tienen una duraci\u00f3n de hasta dos horas desde que acaba la jornada escolar de la ma\u00f1ana (de 14.00 a 16.00 horas). Los comedores son adem\u00e1s una pieza importante&nbsp;en [&hellip;]<\/p>\n","protected":false},"author":1,"featured_media":0,"parent":0,"menu_order":0,"comment_status":"closed","ping_status":"open","template":"","meta":{"_et_pb_use_builder":"","_et_pb_old_content":"","_et_gb_content_width":"","ngg_post_thumbnail":0,"footnotes":"","_mc_calendar":[]},"aioseo_notices":[],"_links":{"self":[{"href":"https:\/\/blogsaverroes.juntadeandalucia.es\/belengines\/wp-json\/wp\/v2\/pages\/99"}],"collection":[{"href":"https:\/\/blogsaverroes.juntadeandalucia.es\/belengines\/wp-json\/wp\/v2\/pages"}],"about":[{"href":"https:\/\/blogsaverroes.juntadeandalucia.es\/belengines\/wp-json\/wp\/v2\/types\/page"}],"author":[{"embeddable":true,"href":"https:\/\/blogsaverroes.juntadeandalucia.es\/belengines\/wp-json\/wp\/v2\/users\/1"}],"replies":[{"embeddable":true,"href":"https:\/\/blogsaverroes.juntadeandalucia.es\/belengines\/wp-json\/wp\/v2\/comments?post=99"}],"version-history":[{"count":7,"href":"https:\/\/blogsaverroes.juntadeandalucia.es\/belengines\/wp-json\/wp\/v2\/pages\/99\/revisions"}],"predecessor-version":[{"id":2729,"href":"https:\/\/blogsaverroes.juntadeandalucia.es\/belengines\/wp-json\/wp\/v2\/pages\/99\/revisions\/2729"}],"wp:attachment":[{"href":"https:\/\/blogsaverroes.juntadeandalucia.es\/belengines\/wp-json\/wp\/v2\/media?parent=99"}],"curies":[{"name":"wp","href":"https:\/\/api.w.org\/{rel}","templated":true}]}}