{"id":20,"date":"2020-01-09T12:32:25","date_gmt":"2020-01-09T11:32:25","guid":{"rendered":"http:\/\/blogsaverroes.juntadeandalucia.es\/pre\/nuevoceip2v2\/?page_id=20"},"modified":"2022-03-28T10:34:19","modified_gmt":"2022-03-28T09:34:19","slug":"2o-ciclo-de-educacion-infantil","status":"publish","type":"page","link":"https:\/\/blogsaverroes.juntadeandalucia.es\/berta-wilhelmi21\/2o-ciclo-de-educacion-infantil\/","title":{"rendered":"2\u00ba Ciclo de Educaci\u00f3n Infantil"},"content":{"rendered":"<p>&nbsp;<\/p>\n<p>LOS PING\u00dcINOS DE LA CLASE DE 5 A\u00d1OS<\/p>\n<p><iframe loading=\"lazy\" src=\"https:\/\/www.youtube.com\/embed\/t9XzANJQrOc\" width=\"560\" height=\"315\" frameborder=\"0\"><\/iframe><\/p>\n<p>&nbsp;<\/p>\n<p>&nbsp;<\/p>\n<p>FINAL DE OCTUBRE<\/p>\n<p style=\"text-align: center\"><span style=\"font-family: 'comic sans ms', sans-serif;font-size: 24pt\">PREPARANDO&nbsp; &nbsp;<\/span><span style=\"font-family: 'comic sans ms', sans-serif;font-size: 24pt\">HALLOWEEN<\/span><\/p>\n<p>&nbsp;<\/p>\n<p>&nbsp;<\/p>\n<p><img decoding=\"async\" class=\"aligncenter\" src=\"https:\/\/as.com\/epik\/imagenes\/2020\/10\/29\/portada\/1603970002_053801_1603970612_sumario_grande.jpg\" alt=\"Halloween para ni\u00f1os | Los mejores dibujos e im\u00e1genes para imprimir: murci\u00e9lagos, vampiros.. - AS.com\"><\/p>\n<p>&nbsp;<\/p>\n<div style=\"width: 1080px;\" class=\"wp-video\"><!--[if lt IE 9]><script>document.createElement('video');<\/script><![endif]-->\n<video class=\"wp-video-shortcode\" id=\"video-20-1\" width=\"1080\" height=\"608\" preload=\"metadata\" controls=\"controls\"><source type=\"video\/mp4\" src=\"https:\/\/blogsaverroes.juntadeandalucia.es\/berta-wilhelmi21\/files\/2021\/11\/IMG_8575-1.mp4?_=1\" \/><a href=\"https:\/\/blogsaverroes.juntadeandalucia.es\/berta-wilhelmi21\/files\/2021\/11\/IMG_8575-1.mp4\">https:\/\/blogsaverroes.juntadeandalucia.es\/berta-wilhelmi21\/files\/2021\/11\/IMG_8575-1.mp4<\/a><\/video><\/div>\n<h2>&nbsp;<\/h2>\n<h2>&nbsp;<\/h2>\n<p><img loading=\"lazy\" decoding=\"async\" class=\"aligncenter wp-image-645 size-large\" src=\"https:\/\/blogsaverroes.juntadeandalucia.es\/berta-wilhelmi21\/files\/2021\/11\/IMG_8578-768x1024.jpg\" alt=\"\" width=\"768\" height=\"1024\"><\/p>\n<p><img decoding=\"async\" src=\"https:\/\/media.istockphoto.com\/vectors\/halloween-cat-in-a-witch-hat-sitting-on-halloween-pumpkin-black-and-vector-id1178213741?k=20&amp;m=1178213741&amp;s=170667a&amp;w=0&amp;h=KVlubPrJ1x4TtVyGR5kCL_L1k_kGQUh86mgfrMFHIvE=\" alt=\"Ilustraci\u00f3n de Gato De Halloween En Un Sombrero De Bruja Sentado En Calabaza Halloween Ilustraci\u00f3n En Blanco Y Negro Para Colorear Libro y m\u00e1s Vectores Libres de Derechos de P\u00e1gina de libro\"><img loading=\"lazy\" decoding=\"async\" class=\"aligncenter wp-image-647 size-large\" src=\"https:\/\/blogsaverroes.juntadeandalucia.es\/berta-wilhelmi21\/files\/2021\/11\/IMG_8573-768x1024.jpg\" alt=\"\" width=\"768\" height=\"1024\"><img decoding=\"async\" src=\"https:\/\/okdiario.com\/img\/2018\/10\/30\/dibujar-una-calabaza-de-halloween-655x368.png\" alt=\"C\u00f3mo dibujar una calabaza de Halloween 2018 paso a paso\"><\/p>\n","protected":false},"excerpt":{"rendered":"<p>&nbsp; LOS PING\u00dcINOS DE LA CLASE DE 5 A\u00d1OS &nbsp; &nbsp; FINAL DE OCTUBRE PREPARANDO&nbsp; &nbsp;HALLOWEEN &nbsp; &nbsp; &nbsp; &nbsp; &nbsp;<\/p>\n","protected":false},"author":13380,"featured_media":0,"parent":0,"menu_order":0,"comment_status":"closed","ping_status":"closed","template":"","meta":{"_et_pb_use_builder":"off","_et_pb_old_content":"","_et_gb_content_width":"","ngg_post_thumbnail":0,"footnotes":""},"aioseo_notices":[],"_links":{"self":[{"href":"https:\/\/blogsaverroes.juntadeandalucia.es\/berta-wilhelmi21\/wp-json\/wp\/v2\/pages\/20"}],"collection":[{"href":"https:\/\/blogsaverroes.juntadeandalucia.es\/berta-wilhelmi21\/wp-json\/wp\/v2\/pages"}],"about":[{"href":"https:\/\/blogsaverroes.juntadeandalucia.es\/berta-wilhelmi21\/wp-json\/wp\/v2\/types\/page"}],"author":[{"embeddable":true,"href":"https:\/\/blogsaverroes.juntadeandalucia.es\/berta-wilhelmi21\/wp-json\/wp\/v2\/users\/13380"}],"replies":[{"embeddable":true,"href":"https:\/\/blogsaverroes.juntadeandalucia.es\/berta-wilhelmi21\/wp-json\/wp\/v2\/comments?post=20"}],"version-history":[{"count":14,"href":"https:\/\/blogsaverroes.juntadeandalucia.es\/berta-wilhelmi21\/wp-json\/wp\/v2\/pages\/20\/revisions"}],"predecessor-version":[{"id":1081,"href":"https:\/\/blogsaverroes.juntadeandalucia.es\/berta-wilhelmi21\/wp-json\/wp\/v2\/pages\/20\/revisions\/1081"}],"wp:attachment":[{"href":"https:\/\/blogsaverroes.juntadeandalucia.es\/berta-wilhelmi21\/wp-json\/wp\/v2\/media?parent=20"}],"curies":[{"name":"wp","href":"https:\/\/api.w.org\/{rel}","templated":true}]}}