{"id":206,"date":"2020-02-12T08:09:58","date_gmt":"2020-02-12T07:09:58","guid":{"rendered":"http:\/\/blogsaverroes.juntadeandalucia.es\/pre\/nuevoceip2v2\/?page_id=206"},"modified":"2022-01-30T13:19:44","modified_gmt":"2022-01-30T12:19:44","slug":"novedades","status":"publish","type":"page","link":"https:\/\/blogsaverroes.juntadeandalucia.es\/berta-wilhelmi21\/novedades\/","title":{"rendered":"Novedades"},"content":{"rendered":"<p><span style=\"font-size: 18pt\"><strong>JORNADAS DE PUERTAS ABIERTAS<\/strong><\/span><\/p>\n<p>&nbsp;<\/p>\n<table style=\"width: 100%;border-collapse: collapse;border-color: #faf7f7\">\n<tbody>\n<tr>\n<td style=\"width: 50%\"><img loading=\"lazy\" decoding=\"async\" class=\"alignnone wp-image-960\" src=\"https:\/\/blogsaverroes.juntadeandalucia.es\/berta-wilhelmi21\/files\/2022\/01\/cartel-jornadas-de-puetas-abiertas-1-213x300.png\" alt=\"\" width=\"501\" height=\"706\"><\/td>\n<td style=\"width: 50%;text-align: center\"><span style=\"font-size: 18pt\"><strong>D\u00cdA DE LA PAZ Y LA NO VIOLENCIA <\/strong><\/span><\/p>\n<p><span style=\"font-size: 18pt\"><strong>30 DE ENERO<\/strong><\/span><br \/>\n<img loading=\"lazy\" decoding=\"async\" class=\" wp-image-979 alignright\" src=\"https:\/\/blogsaverroes.juntadeandalucia.es\/berta-wilhelmi21\/files\/2022\/01\/PALOMA-PAZ-300x170.png\" alt=\"\" width=\"498\" height=\"282\"><\/td>\n<\/tr>\n<\/tbody>\n<\/table>\n<p>&nbsp;<\/p>\n<p>&nbsp;<\/p>\n<p style=\"text-align: left\"><span style=\"font-family: 'comic sans ms', sans-serif;font-size: 18pt\"><span style=\"font-size: 24pt\">FELIZ NAVIDAD &#8211; FELICES FIESTAS &#8211; FELIZ A\u00d1O NUEVO<\/span><\/span><\/p>\n<p><img loading=\"lazy\" decoding=\"async\" class=\"alignnone\" src=\"https:\/\/cdn.pixabay.com\/photo\/2021\/12\/01\/10\/31\/christmas-balls-6837253_960_720.jpg\" alt=\"Bolas De Navidad, Navidad, Decoraci\u00f3n Navide\u00f1a\" width=\"904\" height=\"603\">&nbsp; &nbsp;<\/p>\n<p><span style=\"font-size: 24pt\"><a href=\"https:\/\/blogsaverroes.juntadeandalucia.es\/berta-wilhelmi21\/videos-de-actuac\u2026as-curso-2021-22\/\">V\u00cdDEOS NAVIDE\u00d1OS DE LAS CLASES DE INFANTIL, PRIMARIA Y ESO<\/a><\/span><\/p>\n<p><img loading=\"lazy\" decoding=\"async\" class=\"\" src=\"https:\/\/cdn.pixabay.com\/photo\/2015\/12\/12\/22\/35\/snowman-1090261_960_720.jpg\" alt=\"Monigote De Nieve, Juguete, Nieve, Navidad, A\u00f1o Nuevo\" width=\"903\" height=\"633\"><\/p>\n<p style=\"text-align: left\"><span style=\"font-size: 24pt\"><a href=\"https:\/\/blogsaverroes.juntadeandalucia.es\/berta-wilhelmi21\/tarjeta-de-navidad-curso-2021-22\/\">TARJETAS DE NAVIDAD GANADORAS ESTE A\u00d1O 2021<\/a><\/span><\/p>\n<div style=\"width: 100%\">\n<div style=\"padding-bottom: 56.25%;padding-top: 0;height: 0\"><iframe loading=\"lazy\" src=\"https:\/\/view.genial.ly\/61992f4acfce450dee0a8e0a\" width=\"900px\" height=\"502.25px\" frameborder=\"0\" scrolling=\"yes\"><\/iframe><\/div>\n<div>&nbsp;<\/div>\n<\/div>\n<div style=\"width: 100%\">\n<div style=\"padding-bottom: 300%;padding-top: 0;height: 0\"><iframe loading=\"lazy\" src=\"https:\/\/view.genial.ly\/61879f5ca7e99d0dea4a90ed\" width=\"600px\" height=\"1200px\" frameborder=\"0\" scrolling=\"yes\"><\/iframe><\/div>\n<\/div>\n<p>&nbsp;<\/p>\n<p>&nbsp;<\/p>\n<p>&nbsp;<\/p>\n","protected":false},"excerpt":{"rendered":"<p>JORNADAS DE PUERTAS ABIERTAS &nbsp; D\u00cdA DE LA PAZ Y LA NO VIOLENCIA 30 DE ENERO &nbsp; &nbsp; FELIZ NAVIDAD &#8211; FELICES FIESTAS &#8211; FELIZ A\u00d1O NUEVO &nbsp; &nbsp; V\u00cdDEOS NAVIDE\u00d1OS DE LAS CLASES DE INFANTIL, PRIMARIA Y ESO TARJETAS DE NAVIDAD GANADORAS ESTE A\u00d1O 2021 &nbsp; &nbsp; &nbsp; &nbsp;<\/p>\n","protected":false},"author":13380,"featured_media":0,"parent":0,"menu_order":0,"comment_status":"closed","ping_status":"closed","template":"","meta":{"_et_pb_use_builder":"","_et_pb_old_content":"","_et_gb_content_width":"","ngg_post_thumbnail":0,"footnotes":""},"aioseo_notices":[],"_links":{"self":[{"href":"https:\/\/blogsaverroes.juntadeandalucia.es\/berta-wilhelmi21\/wp-json\/wp\/v2\/pages\/206"}],"collection":[{"href":"https:\/\/blogsaverroes.juntadeandalucia.es\/berta-wilhelmi21\/wp-json\/wp\/v2\/pages"}],"about":[{"href":"https:\/\/blogsaverroes.juntadeandalucia.es\/berta-wilhelmi21\/wp-json\/wp\/v2\/types\/page"}],"author":[{"embeddable":true,"href":"https:\/\/blogsaverroes.juntadeandalucia.es\/berta-wilhelmi21\/wp-json\/wp\/v2\/users\/13380"}],"replies":[{"embeddable":true,"href":"https:\/\/blogsaverroes.juntadeandalucia.es\/berta-wilhelmi21\/wp-json\/wp\/v2\/comments?post=206"}],"version-history":[{"count":17,"href":"https:\/\/blogsaverroes.juntadeandalucia.es\/berta-wilhelmi21\/wp-json\/wp\/v2\/pages\/206\/revisions"}],"predecessor-version":[{"id":983,"href":"https:\/\/blogsaverroes.juntadeandalucia.es\/berta-wilhelmi21\/wp-json\/wp\/v2\/pages\/206\/revisions\/983"}],"wp:attachment":[{"href":"https:\/\/blogsaverroes.juntadeandalucia.es\/berta-wilhelmi21\/wp-json\/wp\/v2\/media?parent=206"}],"curies":[{"name":"wp","href":"https:\/\/api.w.org\/{rel}","templated":true}]}}