{"id":993,"date":"2022-02-05T19:29:15","date_gmt":"2022-02-05T18:29:15","guid":{"rendered":"https:\/\/blogsaverroes.juntadeandalucia.es\/berta-wilhelmi21\/?page_id=993"},"modified":"2022-02-05T21:24:07","modified_gmt":"2022-02-05T20:24:07","slug":"robotica","status":"publish","type":"page","link":"https:\/\/blogsaverroes.juntadeandalucia.es\/berta-wilhelmi21\/robotica\/","title":{"rendered":"Rob\u00f3tica"},"content":{"rendered":"<p><span style=\"font-size: 24pt\"><span style=\"font-family: georgia, palatino, serif\"><strong>Proyecto STEAM: <\/strong><\/span><strong><span style=\"font-family: georgia, palatino, serif\">Rob\u00f3tica aplicada al aula<\/span><\/strong><\/span><\/p>\n<p>&nbsp;<\/p>\n<div class=\"Cy3un \">\n<h2 class=\"PZOEwc\">&nbsp;<\/h2>\n<table style=\"border-collapse: collapse;width: 98.6142%\">\n<tbody>\n<tr>\n<td style=\"width: 19.8282%;text-align: center\">\n<p class=\"PZOEwc\" style=\"text-align: center\"><span style=\"font-size: 24pt\"><strong>Micro:Bit<\/strong><\/span><\/p>\n<\/td>\n<td style=\"width: 111.424%;text-align: right\"><span style=\"font-size: 24pt\"><strong>Raspberry pi<\/strong>&nbsp; &nbsp; &nbsp; &nbsp; &nbsp; &nbsp;<\/span><\/td>\n<\/tr>\n<tr>\n<td style=\"width: 19.8282%;text-align: center\"><img decoding=\"async\" class=\"aligncenter\" src=\"https:\/\/encrypted-tbn3.gstatic.com\/images?q=tbn:ANd9GcTa2y7CWVeFKo4gMM57OjK23nG0Pb_7Wr7QobOph9Hfp2TmKHi7\" alt=\"Imagen de miniatura de un resultado de Lens\"><\/p>\n<p style=\"text-align: center\"><a href=\"https:\/\/makecode.microbit.org\/\"><strong>Editor<\/strong><\/a><\/p>\n<\/td>\n<td style=\"width: 111.424%;text-align: right\"><img loading=\"lazy\" decoding=\"async\" class=\"\" src=\"https:\/\/upload.wikimedia.org\/wikipedia\/commons\/f\/f1\/Raspberry_Pi_4_Model_B_-_Side.jpg\" alt=\"Raspberry Pi - Wikipedia, la enciclopedia libre\" width=\"331\" height=\"194\"><\/td>\n<\/tr>\n<\/tbody>\n<\/table>\n<\/div>\n<p>&nbsp;<\/p>\n<div class=\"entry-content\">\n<p>La Consejer\u00eda de Educaci\u00f3n y Deporte de la Junta de Andaluc\u00eda pone en marcha este curso el&nbsp;<strong>Proyecto STEAM: Rob\u00f3tica aplicada al aula<\/strong>, con el objeto de formar al profesorado en esta tem\u00e1tica y fomentar en el alumnado las vocaciones STEAM promoviendo proyectos centrados en la innovaci\u00f3n, la creatividad, el dise\u00f1o y la resoluci\u00f3n de problemas con la rob\u00f3tica como herramienta.<\/p>\n<p>El proyecto est\u00e1 dirigido a centros docentes sostenidos con fondos p\u00fablicos de Andaluc\u00eda de educaci\u00f3n primaria, educaci\u00f3n secundaria obligatoria, bachillerato.<\/p>\n<p>&nbsp;<\/p>\n<p><img loading=\"lazy\" decoding=\"async\" class=\" wp-image-3597 aligncenter\" src=\"https:\/\/blogsaverroes.juntadeandalucia.es\/tde\/files\/2021\/09\/fondo_pantalla_rob%C3%B3tica-300x211.png\" alt=\"\" width=\"461\" height=\"324\"><\/p>\n<p>&nbsp;<\/p>\n<\/div>\n<p>&nbsp;<\/p>\n<table style=\"border-collapse: collapse;width: 100%;height: 276px\">\n<tbody>\n<tr style=\"height: 276px\">\n<td style=\"width: 16.6667%;height: 276px\"><img loading=\"lazy\" decoding=\"async\" class=\"wp-image-1042 aligncenter\" src=\"https:\/\/blogsaverroes.juntadeandalucia.es\/berta-wilhelmi21\/files\/2022\/02\/IMG_20220203_173919-225x300.jpg\" alt=\"\" width=\"162\" height=\"216\"><\/td>\n<td style=\"width: 16.6667%;height: 276px\"><img loading=\"lazy\" decoding=\"async\" class=\"wp-image-1041 aligncenter\" src=\"https:\/\/blogsaverroes.juntadeandalucia.es\/berta-wilhelmi21\/files\/2022\/02\/IMG_20220203_172555-225x300.jpg\" alt=\"\" width=\"164\" height=\"219\"><\/td>\n<td style=\"width: 16.6667%;height: 276px\"><img loading=\"lazy\" decoding=\"async\" class=\"wp-image-1040 aligncenter\" src=\"https:\/\/blogsaverroes.juntadeandalucia.es\/berta-wilhelmi21\/files\/2022\/02\/IMG_20220203_172550-225x300.jpg\" alt=\"\" width=\"162\" height=\"216\"><\/td>\n<td style=\"width: 16.6667%;height: 276px\"><img loading=\"lazy\" decoding=\"async\" class=\"wp-image-1039 aligncenter\" src=\"https:\/\/blogsaverroes.juntadeandalucia.es\/berta-wilhelmi21\/files\/2022\/02\/IMG_20220203_172546-225x300.jpg\" alt=\"\" width=\"164\" height=\"219\"><\/td>\n<td style=\"width: 16.6667%;height: 276px\"><img loading=\"lazy\" decoding=\"async\" class=\"wp-image-1038 aligncenter\" src=\"https:\/\/blogsaverroes.juntadeandalucia.es\/berta-wilhelmi21\/files\/2022\/02\/IMG_20220203_172540-225x300.jpg\" alt=\"\" width=\"163\" height=\"217\"><\/td>\n<td style=\"width: 16.6667%;height: 276px\"><img loading=\"lazy\" decoding=\"async\" class=\"wp-image-1037 aligncenter\" src=\"https:\/\/blogsaverroes.juntadeandalucia.es\/berta-wilhelmi21\/files\/2022\/02\/IMG_20220203_172537-225x300.jpg\" alt=\"\" width=\"161\" height=\"215\"><\/td>\n<\/tr>\n<\/tbody>\n<\/table>\n<div class=\"entry-content\">\n<table style=\"border-collapse: collapse;width: 100%\">\n<tbody>\n<tr>\n<td style=\"width: 50%\"><img loading=\"lazy\" decoding=\"async\" class=\" wp-image-1047 aligncenter\" src=\"https:\/\/blogsaverroes.juntadeandalucia.es\/berta-wilhelmi21\/files\/2022\/02\/Editor-300x230.png\" alt=\"\" width=\"327\" height=\"250\"><\/td>\n<td style=\"width: 50%\"><img decoding=\"async\" class=\"aligncenter\" src=\"https:\/\/blog.desdelinux.net\/wp-content\/uploads\/2015\/12\/Raspberry-Pi-Logo1-620x350-420x237.png\" alt=\"Instala tu versi\u00f3n favorita de Ubuntu en Raspberry Pi | Desde Linux\"><\/td>\n<\/tr>\n<\/tbody>\n<\/table>\n<h3>OBJETIVOS<\/h3>\n<p>a) Facilitar la formaci\u00f3n del profesorado y el alumnado en el estudio de la&nbsp;<strong>rob\u00f3tica<\/strong>, la&nbsp;<strong>impresi\u00f3n 3D<\/strong>&nbsp;y el&nbsp;<strong>pensamiento computacional<\/strong>.<br \/>\nb) Favorecer la integraci\u00f3n de tareas y actividades&nbsp;<strong>STEAM<\/strong>&nbsp;en el curr\u00edculo de las asignaturas y en el proyecto de centro.<br \/>\nc) Fomentar las vocaciones&nbsp;<strong>STEAM<\/strong>&nbsp;en el alumnado, contribuyendo a la igualdad de oportunidades.<br \/>\nd) Impulsar un cambio metodol\u00f3gico en las materias&nbsp;<strong>STEAM<\/strong>&nbsp;hacia metodolog\u00edas activas e inclusivas.<br \/>\ne) Favorecer la actualizaci\u00f3n cient\u00edfica y tecnol\u00f3gica del profesorado en el \u00e1mbito&nbsp;<strong>STEAM<\/strong>.<br \/>\nf) Participar en proyectos de fomento y acercamiento al alumnado de las disciplinas&nbsp;<strong>STEAM<\/strong>, poniendo el foco en la incorporaci\u00f3n de la mujer a las profesiones de este \u00e1mbito.<\/p>\n<p>&nbsp;<\/p>\n<div>&nbsp;<\/div>\n<div>&nbsp;<\/div>\n<div>&nbsp;<\/div>\n<div>&nbsp;<\/div>\n<div>&nbsp;<\/div>\n<div>\n<p><img loading=\"lazy\" decoding=\"async\" class=\"alignnone size-full wp-image-2118\" src=\"https:\/\/blogsaverroes.juntadeandalucia.es\/tde\/files\/2020\/11\/Imagen9.jpg\" alt=\"\" width=\"91\" height=\"77\">&nbsp;<img loading=\"lazy\" decoding=\"async\" class=\"alignnone size-full wp-image-2119\" src=\"https:\/\/blogsaverroes.juntadeandalucia.es\/tde\/files\/2020\/11\/Imagen10.png\" alt=\"\" width=\"148\" height=\"48\">&nbsp;<img loading=\"lazy\" decoding=\"async\" class=\"alignnone size-full wp-image-2120\" src=\"https:\/\/blogsaverroes.juntadeandalucia.es\/tde\/files\/2020\/11\/Imagen11.png\" alt=\"\" width=\"58\" height=\"57\"><\/p>\n<\/div>\n<div class=\"post-video\">&nbsp;<\/div>\n<\/div>\n","protected":false},"excerpt":{"rendered":"<p>Proyecto STEAM: Rob\u00f3tica aplicada al aula &nbsp; &nbsp; Micro:Bit Raspberry pi&nbsp; &nbsp; &nbsp; &nbsp; &nbsp; &nbsp; Editor &nbsp; La Consejer\u00eda de Educaci\u00f3n y Deporte de la Junta de Andaluc\u00eda pone en marcha este curso el&nbsp;Proyecto STEAM: Rob\u00f3tica aplicada al aula, con el objeto de formar al profesorado en esta tem\u00e1tica y fomentar en el alumnado [&hellip;]<\/p>\n","protected":false},"author":13380,"featured_media":0,"parent":0,"menu_order":0,"comment_status":"closed","ping_status":"closed","template":"","meta":{"_et_pb_use_builder":"","_et_pb_old_content":"","_et_gb_content_width":"","ngg_post_thumbnail":0,"footnotes":""},"aioseo_notices":[],"_links":{"self":[{"href":"https:\/\/blogsaverroes.juntadeandalucia.es\/berta-wilhelmi21\/wp-json\/wp\/v2\/pages\/993"}],"collection":[{"href":"https:\/\/blogsaverroes.juntadeandalucia.es\/berta-wilhelmi21\/wp-json\/wp\/v2\/pages"}],"about":[{"href":"https:\/\/blogsaverroes.juntadeandalucia.es\/berta-wilhelmi21\/wp-json\/wp\/v2\/types\/page"}],"author":[{"embeddable":true,"href":"https:\/\/blogsaverroes.juntadeandalucia.es\/berta-wilhelmi21\/wp-json\/wp\/v2\/users\/13380"}],"replies":[{"embeddable":true,"href":"https:\/\/blogsaverroes.juntadeandalucia.es\/berta-wilhelmi21\/wp-json\/wp\/v2\/comments?post=993"}],"version-history":[{"count":15,"href":"https:\/\/blogsaverroes.juntadeandalucia.es\/berta-wilhelmi21\/wp-json\/wp\/v2\/pages\/993\/revisions"}],"predecessor-version":[{"id":1048,"href":"https:\/\/blogsaverroes.juntadeandalucia.es\/berta-wilhelmi21\/wp-json\/wp\/v2\/pages\/993\/revisions\/1048"}],"wp:attachment":[{"href":"https:\/\/blogsaverroes.juntadeandalucia.es\/berta-wilhelmi21\/wp-json\/wp\/v2\/media?parent=993"}],"curies":[{"name":"wp","href":"https:\/\/api.w.org\/{rel}","templated":true}]}}