{"id":310,"date":"2022-05-23T14:57:30","date_gmt":"2022-05-23T14:57:30","guid":{"rendered":"https:\/\/blogsaverroes.juntadeandalucia.es\/biblioalvar\/?page_id=310"},"modified":"2025-10-29T18:26:15","modified_gmt":"2025-10-29T18:26:15","slug":"equipo-biblioteca","status":"publish","type":"page","link":"https:\/\/blogsaverroes.juntadeandalucia.es\/biblioalvar\/equipo-biblioteca\/","title":{"rendered":"EQUIPO BIBLIOTECA"},"content":{"rendered":"<p>EQUIPO DE APOYO:<\/p>\n<p>Esperanza Manuela Galv\u00e1n (Departamento de Lengua castellana y Literatura)<\/p>\n<p>Isabel Mena (Departamento de Lengua castellana y Literatura)<\/p>\n<p>Mayte Aparicio (Departamento de Lengua castellana y Literatura)<\/p>\n<p>Guadalupe Dastis (Departamento de Lengua castellana y Literatura)<\/p>\n<p>Bego\u00f1a P\u00e9rez Mart\u00edn (Departamento de Ingl\u00e9s)<\/p>\n<p>Manuela S\u00e1nchez (Departamento de Ingl\u00e9s)<\/p>\n<p>Eva M\u00aa Rodr\u00edguez P\u00e9rez (Departamento de Orientaci\u00f3n)<\/p>\n<p>Laura Garc\u00eda Mingorance (Responsable de la Biblioteca. Departamento de Lengua castellana y Literatura)<\/p>\n<p>&nbsp;<\/p>\n<p>&nbsp;<\/p>\n","protected":false},"excerpt":{"rendered":"<p>EQUIPO DE APOYO: Esperanza Manuela Galv\u00e1n (Departamento de Lengua castellana y Literatura) Isabel Mena (Departamento de Lengua castellana y Literatura) Mayte Aparicio (Departamento de Lengua castellana y Literatura) Guadalupe Dastis (Departamento de Lengua castellana&#46;&#46;&#46;<\/p>\n","protected":false},"author":12615,"featured_media":0,"parent":0,"menu_order":0,"comment_status":"closed","ping_status":"closed","template":"","meta":{"ngg_post_thumbnail":0,"footnotes":""},"aioseo_notices":[],"_links":{"self":[{"href":"https:\/\/blogsaverroes.juntadeandalucia.es\/biblioalvar\/wp-json\/wp\/v2\/pages\/310"}],"collection":[{"href":"https:\/\/blogsaverroes.juntadeandalucia.es\/biblioalvar\/wp-json\/wp\/v2\/pages"}],"about":[{"href":"https:\/\/blogsaverroes.juntadeandalucia.es\/biblioalvar\/wp-json\/wp\/v2\/types\/page"}],"author":[{"embeddable":true,"href":"https:\/\/blogsaverroes.juntadeandalucia.es\/biblioalvar\/wp-json\/wp\/v2\/users\/12615"}],"replies":[{"embeddable":true,"href":"https:\/\/blogsaverroes.juntadeandalucia.es\/biblioalvar\/wp-json\/wp\/v2\/comments?post=310"}],"version-history":[{"count":8,"href":"https:\/\/blogsaverroes.juntadeandalucia.es\/biblioalvar\/wp-json\/wp\/v2\/pages\/310\/revisions"}],"predecessor-version":[{"id":665,"href":"https:\/\/blogsaverroes.juntadeandalucia.es\/biblioalvar\/wp-json\/wp\/v2\/pages\/310\/revisions\/665"}],"wp:attachment":[{"href":"https:\/\/blogsaverroes.juntadeandalucia.es\/biblioalvar\/wp-json\/wp\/v2\/media?parent=310"}],"curies":[{"name":"wp","href":"https:\/\/api.w.org\/{rel}","templated":true}]}}