{"id":348,"date":"2022-06-05T09:03:39","date_gmt":"2022-06-05T09:03:39","guid":{"rendered":"https:\/\/blogsaverroes.juntadeandalucia.es\/biblioalvar\/?page_id=348"},"modified":"2022-06-07T13:57:43","modified_gmt":"2022-06-07T13:57:43","slug":"rincon-violeta","status":"publish","type":"page","link":"https:\/\/blogsaverroes.juntadeandalucia.es\/biblioalvar\/rincon-violeta\/","title":{"rendered":"RINC\u00d3N VIOLETA"},"content":{"rendered":"<p>&nbsp;<\/p>\n<p>&nbsp;<\/p>\n<p>Seguimos a\u00f1adiendo novedades a nuestro <span style=\"color: #cc99ff\"><span style=\"font-size: 14pt\"><strong>\u00abRinc\u00f3n violeta\u00bb<\/strong><\/span>.<\/span> La profesora Isabel Mena (coordinadora del Plan de igualdad) ha seleccionado una serie de t\u00edtulos muy interesantes para&nbsp; ampliar este espacio de nuestra biblioteca dedicado a las lecturas de coeducaci\u00f3n. Os esperamos para descubrir todos estos estos nuevos t\u00edtulos&nbsp; y compartir con vosotros\/as el inter\u00e9s por la <span style=\"color: #cc99ff;font-size: 14pt\"><strong>literatura.<\/strong><\/span><\/p>\n<p><img loading=\"lazy\" decoding=\"async\" class=\"size-medium wp-image-354\" src=\"https:\/\/blogsaverroes.juntadeandalucia.es\/biblioalvar\/files\/2022\/06\/IMG_20220525_083508-300x297.jpg\" alt=\"\" width=\"300\" height=\"297\" srcset=\"https:\/\/blogsaverroes.juntadeandalucia.es\/biblioalvar\/files\/2022\/06\/IMG_20220525_083508-300x297.jpg 300w, https:\/\/blogsaverroes.juntadeandalucia.es\/biblioalvar\/files\/2022\/06\/IMG_20220525_083508-1024x1014.jpg 1024w, https:\/\/blogsaverroes.juntadeandalucia.es\/biblioalvar\/files\/2022\/06\/IMG_20220525_083508-150x150.jpg 150w, https:\/\/blogsaverroes.juntadeandalucia.es\/biblioalvar\/files\/2022\/06\/IMG_20220525_083508-768x761.jpg 768w, https:\/\/blogsaverroes.juntadeandalucia.es\/biblioalvar\/files\/2022\/06\/IMG_20220525_083508-1536x1522.jpg 1536w, https:\/\/blogsaverroes.juntadeandalucia.es\/biblioalvar\/files\/2022\/06\/IMG_20220525_083508-2048x2029.jpg 2048w, https:\/\/blogsaverroes.juntadeandalucia.es\/biblioalvar\/files\/2022\/06\/IMG_20220525_083508-80x80.jpg 80w\" sizes=\"(max-width: 300px) 100vw, 300px\" \/><\/p>\n<p><img loading=\"lazy\" decoding=\"async\" class=\"size-medium wp-image-356\" src=\"https:\/\/blogsaverroes.juntadeandalucia.es\/biblioalvar\/files\/2022\/06\/IMG_20220525_083524_edit_546449267574428-278x300.jpg\" alt=\"\" width=\"278\" height=\"300\" srcset=\"https:\/\/blogsaverroes.juntadeandalucia.es\/biblioalvar\/files\/2022\/06\/IMG_20220525_083524_edit_546449267574428-278x300.jpg 278w, https:\/\/blogsaverroes.juntadeandalucia.es\/biblioalvar\/files\/2022\/06\/IMG_20220525_083524_edit_546449267574428-947x1024.jpg 947w, https:\/\/blogsaverroes.juntadeandalucia.es\/biblioalvar\/files\/2022\/06\/IMG_20220525_083524_edit_546449267574428-768x830.jpg 768w, https:\/\/blogsaverroes.juntadeandalucia.es\/biblioalvar\/files\/2022\/06\/IMG_20220525_083524_edit_546449267574428-1421x1536.jpg 1421w, https:\/\/blogsaverroes.juntadeandalucia.es\/biblioalvar\/files\/2022\/06\/IMG_20220525_083524_edit_546449267574428-1895x2048.jpg 1895w\" sizes=\"(max-width: 278px) 100vw, 278px\" \/><\/p>\n<p><img loading=\"lazy\" decoding=\"async\" class=\"size-medium wp-image-359\" src=\"https:\/\/blogsaverroes.juntadeandalucia.es\/biblioalvar\/files\/2022\/06\/IMG_20220525_083642_edit_546352425905172-300x218.jpg\" alt=\"\" width=\"300\" height=\"218\" srcset=\"https:\/\/blogsaverroes.juntadeandalucia.es\/biblioalvar\/files\/2022\/06\/IMG_20220525_083642_edit_546352425905172-300x218.jpg 300w, https:\/\/blogsaverroes.juntadeandalucia.es\/biblioalvar\/files\/2022\/06\/IMG_20220525_083642_edit_546352425905172-1024x746.jpg 1024w, https:\/\/blogsaverroes.juntadeandalucia.es\/biblioalvar\/files\/2022\/06\/IMG_20220525_083642_edit_546352425905172-768x559.jpg 768w, https:\/\/blogsaverroes.juntadeandalucia.es\/biblioalvar\/files\/2022\/06\/IMG_20220525_083642_edit_546352425905172-1536x1119.jpg 1536w, https:\/\/blogsaverroes.juntadeandalucia.es\/biblioalvar\/files\/2022\/06\/IMG_20220525_083642_edit_546352425905172-2048x1491.jpg 2048w\" sizes=\"(max-width: 300px) 100vw, 300px\" \/><\/p>\n<p><img loading=\"lazy\" decoding=\"async\" class=\"size-medium wp-image-358\" src=\"https:\/\/blogsaverroes.juntadeandalucia.es\/biblioalvar\/files\/2022\/06\/IMG_20220525_083623_edit_546396147728082-246x300.jpg\" alt=\"\" width=\"246\" height=\"300\" srcset=\"https:\/\/blogsaverroes.juntadeandalucia.es\/biblioalvar\/files\/2022\/06\/IMG_20220525_083623_edit_546396147728082-246x300.jpg 246w, https:\/\/blogsaverroes.juntadeandalucia.es\/biblioalvar\/files\/2022\/06\/IMG_20220525_083623_edit_546396147728082-839x1024.jpg 839w, https:\/\/blogsaverroes.juntadeandalucia.es\/biblioalvar\/files\/2022\/06\/IMG_20220525_083623_edit_546396147728082-768x938.jpg 768w, https:\/\/blogsaverroes.juntadeandalucia.es\/biblioalvar\/files\/2022\/06\/IMG_20220525_083623_edit_546396147728082-1258x1536.jpg 1258w, https:\/\/blogsaverroes.juntadeandalucia.es\/biblioalvar\/files\/2022\/06\/IMG_20220525_083623_edit_546396147728082-1677x2048.jpg 1677w\" sizes=\"(max-width: 246px) 100vw, 246px\" \/><\/p>\n<p><img loading=\"lazy\" decoding=\"async\" class=\"size-medium wp-image-357\" src=\"https:\/\/blogsaverroes.juntadeandalucia.es\/biblioalvar\/files\/2022\/06\/IMG_20220525_083608_edit_546424199791620-300x197.jpg\" alt=\"\" width=\"300\" height=\"197\" srcset=\"https:\/\/blogsaverroes.juntadeandalucia.es\/biblioalvar\/files\/2022\/06\/IMG_20220525_083608_edit_546424199791620-300x197.jpg 300w, https:\/\/blogsaverroes.juntadeandalucia.es\/biblioalvar\/files\/2022\/06\/IMG_20220525_083608_edit_546424199791620-1024x673.jpg 1024w, https:\/\/blogsaverroes.juntadeandalucia.es\/biblioalvar\/files\/2022\/06\/IMG_20220525_083608_edit_546424199791620-768x505.jpg 768w, https:\/\/blogsaverroes.juntadeandalucia.es\/biblioalvar\/files\/2022\/06\/IMG_20220525_083608_edit_546424199791620-1536x1010.jpg 1536w, https:\/\/blogsaverroes.juntadeandalucia.es\/biblioalvar\/files\/2022\/06\/IMG_20220525_083608_edit_546424199791620-2048x1346.jpg 2048w\" sizes=\"(max-width: 300px) 100vw, 300px\" \/><\/p>\n","protected":false},"excerpt":{"rendered":"<p>&nbsp; &nbsp; Seguimos a\u00f1adiendo novedades a nuestro \u00abRinc\u00f3n violeta\u00bb. La profesora Isabel Mena (coordinadora del Plan de igualdad) ha seleccionado una serie de t\u00edtulos muy interesantes para&nbsp; ampliar este espacio de nuestra biblioteca dedicado&#46;&#46;&#46;<\/p>\n","protected":false},"author":12615,"featured_media":352,"parent":0,"menu_order":0,"comment_status":"closed","ping_status":"closed","template":"","meta":{"ngg_post_thumbnail":0,"footnotes":""},"aioseo_notices":[],"_links":{"self":[{"href":"https:\/\/blogsaverroes.juntadeandalucia.es\/biblioalvar\/wp-json\/wp\/v2\/pages\/348"}],"collection":[{"href":"https:\/\/blogsaverroes.juntadeandalucia.es\/biblioalvar\/wp-json\/wp\/v2\/pages"}],"about":[{"href":"https:\/\/blogsaverroes.juntadeandalucia.es\/biblioalvar\/wp-json\/wp\/v2\/types\/page"}],"author":[{"embeddable":true,"href":"https:\/\/blogsaverroes.juntadeandalucia.es\/biblioalvar\/wp-json\/wp\/v2\/users\/12615"}],"replies":[{"embeddable":true,"href":"https:\/\/blogsaverroes.juntadeandalucia.es\/biblioalvar\/wp-json\/wp\/v2\/comments?post=348"}],"version-history":[{"count":8,"href":"https:\/\/blogsaverroes.juntadeandalucia.es\/biblioalvar\/wp-json\/wp\/v2\/pages\/348\/revisions"}],"predecessor-version":[{"id":371,"href":"https:\/\/blogsaverroes.juntadeandalucia.es\/biblioalvar\/wp-json\/wp\/v2\/pages\/348\/revisions\/371"}],"wp:featuredmedia":[{"embeddable":true,"href":"https:\/\/blogsaverroes.juntadeandalucia.es\/biblioalvar\/wp-json\/wp\/v2\/media\/352"}],"wp:attachment":[{"href":"https:\/\/blogsaverroes.juntadeandalucia.es\/biblioalvar\/wp-json\/wp\/v2\/media?parent=348"}],"curies":[{"name":"wp","href":"https:\/\/api.w.org\/{rel}","templated":true}]}}