{"id":68,"date":"2019-03-20T10:48:02","date_gmt":"2019-03-20T10:48:02","guid":{"rendered":"https:\/\/blogsaverroes.juntadeandalucia.es\/bibliocazaban\/?page_id=68"},"modified":"2021-03-21T14:54:09","modified_gmt":"2021-03-21T13:54:09","slug":"yayoi-kusama","status":"publish","type":"page","link":"https:\/\/blogsaverroes.juntadeandalucia.es\/bibliocazaban\/yayoi-kusama\/","title":{"rendered":"Yayoi Kusama"},"content":{"rendered":"<p>Desde la Biblioteca, siguiendo el proyecto&nbsp; REENCONTRARTE, sugerido desde Delegaci\u00f3n de Educaci\u00f3n y con el objetivo de dar visibilidad a mujeres artistas olvidadas, hemos comenzado a trabajar a una artista japonesa&#8230;<\/p>\n<p style=\"text-align: center\"><span style=\"font-family: 'comic sans ms', sans-serif;font-size: 36pt;color: #ff0000\">YAYOI KUSAMA<\/span><\/p>\n<p style=\"text-align: center\"><a href=\"https:\/\/yayoikusamamuseum.jp\/en\/about\/museum\/\" target=\"_blank\" rel=\"noopener noreferrer\">( CLIC AQU\u00cd PARA IR AL MUSEO )<\/a><\/p>\n<p>&nbsp;<\/p>\n<p><span style=\"font-size: 24pt\">COMENZAMOS CON EL PROYECTO:<\/span><\/p>\n<p>&nbsp;<\/p>\n<p>Nuestro cole se est\u00e1 envolviendo de puntos, de todos los&nbsp;<span style=\"color: #00ff00\">colores<\/span>,&nbsp;<span style=\"font-size: 24pt\">tama\u00f1os,<\/span><span style=\"font-family: impact, sans-serif\">&nbsp;texturas\u2026&nbsp;<\/span><\/p>\n<p>Os dejamos una muestra de como esta quedando al m\u00e1s estilo yayoi:<\/p>\n<p><span style=\"font-family: impact, sans-serif\"><img loading=\"lazy\" decoding=\"async\" class=\"alignnone size-medium wp-image-96\" src=\"https:\/\/blogsaverroes.juntadeandalucia.es\/bibliocazaban\/files\/2019\/04\/IMG_2404-300x225.jpg\" alt=\"\" width=\"300\" height=\"225\" srcset=\"https:\/\/blogsaverroes.juntadeandalucia.es\/bibliocazaban\/files\/2019\/04\/IMG_2404-300x225.jpg 300w, https:\/\/blogsaverroes.juntadeandalucia.es\/bibliocazaban\/files\/2019\/04\/IMG_2404-24x18.jpg 24w, https:\/\/blogsaverroes.juntadeandalucia.es\/bibliocazaban\/files\/2019\/04\/IMG_2404-36x27.jpg 36w, https:\/\/blogsaverroes.juntadeandalucia.es\/bibliocazaban\/files\/2019\/04\/IMG_2404-48x36.jpg 48w, https:\/\/blogsaverroes.juntadeandalucia.es\/bibliocazaban\/files\/2019\/04\/IMG_2404.jpg 640w\" sizes=\"(max-width: 300px) 100vw, 300px\" \/> <img loading=\"lazy\" decoding=\"async\" class=\"alignnone size-medium wp-image-87\" src=\"https:\/\/blogsaverroes.juntadeandalucia.es\/bibliocazaban\/files\/2019\/04\/IMG_2396-300x225.jpg\" alt=\"\" width=\"300\" height=\"225\" srcset=\"https:\/\/blogsaverroes.juntadeandalucia.es\/bibliocazaban\/files\/2019\/04\/IMG_2396-300x225.jpg 300w, https:\/\/blogsaverroes.juntadeandalucia.es\/bibliocazaban\/files\/2019\/04\/IMG_2396-24x18.jpg 24w, https:\/\/blogsaverroes.juntadeandalucia.es\/bibliocazaban\/files\/2019\/04\/IMG_2396-36x27.jpg 36w, https:\/\/blogsaverroes.juntadeandalucia.es\/bibliocazaban\/files\/2019\/04\/IMG_2396-48x36.jpg 48w, https:\/\/blogsaverroes.juntadeandalucia.es\/bibliocazaban\/files\/2019\/04\/IMG_2396.jpg 640w\" sizes=\"(max-width: 300px) 100vw, 300px\" \/> <img loading=\"lazy\" decoding=\"async\" class=\"alignnone size-medium wp-image-86\" src=\"https:\/\/blogsaverroes.juntadeandalucia.es\/bibliocazaban\/files\/2019\/04\/IMG_2395-300x187.jpg\" alt=\"\" width=\"300\" height=\"187\" srcset=\"https:\/\/blogsaverroes.juntadeandalucia.es\/bibliocazaban\/files\/2019\/04\/IMG_2395-300x187.jpg 300w, https:\/\/blogsaverroes.juntadeandalucia.es\/bibliocazaban\/files\/2019\/04\/IMG_2395-24x15.jpg 24w, https:\/\/blogsaverroes.juntadeandalucia.es\/bibliocazaban\/files\/2019\/04\/IMG_2395-36x22.jpg 36w, https:\/\/blogsaverroes.juntadeandalucia.es\/bibliocazaban\/files\/2019\/04\/IMG_2395-48x30.jpg 48w, https:\/\/blogsaverroes.juntadeandalucia.es\/bibliocazaban\/files\/2019\/04\/IMG_2395.jpg 640w\" sizes=\"(max-width: 300px) 100vw, 300px\" \/> <img loading=\"lazy\" decoding=\"async\" class=\"alignnone size-medium wp-image-85\" src=\"https:\/\/blogsaverroes.juntadeandalucia.es\/bibliocazaban\/files\/2019\/04\/IMG_2392-300x225.jpg\" alt=\"\" width=\"300\" height=\"225\" srcset=\"https:\/\/blogsaverroes.juntadeandalucia.es\/bibliocazaban\/files\/2019\/04\/IMG_2392-300x225.jpg 300w, https:\/\/blogsaverroes.juntadeandalucia.es\/bibliocazaban\/files\/2019\/04\/IMG_2392-24x18.jpg 24w, https:\/\/blogsaverroes.juntadeandalucia.es\/bibliocazaban\/files\/2019\/04\/IMG_2392-36x27.jpg 36w, https:\/\/blogsaverroes.juntadeandalucia.es\/bibliocazaban\/files\/2019\/04\/IMG_2392-48x36.jpg 48w, https:\/\/blogsaverroes.juntadeandalucia.es\/bibliocazaban\/files\/2019\/04\/IMG_2392.jpg 640w\" sizes=\"(max-width: 300px) 100vw, 300px\" \/> <img loading=\"lazy\" decoding=\"async\" class=\"alignnone size-medium wp-image-84\" src=\"https:\/\/blogsaverroes.juntadeandalucia.es\/bibliocazaban\/files\/2019\/04\/IMG_2313-300x170.jpg\" alt=\"\" width=\"300\" height=\"170\" srcset=\"https:\/\/blogsaverroes.juntadeandalucia.es\/bibliocazaban\/files\/2019\/04\/IMG_2313-300x170.jpg 300w, https:\/\/blogsaverroes.juntadeandalucia.es\/bibliocazaban\/files\/2019\/04\/IMG_2313-24x14.jpg 24w, https:\/\/blogsaverroes.juntadeandalucia.es\/bibliocazaban\/files\/2019\/04\/IMG_2313-36x20.jpg 36w, https:\/\/blogsaverroes.juntadeandalucia.es\/bibliocazaban\/files\/2019\/04\/IMG_2313-48x27.jpg 48w, https:\/\/blogsaverroes.juntadeandalucia.es\/bibliocazaban\/files\/2019\/04\/IMG_2313.jpg 597w\" sizes=\"(max-width: 300px) 100vw, 300px\" \/> <img loading=\"lazy\" decoding=\"async\" class=\"alignnone size-medium wp-image-83\" src=\"https:\/\/blogsaverroes.juntadeandalucia.es\/bibliocazaban\/files\/2019\/04\/IMG_2311-300x176.jpg\" alt=\"\" width=\"300\" height=\"176\" srcset=\"https:\/\/blogsaverroes.juntadeandalucia.es\/bibliocazaban\/files\/2019\/04\/IMG_2311-300x176.jpg 300w, https:\/\/blogsaverroes.juntadeandalucia.es\/bibliocazaban\/files\/2019\/04\/IMG_2311-24x14.jpg 24w, https:\/\/blogsaverroes.juntadeandalucia.es\/bibliocazaban\/files\/2019\/04\/IMG_2311-36x21.jpg 36w, https:\/\/blogsaverroes.juntadeandalucia.es\/bibliocazaban\/files\/2019\/04\/IMG_2311-48x28.jpg 48w, https:\/\/blogsaverroes.juntadeandalucia.es\/bibliocazaban\/files\/2019\/04\/IMG_2311.jpg 640w\" sizes=\"(max-width: 300px) 100vw, 300px\" \/><\/span><\/p>\n<p>&nbsp;<\/p>\n<p><span style=\"font-size: 24pt\">Yayoi Kusama, protagonista de nuestras presentaciones:<\/span><\/p>\n<div style=\"padding-bottom: 56.25%;padding-top: 0;height: 0\"><iframe loading=\"lazy\" src=\"https:\/\/view.genial.ly\/5c58b22f8805472c34558fce\" width=\"1200px\" height=\"675px\" frameborder=\"0\" scrolling=\"yes\"><\/iframe><\/div>\n<div>&nbsp;<\/div>\n<div>&nbsp;<\/div>\n<div>&nbsp;<\/div>\n<div>&nbsp;<\/div>\n<div>&nbsp;<\/div>\n<div>&nbsp;<\/div>\n<div>&nbsp;<\/div>\n<div>&nbsp;<\/div>\n<div>&nbsp;<\/div>\n<div>&nbsp;<\/div>\n<div>&nbsp;<\/div>\n<div>\n<p>Con motivo de la Semana Cultural:&nbsp; <span style=\"font-size: 18pt;color: #0000ff\">\u00abAQUI TODOS Y TODAS PINTAMOS ALGO\u00bb<\/span><\/p>\n<p>\u00bb y siguiendo con nuestro proyecto de Yayoi Kusama, hemos creado &#8230;<span style=\"font-size: 18pt;color: #00ff00\">\u00bb Obliteration room\u00bb<\/span> y \u00bfque es eso?&#8230;<\/p>\n<p>PUES&#8230;<\/p>\n<p>Una espacio en blanco, m\u00e1s de 300 ni\u00f1os y ni\u00f1as, m\u00e1s de 6000 puntos de colores&#8230; y nuestra imaginaci\u00f3n al poder, os dejamos el video!!!!&nbsp;<\/p>\n<p style=\"text-align: center\"><span style=\"font-size: 24pt;color: #ff0000\">\u00a1\u00a1ESPEREMOS QUE OS GUSTE!!&nbsp;<\/span><\/p>\n<\/div>\n<div style=\"width: 100%\"><iframe loading=\"lazy\" src=\"\/\/www.youtube.com\/embed\/OOZpc_Msv9Y\" width=\"560\" height=\"314\"><\/iframe><\/div>\n<div>&nbsp;<\/div>\n<div>&nbsp;<\/div>\n<div>&nbsp;<\/div>\n<div>&nbsp;<\/div>\n<div>Para finalizar nuestro proyecto, desde el CEP (Centro de Profesorado) nos mandaron un paraguas <span style=\"font-size: 18pt\"><strong>NEGRO<\/strong><\/span>, para customizar al m\u00e1s estilo <span style=\"font-size: 18pt;color: #ff0000\">YAYOI<\/span>, y despu\u00e9s de pensar y pensar&#8230;.<\/div>\n<div style=\"text-align: center\">&nbsp;<\/div>\n<div>Con la colaboraci\u00f3n y elaboraci\u00f3n de todos los ni\u00f1os y ni\u00f1as del cole<\/div>\n<div style=\"text-align: center\"><span style=\"font-size: 24pt;color: #339966\">\u00a1ESTE HA SIDO EL RESULTADO!<\/span><\/div>\n<div>&nbsp;<\/div>\n<div><img loading=\"lazy\" decoding=\"async\" class=\"size-medium wp-image-133 aligncenter\" src=\"https:\/\/blogsaverroes.juntadeandalucia.es\/bibliocazaban\/files\/2019\/03\/IMG_2447-300x249.jpg\" alt=\"\" width=\"300\" height=\"249\" srcset=\"https:\/\/blogsaverroes.juntadeandalucia.es\/bibliocazaban\/files\/2019\/03\/IMG_2447-300x249.jpg 300w, https:\/\/blogsaverroes.juntadeandalucia.es\/bibliocazaban\/files\/2019\/03\/IMG_2447-24x20.jpg 24w, https:\/\/blogsaverroes.juntadeandalucia.es\/bibliocazaban\/files\/2019\/03\/IMG_2447-36x30.jpg 36w, https:\/\/blogsaverroes.juntadeandalucia.es\/bibliocazaban\/files\/2019\/03\/IMG_2447-48x40.jpg 48w, https:\/\/blogsaverroes.juntadeandalucia.es\/bibliocazaban\/files\/2019\/03\/IMG_2447.jpg 574w\" sizes=\"(max-width: 300px) 100vw, 300px\" \/> <img loading=\"lazy\" decoding=\"async\" class=\"alignnone size-medium wp-image-134\" src=\"https:\/\/blogsaverroes.juntadeandalucia.es\/bibliocazaban\/files\/2019\/03\/IMG_2449-300x225.jpg\" alt=\"\" width=\"300\" height=\"225\" srcset=\"https:\/\/blogsaverroes.juntadeandalucia.es\/bibliocazaban\/files\/2019\/03\/IMG_2449-300x225.jpg 300w, https:\/\/blogsaverroes.juntadeandalucia.es\/bibliocazaban\/files\/2019\/03\/IMG_2449-24x18.jpg 24w, https:\/\/blogsaverroes.juntadeandalucia.es\/bibliocazaban\/files\/2019\/03\/IMG_2449-36x27.jpg 36w, https:\/\/blogsaverroes.juntadeandalucia.es\/bibliocazaban\/files\/2019\/03\/IMG_2449-48x36.jpg 48w, https:\/\/blogsaverroes.juntadeandalucia.es\/bibliocazaban\/files\/2019\/03\/IMG_2449.jpg 640w\" sizes=\"(max-width: 300px) 100vw, 300px\" \/><img loading=\"lazy\" decoding=\"async\" class=\"size-medium wp-image-135 alignright\" src=\"https:\/\/blogsaverroes.juntadeandalucia.es\/bibliocazaban\/files\/2019\/03\/IMG_2450-300x225.jpg\" alt=\"\" width=\"300\" height=\"225\" srcset=\"https:\/\/blogsaverroes.juntadeandalucia.es\/bibliocazaban\/files\/2019\/03\/IMG_2450-300x225.jpg 300w, https:\/\/blogsaverroes.juntadeandalucia.es\/bibliocazaban\/files\/2019\/03\/IMG_2450-24x18.jpg 24w, https:\/\/blogsaverroes.juntadeandalucia.es\/bibliocazaban\/files\/2019\/03\/IMG_2450-36x27.jpg 36w, https:\/\/blogsaverroes.juntadeandalucia.es\/bibliocazaban\/files\/2019\/03\/IMG_2450-48x36.jpg 48w, https:\/\/blogsaverroes.juntadeandalucia.es\/bibliocazaban\/files\/2019\/03\/IMG_2450.jpg 640w\" sizes=\"(max-width: 300px) 100vw, 300px\" \/><\/div>\n<div>&nbsp;<\/div>\n<div>Muchos de nuestros alumnos han investigado sobre nuestra artista favorita y prueba de ello ha sido unas bonitas presentaciones que han preparado&#8230;. Os dejamos una de ellas! No olvides pinchar el enlace.&nbsp;<\/div>\n<div>&nbsp;<\/div>\n<div><a href=\"https:\/\/blogsaverroes.juntadeandalucia.es\/bibliocazaban\/files\/2019\/03\/Yayoi-Kusama.pptx\">Yayoi Kusama<\/a><\/div>\n<div>&nbsp;<\/div>\n<div>&nbsp;<\/div>\n<div>&nbsp;<\/div>\n","protected":false},"excerpt":{"rendered":"<p>Desde la Biblioteca, siguiendo el proyecto&nbsp; REENCONTRARTE, sugerido desde Delegaci\u00f3n de Educaci\u00f3n y con el objetivo de dar visibilidad a mujeres artistas olvidadas, hemos comenzado a trabajar a una artista japonesa&#8230; YAYOI KUSAMA (&#46;&#46;&#46;<\/p>\n","protected":false},"author":7052,"featured_media":0,"parent":0,"menu_order":0,"comment_status":"closed","ping_status":"closed","template":"","meta":{"ngg_post_thumbnail":0,"footnotes":""},"aioseo_notices":[],"_links":{"self":[{"href":"https:\/\/blogsaverroes.juntadeandalucia.es\/bibliocazaban\/wp-json\/wp\/v2\/pages\/68"}],"collection":[{"href":"https:\/\/blogsaverroes.juntadeandalucia.es\/bibliocazaban\/wp-json\/wp\/v2\/pages"}],"about":[{"href":"https:\/\/blogsaverroes.juntadeandalucia.es\/bibliocazaban\/wp-json\/wp\/v2\/types\/page"}],"author":[{"embeddable":true,"href":"https:\/\/blogsaverroes.juntadeandalucia.es\/bibliocazaban\/wp-json\/wp\/v2\/users\/7052"}],"replies":[{"embeddable":true,"href":"https:\/\/blogsaverroes.juntadeandalucia.es\/bibliocazaban\/wp-json\/wp\/v2\/comments?post=68"}],"version-history":[{"count":12,"href":"https:\/\/blogsaverroes.juntadeandalucia.es\/bibliocazaban\/wp-json\/wp\/v2\/pages\/68\/revisions"}],"predecessor-version":[{"id":333,"href":"https:\/\/blogsaverroes.juntadeandalucia.es\/bibliocazaban\/wp-json\/wp\/v2\/pages\/68\/revisions\/333"}],"wp:attachment":[{"href":"https:\/\/blogsaverroes.juntadeandalucia.es\/bibliocazaban\/wp-json\/wp\/v2\/media?parent=68"}],"curies":[{"name":"wp","href":"https:\/\/api.w.org\/{rel}","templated":true}]}}