{"id":229,"date":"2020-11-25T12:17:21","date_gmt":"2020-11-25T12:17:21","guid":{"rendered":"https:\/\/blogsaverroes.juntadeandalucia.es\/bibliojarales\/?page_id=229"},"modified":"2020-11-25T12:17:21","modified_gmt":"2020-11-25T12:17:21","slug":"25-xi-dia-contra-la-violencia-de-genero","status":"publish","type":"page","link":"https:\/\/blogsaverroes.juntadeandalucia.es\/bibliojarales\/efemerides\/25-xi-dia-contra-la-violencia-de-genero\/","title":{"rendered":"25-XI D\u00eda contra la violencia de g\u00e9nero"},"content":{"rendered":"<p><iframe loading=\"lazy\" src=\"\/\/www.youtube.com\/embed\/ip95ADQOtWE\" width=\"560\" height=\"314\"><\/iframe><\/p>\n<p>Desde el CEIP Los Jarales hemos elaborado un v\u00eddeo recopilatorio con todas las fotos enviadas por las familias para celebrar el d\u00eda contra la violencia de g\u00e9nero.&nbsp; Ha quedado muy bonito, nuestro colegio est\u00e1 repleto de bonitas familias que se quieren, se cuidan y se respetan.<\/p>\n<p>\u00a1A disfrutarlo, muchas gracias a todos por su colaboraci\u00f3n!.<\/p>\n","protected":false},"excerpt":{"rendered":"<p>Desde el CEIP Los Jarales hemos elaborado un v\u00eddeo recopilatorio con todas las fotos enviadas por las familias para celebrar el d\u00eda contra la violencia de g\u00e9nero.&nbsp; Ha quedado muy bonito, nuestro colegio est\u00e1&#46;&#46;&#46;<\/p>\n","protected":false},"author":3950,"featured_media":0,"parent":34,"menu_order":0,"comment_status":"closed","ping_status":"closed","template":"","meta":{"ngg_post_thumbnail":0,"footnotes":""},"aioseo_notices":[],"_links":{"self":[{"href":"https:\/\/blogsaverroes.juntadeandalucia.es\/bibliojarales\/wp-json\/wp\/v2\/pages\/229"}],"collection":[{"href":"https:\/\/blogsaverroes.juntadeandalucia.es\/bibliojarales\/wp-json\/wp\/v2\/pages"}],"about":[{"href":"https:\/\/blogsaverroes.juntadeandalucia.es\/bibliojarales\/wp-json\/wp\/v2\/types\/page"}],"author":[{"embeddable":true,"href":"https:\/\/blogsaverroes.juntadeandalucia.es\/bibliojarales\/wp-json\/wp\/v2\/users\/3950"}],"replies":[{"embeddable":true,"href":"https:\/\/blogsaverroes.juntadeandalucia.es\/bibliojarales\/wp-json\/wp\/v2\/comments?post=229"}],"version-history":[{"count":1,"href":"https:\/\/blogsaverroes.juntadeandalucia.es\/bibliojarales\/wp-json\/wp\/v2\/pages\/229\/revisions"}],"predecessor-version":[{"id":230,"href":"https:\/\/blogsaverroes.juntadeandalucia.es\/bibliojarales\/wp-json\/wp\/v2\/pages\/229\/revisions\/230"}],"up":[{"embeddable":true,"href":"https:\/\/blogsaverroes.juntadeandalucia.es\/bibliojarales\/wp-json\/wp\/v2\/pages\/34"}],"wp:attachment":[{"href":"https:\/\/blogsaverroes.juntadeandalucia.es\/bibliojarales\/wp-json\/wp\/v2\/media?parent=229"}],"curies":[{"name":"wp","href":"https:\/\/api.w.org\/{rel}","templated":true}]}}