{"id":63,"date":"2017-01-26T11:40:29","date_gmt":"2017-01-26T11:40:29","guid":{"rendered":"http:\/\/blogsaverroes.juntadeandalucia.es\/bibliojarales\/?page_id=63"},"modified":"2020-12-04T07:56:46","modified_gmt":"2020-12-04T07:56:46","slug":"tablon-de-anuncios","status":"publish","type":"page","link":"https:\/\/blogsaverroes.juntadeandalucia.es\/bibliojarales\/","title":{"rendered":"TABL\u00d3N DE ANUNCIOS"},"content":{"rendered":"<p>Pincha en el enlace para acceder a la p\u00e1gina.<\/p>\n<p><a href=\"https:\/\/blogsaverroes.juntadeandalucia.es\/bibliojarales\/actividades-biblioteca\/\" target=\"_blank\" rel=\"noopener noreferrer\">CONCURSO \u00abTe recomiento un libro\u00bb.<\/a><\/p>\n<p><a title=\"D\u00cdA INTERNACIONAL CONTRA LA VIOLENCIA DE G\u00c9NERO\" href=\"https:\/\/blogsaverroes.juntadeandalucia.es\/bibliojarales\/efemerides\/25-xi-dia-contra-la-violencia-de-genero\/\">D\u00cdA INTERNACIONAL CONTRA LA VIOLENCIA DE G\u00c9NERO<\/a><a href=\"https:\/\/blogsaverroes.juntadeandalucia.es\/bibliojarales\/files\/2020\/11\/IMG-20201124-WA0003-1.jpg\"><img loading=\"lazy\" decoding=\"async\" class=\"aligncenter wp-image-232 size-large\" src=\"https:\/\/blogsaverroes.juntadeandalucia.es\/bibliojarales\/files\/2020\/11\/IMG-20201124-WA0003-1-575x1024.jpg\" alt=\"\" width=\"575\" height=\"1024\" srcset=\"https:\/\/blogsaverroes.juntadeandalucia.es\/bibliojarales\/files\/2020\/11\/IMG-20201124-WA0003-1-575x1024.jpg 575w, https:\/\/blogsaverroes.juntadeandalucia.es\/bibliojarales\/files\/2020\/11\/IMG-20201124-WA0003-1-168x300.jpg 168w, https:\/\/blogsaverroes.juntadeandalucia.es\/bibliojarales\/files\/2020\/11\/IMG-20201124-WA0003-1-768x1368.jpg 768w, https:\/\/blogsaverroes.juntadeandalucia.es\/bibliojarales\/files\/2020\/11\/IMG-20201124-WA0003-1-862x1536.jpg 862w, https:\/\/blogsaverroes.juntadeandalucia.es\/bibliojarales\/files\/2020\/11\/IMG-20201124-WA0003-1-700x1247.jpg 700w, https:\/\/blogsaverroes.juntadeandalucia.es\/bibliojarales\/files\/2020\/11\/IMG-20201124-WA0003-1-332x592.jpg 332w, https:\/\/blogsaverroes.juntadeandalucia.es\/bibliojarales\/files\/2020\/11\/IMG-20201124-WA0003-1-13x24.jpg 13w, https:\/\/blogsaverroes.juntadeandalucia.es\/bibliojarales\/files\/2020\/11\/IMG-20201124-WA0003-1-20x36.jpg 20w, https:\/\/blogsaverroes.juntadeandalucia.es\/bibliojarales\/files\/2020\/11\/IMG-20201124-WA0003-1-27x48.jpg 27w, https:\/\/blogsaverroes.juntadeandalucia.es\/bibliojarales\/files\/2020\/11\/IMG-20201124-WA0003-1.jpg 898w\" sizes=\"(max-width: 575px) 100vw, 575px\" \/><\/a><\/p>\n<p style=\"text-align: center\"><strong>LIBROS MONSTRUOSOS<\/strong><\/p>\n<p style=\"text-align: justify;line-height: 18.25pt;background: white;vertical-align: baseline;margin: 0cm 0cm 18.0pt 0cm\"><span style=\"font-size: 11.5pt;font-family: 'Arial','sans-serif';color: #333333\">Estimadas familias, vamos a aprovechar la celebraci\u00f3n de Halloween, que tanto motiva a los ni\u00f1os, para trabajar las descripciones. Les hemos pedido que creen \u00absu monstruo\u00bb, el de cada uno es distinto, ya que contiene sus propios miedos. Deber\u00e1n escribirlo y dibujarlo. Con todos los textos y dibujos editaremos el libro de monstruos de la clase. Este libro pasar\u00e1 a formar parte de la biblioteca del colegio junto con todos los que hagan los compa\u00f1eros y compa\u00f1eras de otras clases. Por eso, este va a ser un trabajo m\u00e1s especial. Os animamos a que les ayud\u00e9is a expresar con m\u00e1s riqueza ( uso de adjetivos apropiados, descripci\u00f3n de detalles&#8230;) cu\u00e1l es el monstruo que se les parece. A qu\u00e9 le tienen miedo.<\/span><\/p>\n<p style=\"text-align: start;line-height: 18.25pt;background: white;vertical-align: baseline;margin: 0cm 0cm 18.0pt 0cm\"><span style=\"font-size: 11.5pt;font-family: 'Arial','sans-serif';color: #333333\">Durante la semana compartiremos, mostrando, leyendo, comentando, todos los trabajos. Esperamos conseguir un libro verdaderamente \u00abmonstruoso\u00bb en el mejor de los sentidos.&nbsp;<\/span><\/p>\n<p>Gracias por vuestra colaboraci\u00f3n<\/p>\n<p>Mar\u00eda<\/p>\n<p><a href=\"https:\/\/blogsaverroes.juntadeandalucia.es\/bibliojarales\/files\/2017\/01\/616WNd-oDqL.jpg\"><img loading=\"lazy\" decoding=\"async\" class=\"aligncenter size-medium wp-image-127\" src=\"https:\/\/blogsaverroes.juntadeandalucia.es\/bibliojarales\/files\/2017\/01\/616WNd-oDqL-231x300.jpg\" alt=\"\" width=\"231\" height=\"300\" srcset=\"https:\/\/blogsaverroes.juntadeandalucia.es\/bibliojarales\/files\/2017\/01\/616WNd-oDqL-231x300.jpg 231w, https:\/\/blogsaverroes.juntadeandalucia.es\/bibliojarales\/files\/2017\/01\/616WNd-oDqL-768x996.jpg 768w, https:\/\/blogsaverroes.juntadeandalucia.es\/bibliojarales\/files\/2017\/01\/616WNd-oDqL-790x1024.jpg 790w, https:\/\/blogsaverroes.juntadeandalucia.es\/bibliojarales\/files\/2017\/01\/616WNd-oDqL-700x908.jpg 700w, https:\/\/blogsaverroes.juntadeandalucia.es\/bibliojarales\/files\/2017\/01\/616WNd-oDqL-332x431.jpg 332w, https:\/\/blogsaverroes.juntadeandalucia.es\/bibliojarales\/files\/2017\/01\/616WNd-oDqL-19x24.jpg 19w, https:\/\/blogsaverroes.juntadeandalucia.es\/bibliojarales\/files\/2017\/01\/616WNd-oDqL-28x36.jpg 28w, https:\/\/blogsaverroes.juntadeandalucia.es\/bibliojarales\/files\/2017\/01\/616WNd-oDqL-37x48.jpg 37w, https:\/\/blogsaverroes.juntadeandalucia.es\/bibliojarales\/files\/2017\/01\/616WNd-oDqL.jpg 1000w\" sizes=\"(max-width: 231px) 100vw, 231px\" \/><\/a><\/p>\n<p>Adem\u00e1s, animamos a los ni\u00f1os a sacar libros monstruosos de la biblioteca, los lunes, mi\u00e9rcoles y viernes en la hora del recreo.<\/p>\n<p>______________________________________________________________<\/p>\n<p>Estimadas familias, nuestro alumnado de 1\u00ba &nbsp;ya ha comenzado su aventura literaria en la Biblioteca de nuestro Centro. Hoy llevan a casa su primer libro prestado y esperamos que disfruten mucho con su lectura.<\/p>\n<p><strong>Las normas para dicho uso son las siguientes:&nbsp;&nbsp;&nbsp;&nbsp;&nbsp;&nbsp;&nbsp;&nbsp;&nbsp;&nbsp;&nbsp;&nbsp;&nbsp;&nbsp;&nbsp;&nbsp;&nbsp;&nbsp;&nbsp;&nbsp;&nbsp;&nbsp;&nbsp;&nbsp;&nbsp;&nbsp;&nbsp;&nbsp;&nbsp;&nbsp;&nbsp;&nbsp;&nbsp;&nbsp;&nbsp;&nbsp;&nbsp;&nbsp;&nbsp;&nbsp;&nbsp;&nbsp;&nbsp;&nbsp;&nbsp;&nbsp;&nbsp;&nbsp;&nbsp;&nbsp;&nbsp;&nbsp; <\/strong><\/p>\n<p>1.- Para retirar un libro de pr\u00e9stamo es necesario presentar el carn\u00e9 de la biblioteca.<\/p>\n<p>2.- Se permite un libro por usuario para pr\u00e9stamo.<\/p>\n<p>3.- El tiempo para devolver los libros prestados es de una semana, con la posibilidad de renovarlo.<\/p>\n<p><strong>4.- Los libros deben ser devueltos en el mismo estado de conservaci\u00f3n en el que fueron retirados. De no ser as\u00ed la familia tendr\u00e1 que reponer dicho ejemplar\/s.<\/strong><\/p>\n<p><strong>&nbsp;&nbsp;&nbsp;&nbsp;&nbsp;&nbsp;&nbsp; <\/strong><\/p>\n<p><em>Muchas gracias. Un saludo y que disfruten del&nbsp; viaje\u2026<\/em><\/p>\n<p><em>&nbsp;&nbsp;&nbsp;&nbsp;&nbsp;&nbsp;&nbsp;&nbsp;&nbsp;&nbsp;&nbsp;&nbsp;&nbsp;&nbsp;&nbsp;&nbsp;&nbsp;&nbsp;&nbsp;&nbsp;&nbsp;&nbsp;&nbsp;&nbsp;&nbsp;&nbsp;&nbsp;&nbsp;&nbsp;&nbsp;&nbsp;&nbsp; &nbsp;&nbsp;&nbsp;&nbsp;&nbsp;&nbsp;&nbsp;&nbsp;&nbsp;El Equipo de la Biblioteca&nbsp;&nbsp;&nbsp;&nbsp;&nbsp;&nbsp;&nbsp; <\/em><\/p>\n<p><em>&nbsp; <\/em><\/p>\n","protected":false},"excerpt":{"rendered":"<p>Pincha en el enlace para acceder a la p\u00e1gina. CONCURSO \u00abTe recomiento un libro\u00bb. D\u00cdA INTERNACIONAL CONTRA LA VIOLENCIA DE G\u00c9NERO LIBROS MONSTRUOSOS Estimadas familias, vamos a aprovechar la celebraci\u00f3n de Halloween, que tanto&#46;&#46;&#46;<\/p>\n","protected":false},"author":3950,"featured_media":0,"parent":0,"menu_order":0,"comment_status":"open","ping_status":"open","template":"","meta":{"ngg_post_thumbnail":0,"footnotes":""},"aioseo_notices":[],"_links":{"self":[{"href":"https:\/\/blogsaverroes.juntadeandalucia.es\/bibliojarales\/wp-json\/wp\/v2\/pages\/63"}],"collection":[{"href":"https:\/\/blogsaverroes.juntadeandalucia.es\/bibliojarales\/wp-json\/wp\/v2\/pages"}],"about":[{"href":"https:\/\/blogsaverroes.juntadeandalucia.es\/bibliojarales\/wp-json\/wp\/v2\/types\/page"}],"author":[{"embeddable":true,"href":"https:\/\/blogsaverroes.juntadeandalucia.es\/bibliojarales\/wp-json\/wp\/v2\/users\/3950"}],"replies":[{"embeddable":true,"href":"https:\/\/blogsaverroes.juntadeandalucia.es\/bibliojarales\/wp-json\/wp\/v2\/comments?post=63"}],"version-history":[{"count":8,"href":"https:\/\/blogsaverroes.juntadeandalucia.es\/bibliojarales\/wp-json\/wp\/v2\/pages\/63\/revisions"}],"predecessor-version":[{"id":252,"href":"https:\/\/blogsaverroes.juntadeandalucia.es\/bibliojarales\/wp-json\/wp\/v2\/pages\/63\/revisions\/252"}],"wp:attachment":[{"href":"https:\/\/blogsaverroes.juntadeandalucia.es\/bibliojarales\/wp-json\/wp\/v2\/media?parent=63"}],"curies":[{"name":"wp","href":"https:\/\/api.w.org\/{rel}","templated":true}]}}