{"id":130,"date":"2018-08-06T06:25:24","date_gmt":"2018-08-06T06:25:24","guid":{"rendered":"https:\/\/themify.me\/demo\/themes\/ultra-education\/?page_id=6"},"modified":"2023-04-10T08:43:04","modified_gmt":"2023-04-10T07:43:04","slug":"home","status":"publish","type":"page","link":"https:\/\/blogsaverroes.juntadeandalucia.es\/bibliomoll\/","title":{"rendered":"Home"},"content":{"rendered":"<!--themify_builder_content-->\n<div id=\"themify_builder_content-130\" data-postid=\"130\" class=\"themify_builder_content themify_builder_content-130 themify_builder tf_clear\">\n                    <div  data-css_id=\"3e45014\" data-lazy=\"1\" class=\"module_row themify_builder_row fullwidth_row_container tb_3e45014 tb_first tf_w\">\n            <span class=\"builder_row_cover tf_abs\"><\/span>            <div class=\"row_inner col_align_top tb_col_count_1 tf_box tf_rel\">\n                        <div  data-lazy=\"1\" class=\"module_column tb-column col-full tb_243b3fa first\">\n                    <!-- module fancy heading -->\n<div  class=\"module module-fancy-heading tb_73a6913  tb_hide_divider\" data-lazy=\"1\">\n        <h1 class=\"fancy-heading tf_textc\">\n    <span class=\"main-head tf_block\">\n                    CEIP DR. G\u00c1LVEZ MOLL            <\/span>\n\n    \n    <span class=\"sub-head tf_block tf_rel\">\n                    BIBLIOTECA ESCOLAR             <\/span>\n    <\/h1>\n<\/div>\n<!-- \/module fancy heading -->\n        <div  data-lazy=\"1\" class=\"module_subrow themify_builder_sub_row tf_w col_align_bottom tb_col_count_1 tb_d34d1fb\">\n                <div  data-lazy=\"1\" class=\"module_column sub_column col-full tb_52e0d7f first\">\n                    <!-- module callout -->\n<div  class=\"module ui module-callout tb_388s341 button-bottom orange  rounded\" data-lazy=\"1\">\n    \n    <div class=\"callout-inner\">\n    <div class=\"callout-content tf_left\">\n        <h3 class=\"callout-heading\">\u00a1Bienvenidos a \"Bibliomoll\"!<\/h3>\n        <div class=\"tb_text_wrap\">\n            El BLOG de la biblioteca nace en el curso 2010-2011 con el objetivo de crear un centro de recursos favorecedor del encuentro para el aprendizaje y dinamizador de la pr\u00e1ctica educativa. A trav\u00e9s de este Blog daremos a conocer contenidos, noticias, recursos y eventos relacionados con el uso y disfrute de nuestra nueva BIBLIOTECA ESCOLAR.\n\u00a1Gracias por visitarnos!\n\n        <\/div>\n    <\/div>\n    <!-- \/callout-content -->\n        <\/div>\n    <!-- \/callout-content -->\n<\/div>\n<!-- \/module callout -->\n        <\/div>\n                    <\/div>\n                <\/div>\n                        <\/div>\n        <\/div>\n                        <div  data-lazy=\"1\" class=\"module_row themify_builder_row tb_0e032c7 tf_w\">\n                        <div class=\"row_inner col_align_top tb_col_count_1 tf_box tf_rel\">\n                        <div  data-lazy=\"1\" class=\"module_column tb-column col-full tb_69668d0 first\">\n                            <div  data-lazy=\"1\" class=\"module_subrow themify_builder_sub_row tf_w col_align_top tb_col_count_2 tb_sb4h150\">\n                <div  data-lazy=\"1\" class=\"module_column sub_column col2-1 tb_agig150 first\">\n                    <!-- module callout -->\n<div  class=\"module ui module-callout tb_4bbf59a button-bottom orange  rounded\" data-lazy=\"1\">\n    \n    <div class=\"callout-inner\">\n    <div class=\"callout-content tf_left\">\n        <h3 class=\"callout-heading\">Actividades<\/h3>\n        <div class=\"tb_text_wrap\">\n            Aqu\u00ed podr\u00e1s encontrar informaci\u00f3n detallada sobre los talleres, excursiones, deportes y otras actividades que ofrecemos para enriquecer la experiencia educativa de nuestros estudiantes. \u00a1Descubre todas las opciones que tenemos disponibles y disfruta de una educaci\u00f3n integral!        <\/div>\n    <\/div>\n    <!-- \/callout-content -->\n        <\/div>\n    <!-- \/callout-content -->\n<\/div>\n<!-- \/module callout -->\n        <\/div>\n                    <div  data-lazy=\"1\" class=\"module_column sub_column col2-1 tb_x67o150 last\">\n                    <!-- module callout -->\n<div  class=\"module ui module-callout tb_ecb364d button-bottom black  rounded\" data-lazy=\"1\">\n    \n    <div class=\"callout-inner\">\n    <div class=\"callout-content tf_left\">\n        <h3 class=\"callout-heading\">Noticias<\/h3>\n        <div class=\"tb_text_wrap\">\n            Aqu\u00ed encontrar\u00e1s informaci\u00f3n actualizada sobre las actividades y eventos que ocurren en nuestro centro educativo. Mantenerse al tanto de las novedades es importante para estar informados y participar activamente en la vida escolar. \u00a1No te pierdas ninguna noticia y mantente al d\u00eda con nosotros!\n\n        <\/div>\n    <\/div>\n    <!-- \/callout-content -->\n        <\/div>\n    <!-- \/callout-content -->\n<\/div>\n<!-- \/module callout -->\n        <\/div>\n                    <\/div>\n        <!-- module buttons -->\n<div  class=\"module module-buttons tb_vfk1405 buttons-horizontal solid  circle\" data-lazy=\"1\">\n        <div class=\"module-buttons-item tf_in_flx\">\n                        <a href=\"https:\/\/blogsaverroes.juntadeandalucia.es\/bibliomoll\/blog\/\" class=\"ui builder_button tf_in_flx purple\" target=\"_blank\" rel=\"noopener\">\n                                                Ver Blog                                        <\/a>\n                <\/div>\n            <\/div>\n<!-- \/module buttons -->\n        <\/div>\n                        <\/div>\n        <\/div>\n                        <div  data-css_id=\"5f4c291\" data-lazy=\"1\" class=\"module_row themify_builder_row fullwidth tb_5f4c291 tf_w\">\n                        <div class=\"row_inner gutter-none col_align_middle tb_col_count_2 tf_box tf_rel\">\n                        <div  data-lazy=\"1\" class=\"module_column tb-column col3-1 tb_qt8o198 first\">\n        <span class=\"builder_row_cover tf_abs\"><\/span><span class=\"tb_row_frame_wrap tf_overflow tf_abs\" data-lazy=\"1\"><span class=\"tb_row_frame tb_row_frame_right  tf_abs tf_hide tf_overflow tf_h\"><\/span><\/span>                    <\/div>\n                    <div  data-lazy=\"1\" class=\"module_column tb-column col3-2 tb_daabe51 last\">\n                            <div  data-lazy=\"1\" class=\"module_subrow themify_builder_sub_row tf_w col_align_top tb_col_count_2 tb_dq91289\">\n                <div  data-lazy=\"1\" class=\"module_column sub_column col2-1 tb_9544290 first\">\n                    <!-- module text -->\n<div  class=\"module module-text tb_3yz3433  repeat \" data-lazy=\"1\">\n        <div  class=\"tb_text_wrap\">\n        <h3>Para ir al sitio web de CEIP \u00abDoctor G\u00e1lvez Moll\u00bb<\/h3>    <\/div>\n<\/div>\n<!-- \/module text -->        <\/div>\n                    <div  data-lazy=\"1\" class=\"module_column sub_column col2-1 tb_2v8k290 last\">\n                    <!-- module buttons -->\n<div  class=\"module module-buttons tb_bksf580 buttons-horizontal outline  circle\" data-lazy=\"1\">\n        <div class=\"module-buttons-item tf_in_flx\">\n                        <a href=\"https:\/\/blogsaverroes.juntadeandalucia.es\/doctorgalvezmoll\/\" class=\"ui builder_button tf_in_flx tb_default_color\" >\n                                                Pincha aqui                                        <\/a>\n                <\/div>\n            <\/div>\n<!-- \/module buttons -->\n        <\/div>\n                    <\/div>\n                <\/div>\n                        <\/div>\n        <\/div>\n                        <div  data-lazy=\"1\" class=\"module_row themify_builder_row tb_dc763bb tf_w\">\n                        <div class=\"row_inner col_align_top tb_col_count_1 tf_box tf_rel\">\n                        <div  data-lazy=\"1\" class=\"module_column tb-column col-full tb_ebf377d first\">\n                    <!-- module text -->\n<div  class=\"module module-text tb_26c11d1  repeat \" data-lazy=\"1\">\n        <div  class=\"tb_text_wrap\">\n        <h2>\u00daltimas publicaciones<\/h2>    <\/div>\n<\/div>\n<!-- \/module text --><!-- module post -->\n<div  class=\"module module-post tb_18a309a \">\n    <div  class=\"builder-posts-wrap loops-wrapper grid4 masonry boxed tf_rel tf_clear tf_clearfix\" data-lazy=\"1\">\n    <article id=\"post-286\" class=\"post tf_clearfix post-286 type-post status-publish format-standard has-post-thumbnail hentry category-sin-categoria has-post-title has-post-date has-post-category has-post-tag has-post-comment has-post-author \">\n\t    \n\t                <figure class=\"post-image tf_clearfix\">\n                                                            <a href=\"https:\/\/blogsaverroes.juntadeandalucia.es\/bibliomoll\/gran-mural-contra-la-violencia-de-genero-pacto-de-estado\/\">\n                                        <img loading=\"lazy\" decoding=\"async\" src=\"https:\/\/blogsaverroes.juntadeandalucia.es\/bibliomoll\/files\/2023\/03\/12-scaled-360x360.jpg\" width=\"360\" height=\"360\" class=\"wp-post-image wp-image-211\" title=\"12\" alt=\"12\" srcset=\"https:\/\/blogsaverroes.juntadeandalucia.es\/bibliomoll\/files\/2023\/03\/12-scaled-360x360.jpg 360w, https:\/\/blogsaverroes.juntadeandalucia.es\/bibliomoll\/files\/2023\/03\/12-150x150.jpg 150w\" sizes=\"(max-width: 360px) 100vw, 360px\" \/>                                                                    <\/a>\n                                                                <\/figure>\n                    \t<div class=\"post-content\">\n\t\t<div class=\"post-content-inner\">\n\n\t\t\t\t\t\t\t\t<div class=\"post-date-wrap post-date-inline\">\n\t\t<time class=\"post-date entry-date updated\" datetime=\"2023-03-12\">\n\t\t\t\t\t<span class=\"year\">03\/2023<\/span>\n\t\t\t\t<\/time>\n\t<\/div><!-- .post-date-wrap -->\n\t\t\t\t\n\t\t\t<h2 class=\"post-title entry-title\"><a href=\"https:\/\/blogsaverroes.juntadeandalucia.es\/bibliomoll\/gran-mural-contra-la-violencia-de-genero-pacto-de-estado\/\">Gran mural contra la Violencia de G\u00e9nero. \u00abPACTO DE ESTADO\u00bb<\/a><\/h2>\n\t\t\t\n\t\t\t\n\t\t\t        <div class=\"entry-content\">\n\n        \n            <p>\ufeff El colegio estrena mural contra la Violencia de G\u00e9nero gracias a los fondos obtenidos por el Pacto de Estado. La iniciativa persigue, adem\u00e1s de mejorar las fachadas del centro ,mostrar a nuestro alumnado a trav\u00e9s de sus colores, se\u00f1a de identidad de nuestro colegio. \u00a1Esperemos que os guste! &nbsp;<\/p>\n\n                \n            \n        <\/div><!-- \/.entry-content -->\n        \n\t\t<\/div>\n\t\t<!-- \/.post-content-inner -->\n\t<\/div>\n\t<!-- \/.post-content -->\n\t\n<\/article>\n<!-- \/.post -->\n<article id=\"post-279\" class=\"post tf_clearfix post-279 type-post status-publish format-standard has-post-thumbnail hentry category-sin-categoria has-post-title has-post-date has-post-category has-post-tag has-post-comment has-post-author \">\n\t    \n\t                <figure class=\"post-image tf_clearfix\">\n                                                            <a href=\"https:\/\/blogsaverroes.juntadeandalucia.es\/bibliomoll\/8-de-abril-dia-internacional-del-pueblo-gitano\/\">\n                                        <img loading=\"lazy\" decoding=\"async\" src=\"https:\/\/blogsaverroes.juntadeandalucia.es\/bibliomoll\/files\/2023\/03\/EyXl4-aXAAA9aSY-360x360.jpg\" width=\"360\" height=\"360\" class=\"wp-post-image wp-image-280\" title=\"EyXl4-aXAAA9aSY\" alt=\"EyXl4-aXAAA9aSY\" srcset=\"https:\/\/blogsaverroes.juntadeandalucia.es\/bibliomoll\/files\/2023\/03\/EyXl4-aXAAA9aSY-360x360.jpg 360w, https:\/\/blogsaverroes.juntadeandalucia.es\/bibliomoll\/files\/2023\/03\/EyXl4-aXAAA9aSY-150x150.jpg 150w\" sizes=\"(max-width: 360px) 100vw, 360px\" \/>                                                                    <\/a>\n                                                                <\/figure>\n                    \t<div class=\"post-content\">\n\t\t<div class=\"post-content-inner\">\n\n\t\t\t\t\t\t\t\t<div class=\"post-date-wrap post-date-inline\">\n\t\t<time class=\"post-date entry-date updated\" datetime=\"2023-03-12\">\n\t\t\t\t\t<span class=\"year\">03\/2023<\/span>\n\t\t\t\t<\/time>\n\t<\/div><!-- .post-date-wrap -->\n\t\t\t\t\n\t\t\t<h2 class=\"post-title entry-title\"><a href=\"https:\/\/blogsaverroes.juntadeandalucia.es\/bibliomoll\/8-de-abril-dia-internacional-del-pueblo-gitano\/\">8 DE ABRIL D\u00cdA INTERNACIONAL DEL PUEBLO GITANO<\/a><\/h2>\n\t\t\t\n\t\t\t\n\t\t\t        <div class=\"entry-content\">\n\n        \n            <p>Bandera del pueblo gitano La bandera gitana consta de dos franjas horizontales: de color azul, en la&nbsp;parte superior, que representa el cielo; y de color verde, en la parte inferior, que representa el campo. En el medio de las franjas se incluye la rueda de carro, que simboliza la libertad del pueblo gitano, repartido por [&hellip;]<\/p>\n\n                \n            \n        <\/div><!-- \/.entry-content -->\n        \n\t\t<\/div>\n\t\t<!-- \/.post-content-inner -->\n\t<\/div>\n\t<!-- \/.post-content -->\n\t\n<\/article>\n<!-- \/.post -->\n<article id=\"post-270\" class=\"post tf_clearfix post-270 type-post status-publish format-standard has-post-thumbnail hentry category-igualdad-de-genero category-sin-categoria has-post-title has-post-date has-post-category has-post-tag has-post-comment has-post-author \">\n\t    \n\t                <figure class=\"post-image tf_clearfix\">\n                                                            <a href=\"https:\/\/blogsaverroes.juntadeandalucia.es\/bibliomoll\/8m-dia-de-la-mujer\/\">\n                                        <img loading=\"lazy\" decoding=\"async\" src=\"https:\/\/blogsaverroes.juntadeandalucia.es\/bibliomoll\/files\/2023\/03\/GotW-Homepage-1-scaled-360x360.jpg\" width=\"360\" height=\"360\" class=\"wp-post-image wp-image-271\" title=\"GotW - Homepage (1)\" alt=\"GotW - Homepage (1)\" srcset=\"https:\/\/blogsaverroes.juntadeandalucia.es\/bibliomoll\/files\/2023\/03\/GotW-Homepage-1-scaled-360x360.jpg 360w, https:\/\/blogsaverroes.juntadeandalucia.es\/bibliomoll\/files\/2023\/03\/GotW-Homepage-1-150x150.jpg 150w\" sizes=\"(max-width: 360px) 100vw, 360px\" \/>                                                                    <\/a>\n                                                                <\/figure>\n                    \t<div class=\"post-content\">\n\t\t<div class=\"post-content-inner\">\n\n\t\t\t\t\t\t\t\t<div class=\"post-date-wrap post-date-inline\">\n\t\t<time class=\"post-date entry-date updated\" datetime=\"2023-03-12\">\n\t\t\t\t\t<span class=\"year\">03\/2023<\/span>\n\t\t\t\t<\/time>\n\t<\/div><!-- .post-date-wrap -->\n\t\t\t\t\n\t\t\t<h2 class=\"post-title entry-title\"><a href=\"https:\/\/blogsaverroes.juntadeandalucia.es\/bibliomoll\/8m-dia-de-la-mujer\/\">8M D\u00cdA DE LA MUJER<\/a><\/h2>\n\t\t\t\n\t\t\t\n\t\t\t        <div class=\"entry-content\">\n\n        \n            <p>\u00a0 \u00a0\u00a0\u00a1LEV\u00c1NTATE Y LUCHA CONMIGO! \u00a0 Desde el Colegio Doctor G\u00e1lvez Moll queremos reivindicar los derechos de las mujeres bajo el lema \u00abAy mam\u00e1\u00bb de Rigoberta Bandini.\u00bbSin ellas no habr\u00eda humanidad ni habr\u00eda belleza\u00bb. Adem\u00e1s hemos representado el cuadro \u00abla libertad guiando al pueblo\u00bb de Delacroix entre todos. \u00a1Feliz d\u00eda de la\u00a0MUJER! \u00a0 \u00a0 Para [&hellip;]<\/p>\n\n                \n            \n        <\/div><!-- \/.entry-content -->\n        \n\t\t<\/div>\n\t\t<!-- \/.post-content-inner -->\n\t<\/div>\n\t<!-- \/.post-content -->\n\t\n<\/article>\n<!-- \/.post -->\n<article id=\"post-264\" class=\"post tf_clearfix post-264 type-post status-publish format-standard has-post-thumbnail hentry category-sin-categoria has-post-title has-post-date has-post-category has-post-tag has-post-comment has-post-author \">\n\t    \n\t                <figure class=\"post-image tf_clearfix\">\n                                                            <a href=\"https:\/\/blogsaverroes.juntadeandalucia.es\/bibliomoll\/25-n-dia-contra-la-violencia-de-genero\/\">\n                                        <img loading=\"lazy\" decoding=\"async\" src=\"https:\/\/blogsaverroes.juntadeandalucia.es\/bibliomoll\/files\/2023\/03\/GotW-Homepage--scaled-360x360.jpg\" width=\"360\" height=\"360\" class=\"wp-post-image wp-image-265\" title=\"GotW - Homepage\" alt=\"GotW - Homepage\" srcset=\"https:\/\/blogsaverroes.juntadeandalucia.es\/bibliomoll\/files\/2023\/03\/GotW-Homepage--scaled-360x360.jpg 360w, https:\/\/blogsaverroes.juntadeandalucia.es\/bibliomoll\/files\/2023\/03\/GotW-Homepage--150x150.jpg 150w\" sizes=\"(max-width: 360px) 100vw, 360px\" \/>                                                                    <\/a>\n                                                                <\/figure>\n                    \t<div class=\"post-content\">\n\t\t<div class=\"post-content-inner\">\n\n\t\t\t\t\t\t\t\t<div class=\"post-date-wrap post-date-inline\">\n\t\t<time class=\"post-date entry-date updated\" datetime=\"2023-03-12\">\n\t\t\t\t\t<span class=\"year\">03\/2023<\/span>\n\t\t\t\t<\/time>\n\t<\/div><!-- .post-date-wrap -->\n\t\t\t\t\n\t\t\t<h2 class=\"post-title entry-title\"><a href=\"https:\/\/blogsaverroes.juntadeandalucia.es\/bibliomoll\/25-n-dia-contra-la-violencia-de-genero\/\">25-N: D\u00eda contra la violencia de G\u00e9nero<\/a><\/h2>\n\t\t\t\n\t\t\t\n\t\t\t        <div class=\"entry-content\">\n\n        \n            <p>EL LATIDO DE LAS MARIPOSAS Desde el Colegio Doctor G\u00e1lvez Moll queremos sensibilizar a nuestros peque\u00f1os en la Igualdad , y por eso hoy 25 de noviembre, nuestro centro se convierte en un \u00abBosque m\u00e1gico\u00bb, donde habitan las hadas y el latido de las mariposas es cada vez m\u00e1s fuerte&#8230; &nbsp; &nbsp; \u201cEL LATIDO DE [&hellip;]<\/p>\n\n                \n            \n        <\/div><!-- \/.entry-content -->\n        \n\t\t<\/div>\n\t\t<!-- \/.post-content-inner -->\n\t<\/div>\n\t<!-- \/.post-content -->\n\t\n<\/article>\n<!-- \/.post -->\n    <\/div><!-- .builder-posts-wrap -->\n            <\/div>\n<!-- \/module post -->\n            <\/div>\n                        <\/div>\n        <\/div>\n        <\/div>\n<!--\/themify_builder_content-->\n<p>&nbsp;<\/p>","protected":false},"excerpt":{"rendered":"<p>CEIP DR. G\u00c1LVEZ MOLLBIBLIOTECA ESCOLAR \u00a1Bienvenidos a \u00abBibliomoll\u00bb! El BLOG de la biblioteca nace en el curso 2010-2011 con el objetivo de crear un centro de recursos favorecedor del encuentro para el aprendizaje y dinamizador de la pr\u00e1ctica educativa. A trav\u00e9s de este Blog daremos a conocer contenidos, noticias, recursos y eventos relacionados con el [&hellip;]<\/p>\n","protected":false},"author":15545,"featured_media":0,"parent":0,"menu_order":0,"comment_status":"closed","ping_status":"closed","template":"","meta":{"ngg_post_thumbnail":0,"footnotes":""},"aioseo_notices":[],"_links":{"self":[{"href":"https:\/\/blogsaverroes.juntadeandalucia.es\/bibliomoll\/wp-json\/wp\/v2\/pages\/130"}],"collection":[{"href":"https:\/\/blogsaverroes.juntadeandalucia.es\/bibliomoll\/wp-json\/wp\/v2\/pages"}],"about":[{"href":"https:\/\/blogsaverroes.juntadeandalucia.es\/bibliomoll\/wp-json\/wp\/v2\/types\/page"}],"author":[{"embeddable":true,"href":"https:\/\/blogsaverroes.juntadeandalucia.es\/bibliomoll\/wp-json\/wp\/v2\/users\/15545"}],"replies":[{"embeddable":true,"href":"https:\/\/blogsaverroes.juntadeandalucia.es\/bibliomoll\/wp-json\/wp\/v2\/comments?post=130"}],"version-history":[{"count":23,"href":"https:\/\/blogsaverroes.juntadeandalucia.es\/bibliomoll\/wp-json\/wp\/v2\/pages\/130\/revisions"}],"predecessor-version":[{"id":311,"href":"https:\/\/blogsaverroes.juntadeandalucia.es\/bibliomoll\/wp-json\/wp\/v2\/pages\/130\/revisions\/311"}],"wp:attachment":[{"href":"https:\/\/blogsaverroes.juntadeandalucia.es\/bibliomoll\/wp-json\/wp\/v2\/media?parent=130"}],"curies":[{"name":"wp","href":"https:\/\/api.w.org\/{rel}","templated":true}]}}