{"id":35,"date":"2015-03-13T08:21:43","date_gmt":"2015-03-13T08:21:43","guid":{"rendered":"http:\/\/blogsaverroes.juntadeandalucia.es\/pre\/ceip\/?page_id=35"},"modified":"2026-01-19T09:39:34","modified_gmt":"2026-01-19T09:39:34","slug":"el-centro-2","status":"publish","type":"page","link":"https:\/\/blogsaverroes.juntadeandalucia.es\/biblioplata\/el-centro-2\/","title":{"rendered":"Datos del centro"},"content":{"rendered":"<h4><strong>Datos de contacto<\/strong><\/h4>\n<p>CEIP JOS\u00c9 PLATA<\/p>\n<p><strong>Direcci\u00f3n:<\/strong> &nbsp;Calle Federico Garc\u00eda Lorca s\/n .&nbsp; &nbsp;23620 Meng\u00edbar (Ja\u00e9n)<\/p>\n<p><strong>Tel\u00e9fonos:&nbsp;<\/strong><\/p>\n<ul>\n<li>Direcci\u00f3n: 953 36 63 44<\/li>\n<li>Secretar\u00eda: 671535899<\/li>\n<\/ul>\n<p>&nbsp;<\/p>\n<ul>\n<li><strong>Email:<\/strong> 23003181@juntadeandalucia.es<\/li>\n<\/ul>\n<h4><strong>Horarios<\/strong><\/h4>\n<p>Jornada lectiva: de 9:00 a 14:00 (lunes a viernes).<\/p>\n<p>Servicio de aula matinal: de 7:30 a 9:00 (lunes a viernes)<\/p>\n<p>Servicio de comedor: de 14:00 a 15:30 (lunes a viernes)<\/p>\n<h4><strong>Oferta educativa<\/strong><\/h4>\n<p style=\"text-align: left\">El C.E.I.P. Jos\u00e9 Plata es un centro de 2 l\u00edneas en el cual se imparten las ense\u00f1anzas correspondientes al 2\u00ba ciclo de Educaci\u00f3n Infantil &nbsp;y la etapa de Educaci\u00f3n Primaria al completo.&nbsp; La oferta educativa durante este curso es:<\/p>\n<table>\n<tbody>\n<tr>\n<td width=\"326\">2\u00ba CICLO DE EDUCACI\u00d3N INFANTIL<\/td>\n<td width=\"326\">6 unidades<\/td>\n<\/tr>\n<tr>\n<td width=\"326\">EDUCACI\u00d3N PRIMARIA<\/td>\n<td width=\"326\">12 unidades<\/td>\n<\/tr>\n<\/tbody>\n<\/table>\n<p>&nbsp;<\/p>\n<p>Por otra parte, el Centro cuenta con los siguientes servicios: aula matinal, comedor y actividades extraescolares.<\/p>\n<h4>Instalaciones<\/h4>\n<p>El&nbsp; C.E.I.P. \u201cJos\u00e9 Plata\u201d consta de un \u00fanico edificio de 2 plantas construido en 1980, una pista polideportiva de f\u00fatbol sala de c\u00e9sped artificial y&nbsp; zona de baloncesto, un campo de f\u00fatbol de tierra (zona de recreo de 3\u00ba ciclo de Educaci\u00f3n Primaria) y zonas de patio de recreo&nbsp; para Educaci\u00f3n Infantil y 1\u00ba y 2\u00ba ciclo de Educaci\u00f3n Primaria, circundantes al edificio.<\/p>\n<p>Dentro del edificio, los espacios se distribuyen de la siguiente manera:<\/p>\n<table>\n<tbody>\n<tr>\n<td width=\"177\"><strong>PLANTA BAJA<\/strong><\/td>\n<td style=\"text-align: left\" width=\"474\">\n<ul>\n<li>Vest\u00edbulo. En \u00e9l se encuentra la Conserjer\u00eda.<\/li>\n<li>Cuarto de la caldera y cuadro el\u00e9ctrico.<\/li>\n<li>Biblioteca.<\/li>\n<li>Sala de Profesores.<\/li>\n<li>Aseos de maestros.<\/li>\n<li>Aseos de maestras.<\/li>\n<li>Despacho de Direcci\u00f3n.<\/li>\n<li>Despacho de Secretar\u00eda y Jefatura de Estudios.<\/li>\n<li style=\"text-align: left\">9 aulas para los tres niveles de Educaci\u00f3n Infantil y para 1\u00ba ciclo de Educaci\u00f3n Primaria.<\/li>\n<li>Aseos de ni\u00f1os.<\/li>\n<li>Aseos de ni\u00f1as.<\/li>\n<li>Archivo de documentaci\u00f3n.<\/li>\n<li>Sede de la AMPA.<\/li>\n<li>Almac\u00e9n.<\/li>\n<li>Cuarto de limpieza.<\/li>\n<\/ul>\n<\/td>\n<\/tr>\n<tr>\n<td width=\"177\">&nbsp;<\/p>\n<p><strong>PRIMERA PLANTA<\/strong><\/td>\n<td style=\"text-align: left\" width=\"474\">&nbsp;<\/p>\n<ul>\n<li>Comedor.<\/li>\n<li>8 aulas para 2\u00ba y 3\u00ba ciclo de Educaci\u00f3n Primaria.<\/li>\n<li>Despacho de Audici\u00f3n y Lenguaje.<\/li>\n<li>Despacho de Pedagog\u00eda Terap\u00e9utica.<\/li>\n<li>Aseos de ni\u00f1os.<\/li>\n<li>Aseos de ni\u00f1as.<\/li>\n<\/ul>\n<p>&nbsp;<\/td>\n<\/tr>\n<\/tbody>\n<\/table>\n<p>&nbsp;<\/p>\n","protected":false},"excerpt":{"rendered":"<p>Datos de contacto CEIP JOS\u00c9 PLATA Direcci\u00f3n: &nbsp;Calle Federico Garc\u00eda Lorca s\/n .&nbsp; &nbsp;23620 Meng\u00edbar (Ja\u00e9n) Tel\u00e9fonos:&nbsp; Direcci\u00f3n: 953 36 63 44 Secretar\u00eda: 671535899 &nbsp; Email: 23003181@juntadeandalucia.es Horarios Jornada lectiva: de 9:00 a 14:00&#46;&#46;&#46;<\/p>\n","protected":false},"author":1,"featured_media":0,"parent":0,"menu_order":0,"comment_status":"closed","ping_status":"open","template":"","meta":{"ngg_post_thumbnail":0,"footnotes":"","_mc_calendar":[]},"aioseo_notices":[],"_links":{"self":[{"href":"https:\/\/blogsaverroes.juntadeandalucia.es\/biblioplata\/wp-json\/wp\/v2\/pages\/35"}],"collection":[{"href":"https:\/\/blogsaverroes.juntadeandalucia.es\/biblioplata\/wp-json\/wp\/v2\/pages"}],"about":[{"href":"https:\/\/blogsaverroes.juntadeandalucia.es\/biblioplata\/wp-json\/wp\/v2\/types\/page"}],"author":[{"embeddable":true,"href":"https:\/\/blogsaverroes.juntadeandalucia.es\/biblioplata\/wp-json\/wp\/v2\/users\/1"}],"replies":[{"embeddable":true,"href":"https:\/\/blogsaverroes.juntadeandalucia.es\/biblioplata\/wp-json\/wp\/v2\/comments?post=35"}],"version-history":[{"count":9,"href":"https:\/\/blogsaverroes.juntadeandalucia.es\/biblioplata\/wp-json\/wp\/v2\/pages\/35\/revisions"}],"predecessor-version":[{"id":4381,"href":"https:\/\/blogsaverroes.juntadeandalucia.es\/biblioplata\/wp-json\/wp\/v2\/pages\/35\/revisions\/4381"}],"wp:attachment":[{"href":"https:\/\/blogsaverroes.juntadeandalucia.es\/biblioplata\/wp-json\/wp\/v2\/media?parent=35"}],"curies":[{"name":"wp","href":"https:\/\/api.w.org\/{rel}","templated":true}]}}