{"id":44,"date":"2015-03-13T08:42:15","date_gmt":"2015-03-13T08:42:15","guid":{"rendered":"http:\/\/blogsaverroes.juntadeandalucia.es\/pre\/ceip\/?page_id=44"},"modified":"2025-02-14T08:22:05","modified_gmt":"2025-02-14T08:22:05","slug":"planes-y-proyectos","status":"publish","type":"page","link":"https:\/\/blogsaverroes.juntadeandalucia.es\/biblioplata\/planes-y-proyectos\/","title":{"rendered":"Planes y Programas"},"content":{"rendered":"<p><img loading=\"lazy\" decoding=\"async\" class=\"alignnone size-medium wp-image-1667\" src=\"http:\/\/blogsaverroes.juntadeandalucia.es\/biblioplata\/files\/2015\/03\/planes-300x150.png\" alt=\"planes\" width=\"300\" height=\"150\" srcset=\"https:\/\/blogsaverroes.juntadeandalucia.es\/biblioplata\/files\/2015\/03\/planes-300x150.png 300w, https:\/\/blogsaverroes.juntadeandalucia.es\/biblioplata\/files\/2015\/03\/planes-332x166.png 332w, https:\/\/blogsaverroes.juntadeandalucia.es\/biblioplata\/files\/2015\/03\/planes.png 640w\" sizes=\"(max-width: 300px) 100vw, 300px\" \/><\/p>\n<p>El Centro est\u00e1 adscrito a los siguientes planes, proyectos y programas:<\/p>\n<table>\n<tbody>\n<tr>\n<td width=\"414\"><strong><em>Plan de apertura de centros docentes.<\/em><\/strong><\/td>\n<\/tr>\n<tr>\n<td width=\"414\"><strong><em>Red Andaluza Escuela: \u201cEspacio de Paz\u201d.<\/em><\/strong><\/td>\n<\/tr>\n<tr>\n<td width=\"414\"><strong><em>Programa de centro biling\u00fce-Ingl\u00e9s.<\/em><\/strong><\/td>\n<\/tr>\n<tr>\n<td width=\"414\"><strong><em>M\u00e1s Deporte<\/em><\/strong><\/td>\n<\/tr>\n<tr>\n<td width=\"414\"><strong><em>Plan de Salud Laboral y Prevenci\u00f3n de Riesgos Laborales. <\/em><\/strong><\/td>\n<\/tr>\n<tr>\n<td width=\"414\"><strong><em>Prevenci\u00f3n de la Violencia de G\u00e9nero.<\/em><\/strong><\/td>\n<\/tr>\n<tr>\n<td width=\"414\"><strong><em>Practicum Grado de Maestro.<\/em><\/strong><\/td>\n<\/tr>\n<tr>\n<td width=\"414\"><strong><em>Plan de igualdad de g\u00e9nero en educaci\u00f3n.<\/em><\/strong><\/td>\n<\/tr>\n<tr>\n<td width=\"414\"><strong><em>Transformaci\u00f3n Digital Educativa.<\/em><\/strong><\/td>\n<\/tr>\n<tr>\n<td width=\"414\"><strong><em>Bienestar emocional en la Infancia y Adolescencia.<\/em><\/strong><\/td>\n<\/tr>\n<tr>\n<td width=\"414\">&nbsp;<\/td>\n<\/tr>\n<\/tbody>\n<\/table>\n<p>&nbsp;<\/p>\n<p>&nbsp;<\/p>\n","protected":false},"excerpt":{"rendered":"<p>El Centro est\u00e1 adscrito a los siguientes planes, proyectos y programas: Plan de apertura de centros docentes. Red Andaluza Escuela: \u201cEspacio de Paz\u201d. Programa de centro biling\u00fce-Ingl\u00e9s. M\u00e1s Deporte Plan de Salud Laboral y&#46;&#46;&#46;<\/p>\n","protected":false},"author":1,"featured_media":0,"parent":0,"menu_order":0,"comment_status":"closed","ping_status":"closed","template":"template-full-width.php","meta":{"ngg_post_thumbnail":0,"footnotes":"","_mc_calendar":[]},"aioseo_notices":[],"_links":{"self":[{"href":"https:\/\/blogsaverroes.juntadeandalucia.es\/biblioplata\/wp-json\/wp\/v2\/pages\/44"}],"collection":[{"href":"https:\/\/blogsaverroes.juntadeandalucia.es\/biblioplata\/wp-json\/wp\/v2\/pages"}],"about":[{"href":"https:\/\/blogsaverroes.juntadeandalucia.es\/biblioplata\/wp-json\/wp\/v2\/types\/page"}],"author":[{"embeddable":true,"href":"https:\/\/blogsaverroes.juntadeandalucia.es\/biblioplata\/wp-json\/wp\/v2\/users\/1"}],"replies":[{"embeddable":true,"href":"https:\/\/blogsaverroes.juntadeandalucia.es\/biblioplata\/wp-json\/wp\/v2\/comments?post=44"}],"version-history":[{"count":14,"href":"https:\/\/blogsaverroes.juntadeandalucia.es\/biblioplata\/wp-json\/wp\/v2\/pages\/44\/revisions"}],"predecessor-version":[{"id":4180,"href":"https:\/\/blogsaverroes.juntadeandalucia.es\/biblioplata\/wp-json\/wp\/v2\/pages\/44\/revisions\/4180"}],"wp:attachment":[{"href":"https:\/\/blogsaverroes.juntadeandalucia.es\/biblioplata\/wp-json\/wp\/v2\/media?parent=44"}],"curies":[{"name":"wp","href":"https:\/\/api.w.org\/{rel}","templated":true}]}}