{"id":49,"date":"2015-03-13T08:47:05","date_gmt":"2015-03-13T08:47:05","guid":{"rendered":"http:\/\/blogsaverroes.juntadeandalucia.es\/pre\/ceip\/?page_id=49"},"modified":"2025-12-18T08:32:11","modified_gmt":"2025-12-18T08:32:11","slug":"proyecto-educativo","status":"publish","type":"page","link":"https:\/\/blogsaverroes.juntadeandalucia.es\/biblioplata\/proyecto-educativo\/","title":{"rendered":"Plan de Centro"},"content":{"rendered":"<p><a href=\"https:\/\/blogsaverroes.juntadeandalucia.es\/biblioplata\/files\/2019\/11\/Proyecto-Educativo-2019_20.pdf\">&nbsp;<\/a><img loading=\"lazy\" decoding=\"async\" class=\"alignnone size-medium wp-image-1662\" src=\"http:\/\/blogsaverroes.juntadeandalucia.es\/biblioplata\/files\/2015\/03\/proyecto-300x266.png\" alt=\"proyecto\" width=\"300\" height=\"266\" srcset=\"https:\/\/blogsaverroes.juntadeandalucia.es\/biblioplata\/files\/2015\/03\/proyecto-300x266.png 300w, https:\/\/blogsaverroes.juntadeandalucia.es\/biblioplata\/files\/2015\/03\/proyecto-332x295.png 332w, https:\/\/blogsaverroes.juntadeandalucia.es\/biblioplata\/files\/2015\/03\/proyecto.png 640w\" sizes=\"(max-width: 300px) 100vw, 300px\" \/><\/p>\n<p>El Plan de Centro es un documento p\u00fablico y plurianual, obliga y relaciona a toda la Comunidad Educativa, y en todo momento se facilita su conocimiento a la misma.<\/p>\n<p>Es un documento que expresa nuestras se\u00f1as de identidad. Es el aut\u00e9ntico referente, con car\u00e1cter sist\u00e9mico e integrador del principio de autonom\u00eda pedag\u00f3gica, de organizaci\u00f3n y gesti\u00f3n.<\/p>\n<p>Que la web de un centro informe de su Proyecto Educativo es una apuesta clara por la transparencia.<\/p>\n<p><a href=\"https:\/\/drive.google.com\/file\/d\/1tdwcE-Qh1HQgreHR64i1iJWRevZxG8dy\/view?usp=drive_link\">00 \u00cdndice Proyecto Educativo<\/a>&nbsp;<\/p>\n<p><a href=\"https:\/\/drive.google.com\/file\/d\/1CQ6vmqkC2SDN6pSPT-XG3LjHARuLWK5Q\/view?usp=drive_link\">01 Concepto Proyecto Educativo<\/a><\/p>\n<p><a href=\"https:\/\/drive.google.com\/file\/d\/1oIRCSd9H5zUwhXxRnZnxjeqh3woLUICD\/view?usp=drive_link\">02 Legislaci\u00f3n Proyecto Educativo<\/a><\/p>\n<p><a href=\"https:\/\/drive.google.com\/file\/d\/11lT-6LXqKVcj0VHgluk-LnbvM6vXkcLY\/view?usp=drive_link\">03 Objetivos propios para la mejora del rendimiento escolar<\/a><\/p>\n<p><a href=\"https:\/\/drive.google.com\/file\/d\/19yDUJsty-eWIFbVFNWnR6L8rkmUs6aK8\/view?usp=drive_link\">04 L\u00edneas de actuaci\u00f3n pedag\u00f3gica.<\/a><\/p>\n<p><a href=\"https:\/\/drive.google.com\/file\/d\/1aUDjCvjyM5TTb_XV28XXqanW_aQgVG-Y\/view?usp=drive_link\">05 Criterios pedag\u00f3gicos para la determinaci\u00f3n del horario individual del profesorado y la de dedicaci\u00f3n de las personas responsables de los \u00f3rganos de coordinaci\u00f3n docente.<\/a><\/p>\n<p><a href=\"https:\/\/drive.google.com\/file\/d\/123Ajl_RP9CY5370CqFlYvIjIW5UXxhoz\/view?usp=drive_link\">06&nbsp; Los procedimientos y criterios de evaluaci\u00f3n y promoci\u00f3n del alumnado.<\/a><\/p>\n<p><a href=\"https:\/\/drive.google.com\/file\/d\/18_CG0TzletF-46hIN5dZb8dHzi28H-P2\/view?usp=drive_link\">07&nbsp; Plan de Atenci\u00f3n a la diversidad.<\/a><\/p>\n<p><a href=\"https:\/\/drive.google.com\/file\/d\/1nXWhVccmFeiUmsoy3KjSmia0SiEuy_UF\/view?usp=drive_link\">08&nbsp; Plan de orientaci\u00f3n y acci\u00f3n tutorial<\/a><\/p>\n<p><a href=\"https:\/\/drive.google.com\/file\/d\/1TcVYtqoSa1nY0JfglGRDXOViY3Dvsm_q\/view?usp=drive_link\">09&nbsp; El procedimiento para suscribir compromisos educativos y de convivencia con las familias.<\/a><\/p>\n<p><a href=\"https:\/\/drive.google.com\/file\/d\/1MUe1R-nPo-RPr25ztVGzBRBMO9g4n0-H\/view?usp=drive_link\">10 Plan de Convivencia .<\/a><\/p>\n<p><a href=\"https:\/\/drive.google.com\/file\/d\/1KpH3ZBv-TO1aSTwuYO0PjoUXdVe__LzJ\/view?usp=drive_link\">11&nbsp; Plan de Mejora.<\/a><\/p>\n<p><a href=\"https:\/\/drive.google.com\/file\/d\/1QG0InLtxyUcgmLQ7rLFGV5zmk9KeJI99\/view?usp=drive_link\">12&nbsp; Plan de Formaci\u00f3n.<\/a><\/p>\n<p><a href=\"https:\/\/drive.google.com\/file\/d\/1WXIhRFKkJChNe10RCvToP3Iz_nrQ4PNG\/view?usp=drive_link\">13 Criterios para organizar y distribuir el tiempo escolar, as\u00ed como los objetivos y programas de intervenci\u00f3n en el tiempo extraescolar.&nbsp;<\/a><\/p>\n<p><a href=\"https:\/\/drive.google.com\/file\/d\/1EOktUWgqqh8AyRQksG3-Ak04FveU82G8\/view?usp=drive_link\">14 Plan evaluaci\u00f3n interna.<\/a><\/p>\n<p><a href=\"https:\/\/drive.google.com\/file\/d\/1mZt2kw7k4SYtmraECrIpciH-5qycWskU\/view?usp=drive_link\">15&nbsp; Criterios pedag\u00f3gicos agrupamientos alumnado y asignaci\u00f3n de tutor\u00edas.<\/a><\/p>\n<p><a href=\"https:\/\/drive.google.com\/file\/d\/1vqt2dromrfkJHAzovIhtszJaTZcgrrbu\/view?usp=drive_link\">16 Criterios Elaboraci\u00f3n y revisi\u00f3n de las Propuestas pedag\u00f3gicas y de Programaciones Did\u00e1cticas.<\/a><\/p>\n<p><a href=\"https:\/\/drive.google.com\/file\/d\/1CDJ7eYpyMcNmUBMtkiGGban0MWNowANF\/view?usp=drive_link\">17&nbsp; Plan de Actuaci\u00f3n Digital.<\/a><\/p>\n<p><a href=\"https:\/\/drive.google.com\/file\/d\/1tKDaIby8bSp-UoLqZUTVwzMgRiceWCj6\/view?usp=drive_link\">18&nbsp; Programa de Acogida.<\/a><\/p>\n<p><a href=\"https:\/\/drive.google.com\/file\/d\/1N-9tpfYOBfMZVzQuem44AnfwneJn_9pr\/view?usp=drive_link\">19&nbsp; Programa de tr\u00e1nsito.<\/a><\/p>\n<p><a href=\"https:\/\/drive.google.com\/file\/d\/1US-7WVfVSZNNI1GinVCA3k4i6ntn7Iii\/view?usp=drive_link\">20&nbsp; Plan de igualdad.<\/a><\/p>\n<p><a href=\"https:\/\/drive.google.com\/file\/d\/1NmwtF4memckAKXlrtCBKFH3lJ7CxZ8G7\/view?usp=drive_link\">REGLAMENTO DE ORGANIZACI\u00d3N Y FUNCIONAMIENTO<\/a><\/p>\n<p><a href=\"https:\/\/drive.google.com\/file\/d\/1tnvcheQy8nd-ZFxS5RV-Yk1Lo7O08kf3\/view?usp=drive_link\">PROYECTO DE GESTI\u00d3N<\/a><\/p>\n<p><a href=\"https:\/\/drive.google.com\/drive\/folders\/1ARji7j4nl8DfoQ9itte20GActhq5WahY?usp=drive_link\"><strong>PROGRAMACIONES\/PROPUESTAS PEDAG\u00d3GICAS<\/strong><\/a><\/p>\n<p><a href=\"https:\/\/drive.google.com\/file\/d\/1A70riCAHZJiY5vNNKEbDVXxTNjiqrScN\/view?usp=drive_link\">Comunicaci\u00f3n y Representaci\u00f3n de la Realidad. Educaci\u00f3n Infantil.<\/a><\/p>\n<p><a href=\"https:\/\/drive.google.com\/file\/d\/1-amQ00pLbDIfBi0e2bkbORVAT41rlHHm\/view?usp=drive_link\">Crecimiento en armon\u00eda. Educaci\u00f3n Infantil.&nbsp;<\/a><\/p>\n<p><a href=\"https:\/\/drive.google.com\/file\/d\/1Ik5v6Xyt2R2ZUQfZPLrxL1x1GuzT2Tx_\/view?usp=drive_link\">Descubrimiento y exploraci\u00f3n del Entorno. Educaci\u00f3n Infantil.<\/a><\/p>\n<p><a href=\"https:\/\/drive.google.com\/file\/d\/1vqMorD73Eom8NBYngFNSfJhzCOcfBcGu\/view?usp=drive_link\">Religi\u00f3n cat\u00f3lica. Educaci\u00f3n Infantil.<\/a><\/p>\n<p><a href=\"https:\/\/drive.google.com\/file\/d\/13UNGRJm4rpciW5De5EQ0HjaJp6bfVsww\/view?usp=drive_link\">Conocimiento del Medio Natural, Social y Cultural. Educaci\u00f3n Primaria.<\/a><\/p>\n<p><a href=\"https:\/\/drive.google.com\/file\/d\/1L01Hy2zWUctxsrLgDxaXNWrULpxHF-Ac\/view?usp=drive_link\">Educaci\u00f3n Art\u00edstica. Educaci\u00f3n Primaria.<\/a><\/p>\n<p><a href=\"https:\/\/drive.google.com\/file\/d\/1FxttnaqKWG3kz47WJM5oA-ZLIqcNms3Z\/view?usp=drive_link\">Educaci\u00f3n F\u00edsica. Educaci\u00f3n Primaria.<\/a><\/p>\n<p><a href=\"https:\/\/drive.google.com\/file\/d\/1lYpOezjfulKGuy-tPfIssgywI7_SOTcX\/view?usp=drive_link\">Franc\u00e9s. Educaci\u00f3n Primaria.&nbsp;<\/a><\/p>\n<p><a href=\"https:\/\/drive.google.com\/file\/d\/1xr7dplNvm0DxSa1pYY-CrW12aDS1DH0i\/view?usp=drive_link\">Ingl\u00e9s. Educaci\u00f3n Primaria.<\/a><\/p>\n<p><a href=\"https:\/\/drive.google.com\/file\/d\/1VZFzRZRchZ-2wiA8W-rJ68BYi2qvK6Pp\/view?usp=drive_link\">Lengua Castellana y Literatura. Educaci\u00f3n Primaria.<\/a><\/p>\n<p><a href=\"https:\/\/drive.google.com\/file\/d\/1fvWbdx7-Zvz5zaln67ltR7VWWu3tV8Dg\/view?usp=drive_link\">Matem\u00e1ticas. Educaci\u00f3n Primaria.<\/a><\/p>\n<p><a href=\"https:\/\/drive.google.com\/file\/d\/1kG7A49Z1XejSl7vm7nkL6ECA1U5HzFdV\/view?usp=drive_link\">Religi\u00f3n Cat\u00f3lica. Educaci\u00f3n Primaria.&nbsp;<\/a><\/p>\n<p><a href=\"https:\/\/drive.google.com\/file\/d\/1Txaotqaa3RasuSYcfDte101bTDuxM5ST\/view?usp=drive_link\">Educaci\u00f3n en Valores C\u00edvicos y \u00c9ticos.<\/a><\/p>\n<p><a href=\"https:\/\/drive.google.com\/file\/d\/1T3EOxd7WXC4GDbri1Y9hzWOj3fkxQ023\/view?usp=share_link\">GU\u00cdA PARA LAS PUBLICACIONES EN REDES SOCIALES<\/a><\/p>\n","protected":false},"excerpt":{"rendered":"<p>&nbsp; El Plan de Centro es un documento p\u00fablico y plurianual, obliga y relaciona a toda la Comunidad Educativa, y en todo momento se facilita su conocimiento a la misma. Es un documento que&#46;&#46;&#46;<\/p>\n","protected":false},"author":1,"featured_media":0,"parent":0,"menu_order":0,"comment_status":"closed","ping_status":"open","template":"","meta":{"ngg_post_thumbnail":0,"footnotes":"","_mc_calendar":[]},"aioseo_notices":[],"_links":{"self":[{"href":"https:\/\/blogsaverroes.juntadeandalucia.es\/biblioplata\/wp-json\/wp\/v2\/pages\/49"}],"collection":[{"href":"https:\/\/blogsaverroes.juntadeandalucia.es\/biblioplata\/wp-json\/wp\/v2\/pages"}],"about":[{"href":"https:\/\/blogsaverroes.juntadeandalucia.es\/biblioplata\/wp-json\/wp\/v2\/types\/page"}],"author":[{"embeddable":true,"href":"https:\/\/blogsaverroes.juntadeandalucia.es\/biblioplata\/wp-json\/wp\/v2\/users\/1"}],"replies":[{"embeddable":true,"href":"https:\/\/blogsaverroes.juntadeandalucia.es\/biblioplata\/wp-json\/wp\/v2\/comments?post=49"}],"version-history":[{"count":30,"href":"https:\/\/blogsaverroes.juntadeandalucia.es\/biblioplata\/wp-json\/wp\/v2\/pages\/49\/revisions"}],"predecessor-version":[{"id":4331,"href":"https:\/\/blogsaverroes.juntadeandalucia.es\/biblioplata\/wp-json\/wp\/v2\/pages\/49\/revisions\/4331"}],"wp:attachment":[{"href":"https:\/\/blogsaverroes.juntadeandalucia.es\/biblioplata\/wp-json\/wp\/v2\/media?parent=49"}],"curies":[{"name":"wp","href":"https:\/\/api.w.org\/{rel}","templated":true}]}}