{"id":872,"date":"2015-03-16T12:50:42","date_gmt":"2015-03-16T12:50:42","guid":{"rendered":"http:\/\/blogsaverroes.juntadeandalucia.es\/pre\/ceip\/?page_id=120"},"modified":"2020-11-01T20:15:15","modified_gmt":"2020-11-01T20:15:15","slug":"contactar","status":"publish","type":"page","link":"https:\/\/blogsaverroes.juntadeandalucia.es\/biblioplata\/contactar\/","title":{"rendered":"Contactar"},"content":{"rendered":"<p>Si desea contactar con el CEIP Jos\u00e9 Plata, h\u00e1galo a trav\u00e9s de:<\/p>\n<p><strong>Tel\u00e9fonos:&nbsp;<\/strong><\/p>\n<ul>\n<li>Direcci\u00f3n: 953 36 63 44<\/li>\n<li>Secretar\u00eda: 671535899<\/li>\n<\/ul>\n<p>&nbsp;<\/p>\n<ul>\n<li><strong>Email:<\/strong>&nbsp;23003181@juntadeandalucia.es<\/li>\n<\/ul>\n","protected":false},"excerpt":{"rendered":"<p>Si desea contactar con el CEIP Jos\u00e9 Plata, h\u00e1galo a trav\u00e9s de: Tel\u00e9fonos:&nbsp; Direcci\u00f3n: 953 36 63 44 Secretar\u00eda: 671535899 &nbsp; Email:&nbsp;23003181@juntadeandalucia.es<\/p>\n","protected":false},"author":1,"featured_media":0,"parent":0,"menu_order":0,"comment_status":"closed","ping_status":"open","template":"","meta":{"ngg_post_thumbnail":0,"footnotes":"","_mc_calendar":[]},"aioseo_notices":[],"_links":{"self":[{"href":"https:\/\/blogsaverroes.juntadeandalucia.es\/biblioplata\/wp-json\/wp\/v2\/pages\/872"}],"collection":[{"href":"https:\/\/blogsaverroes.juntadeandalucia.es\/biblioplata\/wp-json\/wp\/v2\/pages"}],"about":[{"href":"https:\/\/blogsaverroes.juntadeandalucia.es\/biblioplata\/wp-json\/wp\/v2\/types\/page"}],"author":[{"embeddable":true,"href":"https:\/\/blogsaverroes.juntadeandalucia.es\/biblioplata\/wp-json\/wp\/v2\/users\/1"}],"replies":[{"embeddable":true,"href":"https:\/\/blogsaverroes.juntadeandalucia.es\/biblioplata\/wp-json\/wp\/v2\/comments?post=872"}],"version-history":[{"count":3,"href":"https:\/\/blogsaverroes.juntadeandalucia.es\/biblioplata\/wp-json\/wp\/v2\/pages\/872\/revisions"}],"predecessor-version":[{"id":3145,"href":"https:\/\/blogsaverroes.juntadeandalucia.es\/biblioplata\/wp-json\/wp\/v2\/pages\/872\/revisions\/3145"}],"wp:attachment":[{"href":"https:\/\/blogsaverroes.juntadeandalucia.es\/biblioplata\/wp-json\/wp\/v2\/media?parent=872"}],"curies":[{"name":"wp","href":"https:\/\/api.w.org\/{rel}","templated":true}]}}