{"id":31,"date":"2023-09-03T12:01:26","date_gmt":"2023-09-03T12:01:26","guid":{"rendered":"https:\/\/blogsaverroes.juntadeandalucia.es\/bibliosalle\/?page_id=31"},"modified":"2024-02-15T17:05:26","modified_gmt":"2024-02-15T17:05:26","slug":"redes","status":"publish","type":"page","link":"https:\/\/blogsaverroes.juntadeandalucia.es\/bibliosalle\/redes\/","title":{"rendered":"Calendario"},"content":{"rendered":"<p>A continuaci\u00f3n les informamos de los <strong>D\u00cdAS DE APERTURA EXTRALECTIVA<\/strong> de la biblioteca escolar.<\/p>\n<p>Les recordamos que el <strong>horario de apertura es de 16.00 a 18.00 h<\/strong> y que los d\u00edas reservados para taller, no se atender\u00e1 a la gesti\u00f3n de pr\u00e9stamos de libros.<\/p>\n<table style=\"border-collapse: collapse\">\n<tbody>\n<tr>\n<td><b>OCTUBRE<\/b><\/td>\n<td>&nbsp;<\/td>\n<td>&nbsp;<\/td>\n<td><b>MARZO<\/b><\/td>\n<td colspan=\"2\">&nbsp;<\/td>\n<\/tr>\n<tr>\n<td><span style=\"font-weight: 400\">05\/10\/2023<\/span><\/td>\n<td colspan=\"2\"><span style=\"font-weight: 400\">Apertura ordinaria<\/span><\/td>\n<td><span style=\"font-weight: 400\">07\/03\/2024<\/span><\/td>\n<td colspan=\"2\"><span style=\"font-weight: 400\">Taller \u201cMujeres que cuentan\u201d<\/span><\/td>\n<\/tr>\n<tr>\n<td><span style=\"font-weight: 400\">19\/10\/2023<\/span><\/td>\n<td colspan=\"2\"><span style=\"font-weight: 400\">Apertura ordinaria<\/span><\/td>\n<td><span style=\"font-weight: 400\">14\/03\/2024<\/span><\/td>\n<td colspan=\"2\"><span style=\"font-weight: 400\">Apertura ordinaria<\/span><\/td>\n<\/tr>\n<tr>\n<td><span style=\"font-weight: 400\">26\/10\/2023<\/span><\/td>\n<td colspan=\"2\"><span style=\"font-weight: 400\">Apertura ordinaria<\/span><\/td>\n<td><span style=\"font-weight: 400\">21\/03\/2024<\/span><\/td>\n<td colspan=\"2\"><span style=\"font-weight: 400\">Apertura ordinaria<\/span><\/td>\n<\/tr>\n<tr>\n<td><b>NOVIEMBRE<\/b><\/td>\n<td>&nbsp;<\/td>\n<td>&nbsp;<\/td>\n<td><b>ABRIL<\/b><\/td>\n<td>&nbsp;<\/td>\n<td>&nbsp;<\/td>\n<\/tr>\n<tr>\n<td><span style=\"font-weight: 400\">09\/11\/2023<\/span><\/td>\n<td colspan=\"2\"><span style=\"font-weight: 400\">Taller \u201cEl Principito\u201d<\/span><\/td>\n<td><span style=\"font-weight: 400\">04\/04\/2024<\/span><\/td>\n<td colspan=\"2\"><span style=\"font-weight: 400\">Apertura ordinaria<\/span><\/td>\n<\/tr>\n<tr>\n<td><span style=\"font-weight: 400\">16\/11\/2023<\/span><\/td>\n<td colspan=\"2\"><span style=\"font-weight: 400\">Apertura ordinaria<\/span><\/td>\n<td><span style=\"font-weight: 400\">11\/04\/2024<\/span><\/td>\n<td colspan=\"2\"><span style=\"font-weight: 400\">Apertura ordinaria<\/span><\/td>\n<\/tr>\n<tr>\n<td><span style=\"font-weight: 400\">23\/11\/2023<\/span><\/td>\n<td colspan=\"2\"><span style=\"font-weight: 400\">Apertura ordinaria<\/span><\/td>\n<td><span style=\"font-weight: 400\">18\/04\/2024<\/span><\/td>\n<td colspan=\"2\"><span style=\"font-weight: 400\">Apertura ordinaria<\/span><\/td>\n<\/tr>\n<tr>\n<td><b>DICIEMBRE<\/b><\/td>\n<td>&nbsp;<\/td>\n<td>&nbsp;<\/td>\n<td><span style=\"font-weight: 400\">25\/04\/2024<\/span><\/td>\n<td colspan=\"2\"><span style=\"font-weight: 400\">Taller \u201cPintar la poes\u00eda\u201d<\/span><\/td>\n<\/tr>\n<tr>\n<td><span style=\"font-weight: 400\">14\/12\/2023<\/span><\/td>\n<td colspan=\"2\"><span style=\"font-weight: 400\">Apertura ordinaria<\/span><\/td>\n<td><b>MAYO<\/b><\/td>\n<td>&nbsp;<\/td>\n<td>&nbsp;<\/td>\n<\/tr>\n<tr>\n<td><b>ENERO<\/b><\/td>\n<td>&nbsp;<\/td>\n<td>&nbsp;<\/td>\n<td><span style=\"font-weight: 400\">09\/05\/2024<\/span><\/td>\n<td colspan=\"2\"><span style=\"font-weight: 400\">Apertura ordinaria<\/span><\/td>\n<\/tr>\n<tr>\n<td><span style=\"font-weight: 400\">11\/01\/2024<\/span><\/td>\n<td colspan=\"2\"><span style=\"font-weight: 400\">Apertura ordinaria<\/span><\/td>\n<td><span style=\"font-weight: 400\">16\/05\/2024<\/span><\/td>\n<td colspan=\"2\"><span style=\"font-weight: 400\">Apertura ordinaria<\/span><\/td>\n<\/tr>\n<tr>\n<td><span style=\"font-weight: 400\">18\/01\/2024<\/span><\/td>\n<td colspan=\"2\"><span style=\"font-weight: 400\">Taller \u201cDesinformaci\u00f3n\u201d<\/span><\/td>\n<td><span style=\"font-weight: 400\">23\/05\/2024<\/span><\/td>\n<td colspan=\"2\"><span style=\"font-weight: 400\">D\u00eda de \u00c1frica: proyecci\u00f3n documental y cineforum<\/span><\/td>\n<\/tr>\n<tr>\n<td><span style=\"font-weight: 400\">25\/01\/2024<\/span><\/td>\n<td colspan=\"2\"><span style=\"font-weight: 400\">Apertura ordinaria<\/span><\/td>\n<td><b>JUNIO<\/b><\/td>\n<td>&nbsp;<\/td>\n<td>&nbsp;<\/td>\n<\/tr>\n<tr>\n<td><b>FEBRERO<\/b><\/td>\n<td colspan=\"2\">&nbsp;<\/td>\n<td><span style=\"font-weight: 400\">06\/06\/2024<\/span><\/td>\n<td colspan=\"2\"><span style=\"font-weight: 400\">Apertura ordinaria<\/span><\/td>\n<\/tr>\n<tr>\n<td><span style=\"font-weight: 400\">01\/02\/2024<\/span><\/td>\n<td colspan=\"2\"><span style=\"font-weight: 400\">Apertura ordinaria<\/span><\/td>\n<td><span style=\"font-weight: 400\">13\/06\/2024<\/span><\/td>\n<td colspan=\"2\"><span style=\"font-weight: 400\">Apertura ordinaria<\/span><\/td>\n<\/tr>\n<tr>\n<td><span style=\"font-weight: 400\">08\/02\/2024<\/span><\/td>\n<td colspan=\"2\"><span style=\"font-weight: 400\">Apertura ordinaria<\/span><\/td>\n<td>&nbsp;<\/td>\n<td>&nbsp;<\/td>\n<td>&nbsp;<\/td>\n<\/tr>\n<tr>\n<td><span style=\"font-weight: 400\">15\/02\/2024<\/span><\/td>\n<td colspan=\"2\"><span style=\"font-weight: 400\">Cerrado &#8211; Puertas Abiertas<\/span><\/td>\n<td>&nbsp;<\/td>\n<td>&nbsp;<\/td>\n<td>&nbsp;<\/td>\n<\/tr>\n<tr>\n<td><span style=\"font-weight: 400\">22\/02\/2024<\/span><\/td>\n<td colspan=\"2\"><span style=\"font-weight: 400\">Apertura ordinaria<\/span><\/td>\n<td>&nbsp;<\/td>\n<td>&nbsp;<\/td>\n<td>&nbsp;<\/td>\n<\/tr>\n<\/tbody>\n<\/table>\n","protected":false},"excerpt":{"rendered":"<p>A continuaci\u00f3n les informamos de los D\u00cdAS DE APERTURA EXTRALECTIVA de la biblioteca escolar. Les recordamos que el horario de apertura es de 16.00 a&hellip;<\/p>\n","protected":false},"author":18326,"featured_media":0,"parent":0,"menu_order":0,"comment_status":"closed","ping_status":"closed","template":"","meta":{"ngg_post_thumbnail":0,"footnotes":""},"aioseo_notices":[],"_links":{"self":[{"href":"https:\/\/blogsaverroes.juntadeandalucia.es\/bibliosalle\/wp-json\/wp\/v2\/pages\/31"}],"collection":[{"href":"https:\/\/blogsaverroes.juntadeandalucia.es\/bibliosalle\/wp-json\/wp\/v2\/pages"}],"about":[{"href":"https:\/\/blogsaverroes.juntadeandalucia.es\/bibliosalle\/wp-json\/wp\/v2\/types\/page"}],"author":[{"embeddable":true,"href":"https:\/\/blogsaverroes.juntadeandalucia.es\/bibliosalle\/wp-json\/wp\/v2\/users\/18326"}],"replies":[{"embeddable":true,"href":"https:\/\/blogsaverroes.juntadeandalucia.es\/bibliosalle\/wp-json\/wp\/v2\/comments?post=31"}],"version-history":[{"count":11,"href":"https:\/\/blogsaverroes.juntadeandalucia.es\/bibliosalle\/wp-json\/wp\/v2\/pages\/31\/revisions"}],"predecessor-version":[{"id":90,"href":"https:\/\/blogsaverroes.juntadeandalucia.es\/bibliosalle\/wp-json\/wp\/v2\/pages\/31\/revisions\/90"}],"wp:attachment":[{"href":"https:\/\/blogsaverroes.juntadeandalucia.es\/bibliosalle\/wp-json\/wp\/v2\/media?parent=31"}],"curies":[{"name":"wp","href":"https:\/\/api.w.org\/{rel}","templated":true}]}}