{"id":478,"date":"2021-12-20T23:29:40","date_gmt":"2021-12-20T23:29:40","guid":{"rendered":"https:\/\/blogsaverroes.juntadeandalucia.es\/bibliotecaceperjuanramonjimenez\/?page_id=478"},"modified":"2025-09-28T12:31:48","modified_gmt":"2025-09-28T10:31:48","slug":"club-de-lectura","status":"publish","type":"page","link":"https:\/\/blogsaverroes.juntadeandalucia.es\/bibliotecaceperjuanramonjimenez\/club-de-lectura\/","title":{"rendered":"Club de lectura"},"content":{"rendered":"<p style=\"text-align: right\"><strong><span style=\"color: #000000\"><img loading=\"lazy\" decoding=\"async\" class=\"alignnone wp-image-536 size-full\" src=\"https:\/\/blogsaverroes.juntadeandalucia.es\/bibliotecaceperjuanramonjimenez\/files\/2022\/01\/club-de-lectura-colaboradores-1.jpg\" alt=\"\" width=\"1918\" height=\"1560\" srcset=\"https:\/\/blogsaverroes.juntadeandalucia.es\/bibliotecaceperjuanramonjimenez\/files\/2022\/01\/club-de-lectura-colaboradores-1.jpg 1918w, https:\/\/blogsaverroes.juntadeandalucia.es\/bibliotecaceperjuanramonjimenez\/files\/2022\/01\/club-de-lectura-colaboradores-1-300x244.jpg 300w, https:\/\/blogsaverroes.juntadeandalucia.es\/bibliotecaceperjuanramonjimenez\/files\/2022\/01\/club-de-lectura-colaboradores-1-1024x833.jpg 1024w, https:\/\/blogsaverroes.juntadeandalucia.es\/bibliotecaceperjuanramonjimenez\/files\/2022\/01\/club-de-lectura-colaboradores-1-768x625.jpg 768w, https:\/\/blogsaverroes.juntadeandalucia.es\/bibliotecaceperjuanramonjimenez\/files\/2022\/01\/club-de-lectura-colaboradores-1-1536x1249.jpg 1536w\" sizes=\"(max-width: 1918px) 100vw, 1918px\" \/><\/span><\/strong><span style=\"color: #000000\"><strong>Imagen de <a href=\"https:\/\/pixabay.com\/es\/users\/pexels-2286921\/\" target=\"_blank\" rel=\"noopener noreferrer\"><span style=\"color: #008000\">Pexels<\/span><\/a> en <a href=\"https:\/\/pixabay.com\/es\/\" target=\"_blank\" rel=\"noopener noreferrer\"><span style=\"color: #008000\">Pixabay<\/span><\/a>.<\/strong><\/span><\/p>\n<p>&nbsp;<\/p>\n<p style=\"text-align: center\"><span style=\"color: #000000;font-size: 14pt\"><strong>CLUB DE LECTURA <\/strong><\/span><\/p>\n<p style=\"text-align: center\"><span style=\"color: #000000;font-size: 14pt\"><strong>BIBLIOTECA C.E.PER. JUAN RAM\u00d3N JIM\u00c9NEZ<\/strong><\/span><\/p>\n<p style=\"text-align: justify\"><span style=\"color: #000000\"><strong>El club de lectura de la biblioteca del C.E.PER. Juan Ram\u00f3n Jim\u00e9nez de Algeciras se enmarca dentro de su programa de actuaciones para el desarrollo de la competencia ling\u00fc\u00edstica y el fomento de la lectura entre las personas que integran nuestra comunidad educativa.<\/strong><\/span><\/p>\n<p style=\"text-align: justify\"><span style=\"color: #000000\"><strong>Este club est\u00e1 adscrito a la <span style=\"color: #008000\"><a style=\"color: #008000\" href=\"https:\/\/www.juntadeandalucia.es\/cultura\/caletras\/content\/red-andaluza-de-clubes-de-lectura-de-andalucia\" target=\"_blank\" rel=\"noopener noreferrer\">Red Andaluza de Clubes de Lectura<\/a><\/span> y para su desarrollo contamos con la inestimable colaboraci\u00f3n de la <a style=\"color: #000000\" href=\"http:\/\/www.algeciras.es\/es\/temas\/cultura-y-ocio\/red-de-bibliotecas\/biblioteca-municipal\/\" target=\"_blank\" rel=\"noopener noreferrer\"><span style=\"color: #008000\">biblioteca municipal \u00abCrist\u00f3bal Delgado\u00bb<\/span><\/a> del excmo. ayuntamiento de Algeciras y del <a style=\"color: #000000\" href=\"https:\/\/www.juntadeandalucia.es\/cultura\/caletras\/\" target=\"_blank\" rel=\"noopener noreferrer\"><span style=\"color: #008000\">Centro Andaluz de las Letras<\/span><\/a> de la Consejer\u00eda de Cultura y Patrimonio Hist\u00f3rico de la Junta de Andaluc\u00eda.<\/strong><\/span><\/p>\n<p style=\"text-align: justify\"><span style=\"color: #000000\"><strong>Un club de lectura es un grupo de personas que se re\u00fanen de forma peri\u00f3dica para comentar e intercambiar opiniones sobre un mismo libro que van leyendo en casa. En estas reuniones se comenta la obra no s\u00f3lo desde un punto de vista literario (estilo, acci\u00f3n, personajes&#8230;), sino tambi\u00e9n las reflexiones y los sentimientos que suscita la trama, los personajes o el tema del libro.<\/strong><\/span><\/p>\n<p style=\"text-align: justify\"><span style=\"color: #000000\"><strong>La gran aceptaci\u00f3n que tienen los clubes se debe a que re\u00fanen dos alicientes:<\/strong><\/span><\/p>\n<ul style=\"text-align: justify\">\n<li><span style=\"color: #000000\"><strong>La lectura personal e \u00edntima.<\/strong><\/span><\/li>\n<li><span style=\"color: #000000\"><strong>La posibilidad de compartir esa lectura con otras personas.<\/strong><\/span><\/li>\n<\/ul>\n<p style=\"text-align: justify\"><span style=\"color: #000000\"><strong>Por lo general, las opiniones de los miembros del grupo enriquecen mucho la impresi\u00f3n inicial que cada uno saca leyendo en solitario.<\/strong><\/span><\/p>\n<ul>\n<li style=\"text-align: justify\"><a href=\"https:\/\/blogsaverroes.juntadeandalucia.es\/bibliotecaceperjuanramonjimenez\/titulos-curso-2021-2022\/\"><span style=\"font-size: 14pt;color: #008000\"><strong>T\u00edtulos curso 2021-2022.<\/strong><\/span><\/a><\/li>\n<li style=\"text-align: justify\"><a href=\"https:\/\/blogsaverroes.juntadeandalucia.es\/bibliotecaceperjuanramonjimenez\/titulos-curso-2022-2023\/\"><span style=\"color: #008000\"><strong><span style=\"font-size: 14pt\">T\u00edtulos curso 2022-2023.<\/span><\/strong><\/span><\/a><\/li>\n<li><a href=\"https:\/\/blogsaverroes.juntadeandalucia.es\/bibliotecaceperjuanramonjimenez\/titulos-curso-2023-2024\/\"><strong><span style=\"font-size: 14pt;color: #008000\">T\u00edtulos curso 2023-2024.<\/span><\/strong><\/a><\/li>\n<li><a href=\"https:\/\/blogsaverroes.juntadeandalucia.es\/bibliotecaceperjuanramonjimenez\/titulos-curso-2024-2025\/\"><strong><span style=\"font-size: 14pt;color: #008000\">T\u00edtulos curso 2024-2025.<\/span><\/strong><\/a><\/li>\n<li><a href=\"https:\/\/blogsaverroes.juntadeandalucia.es\/bibliotecaceperjuanramonjimenez\/titulos-curso-2025-2026\/\"><strong><span style=\"font-size: 14pt;color: #008000\">T\u00edtulos curso 2025-2026.<\/span><\/strong><\/a><\/li>\n<\/ul>\n","protected":false},"excerpt":{"rendered":"<p>&#46;&#46;&#46;<\/p>\n","protected":false},"author":10777,"featured_media":536,"parent":0,"menu_order":0,"comment_status":"closed","ping_status":"closed","template":"","meta":{"ngg_post_thumbnail":0,"footnotes":""},"aioseo_notices":[],"_links":{"self":[{"href":"https:\/\/blogsaverroes.juntadeandalucia.es\/bibliotecaceperjuanramonjimenez\/wp-json\/wp\/v2\/pages\/478"}],"collection":[{"href":"https:\/\/blogsaverroes.juntadeandalucia.es\/bibliotecaceperjuanramonjimenez\/wp-json\/wp\/v2\/pages"}],"about":[{"href":"https:\/\/blogsaverroes.juntadeandalucia.es\/bibliotecaceperjuanramonjimenez\/wp-json\/wp\/v2\/types\/page"}],"author":[{"embeddable":true,"href":"https:\/\/blogsaverroes.juntadeandalucia.es\/bibliotecaceperjuanramonjimenez\/wp-json\/wp\/v2\/users\/10777"}],"replies":[{"embeddable":true,"href":"https:\/\/blogsaverroes.juntadeandalucia.es\/bibliotecaceperjuanramonjimenez\/wp-json\/wp\/v2\/comments?post=478"}],"version-history":[{"count":34,"href":"https:\/\/blogsaverroes.juntadeandalucia.es\/bibliotecaceperjuanramonjimenez\/wp-json\/wp\/v2\/pages\/478\/revisions"}],"predecessor-version":[{"id":1284,"href":"https:\/\/blogsaverroes.juntadeandalucia.es\/bibliotecaceperjuanramonjimenez\/wp-json\/wp\/v2\/pages\/478\/revisions\/1284"}],"wp:featuredmedia":[{"embeddable":true,"href":"https:\/\/blogsaverroes.juntadeandalucia.es\/bibliotecaceperjuanramonjimenez\/wp-json\/wp\/v2\/media\/536"}],"wp:attachment":[{"href":"https:\/\/blogsaverroes.juntadeandalucia.es\/bibliotecaceperjuanramonjimenez\/wp-json\/wp\/v2\/media?parent=478"}],"curies":[{"name":"wp","href":"https:\/\/api.w.org\/{rel}","templated":true}]}}