{"id":37,"date":"2022-10-30T13:01:16","date_gmt":"2022-10-30T13:01:16","guid":{"rendered":"https:\/\/blogsaverroes.juntadeandalucia.es\/bibliotecaceperpintorzuloaga\/?page_id=37"},"modified":"2023-04-05T15:33:29","modified_gmt":"2023-04-05T15:33:29","slug":"equipo-de-trabajo","status":"publish","type":"page","link":"https:\/\/blogsaverroes.juntadeandalucia.es\/bibliotecaceperpintorzuloaga\/equipo-de-trabajo\/","title":{"rendered":"EQUIPO DE TRABAJO"},"content":{"rendered":"<p>EQUIPO DIRECTIVO<\/p>\n<p>Directora: Carmen Corrales Montero<\/p>\n<p>Secretaria:&nbsp; Yolanda Medina Garc\u00eda<\/p>\n<p>ALUMNADO VOLUNTARIO<\/p>\n<p>Alumna colaboradora: Marisol Acuriola L\u00f3pez<\/p>\n<p>Alumno colaborador: Eugenio Barriola Armida<\/p>\n<p>Alumno colaborador: Pedro Garc\u00eda martos<\/p>\n<p>Alumno colaborador: Antonio Pajuelo Conde<\/p>\n<p>Alumna colaboradora: Ana Rem\u00f3n Rodr\u00edguez<\/p>\n<p>Alumna colaboradora: Regla Rodr\u00edguez Reyes<\/p>\n<p>&nbsp;<\/p>\n","protected":false},"excerpt":{"rendered":"<p>EQUIPO DIRECTIVO Directora: Carmen Corrales Montero Secretaria:&nbsp; Yolanda Medina Garc\u00eda ALUMNADO VOLUNTARIO Alumna colaboradora: Marisol Acuriola L\u00f3pez Alumno colaborador: Eugenio Barriola Armida Alumno colaborador: Pedro Garc\u00eda martos Alumno colaborador: Antonio Pajuelo Conde Alumna colaboradora:&#46;&#46;&#46;<\/p>\n","protected":false},"author":16256,"featured_media":0,"parent":0,"menu_order":0,"comment_status":"closed","ping_status":"closed","template":"","meta":{"ngg_post_thumbnail":0,"footnotes":""},"aioseo_notices":[],"_links":{"self":[{"href":"https:\/\/blogsaverroes.juntadeandalucia.es\/bibliotecaceperpintorzuloaga\/wp-json\/wp\/v2\/pages\/37"}],"collection":[{"href":"https:\/\/blogsaverroes.juntadeandalucia.es\/bibliotecaceperpintorzuloaga\/wp-json\/wp\/v2\/pages"}],"about":[{"href":"https:\/\/blogsaverroes.juntadeandalucia.es\/bibliotecaceperpintorzuloaga\/wp-json\/wp\/v2\/types\/page"}],"author":[{"embeddable":true,"href":"https:\/\/blogsaverroes.juntadeandalucia.es\/bibliotecaceperpintorzuloaga\/wp-json\/wp\/v2\/users\/16256"}],"replies":[{"embeddable":true,"href":"https:\/\/blogsaverroes.juntadeandalucia.es\/bibliotecaceperpintorzuloaga\/wp-json\/wp\/v2\/comments?post=37"}],"version-history":[{"count":5,"href":"https:\/\/blogsaverroes.juntadeandalucia.es\/bibliotecaceperpintorzuloaga\/wp-json\/wp\/v2\/pages\/37\/revisions"}],"predecessor-version":[{"id":211,"href":"https:\/\/blogsaverroes.juntadeandalucia.es\/bibliotecaceperpintorzuloaga\/wp-json\/wp\/v2\/pages\/37\/revisions\/211"}],"wp:attachment":[{"href":"https:\/\/blogsaverroes.juntadeandalucia.es\/bibliotecaceperpintorzuloaga\/wp-json\/wp\/v2\/media?parent=37"}],"curies":[{"name":"wp","href":"https:\/\/api.w.org\/{rel}","templated":true}]}}