{"id":39,"date":"2022-10-30T13:01:49","date_gmt":"2022-10-30T13:01:49","guid":{"rendered":"https:\/\/blogsaverroes.juntadeandalucia.es\/bibliotecaceperpintorzuloaga\/?page_id=39"},"modified":"2023-04-05T15:28:32","modified_gmt":"2023-04-05T15:28:32","slug":"proyecto","status":"publish","type":"page","link":"https:\/\/blogsaverroes.juntadeandalucia.es\/bibliotecaceperpintorzuloaga\/proyecto\/","title":{"rendered":"BIBLIOTECA VIOLETA"},"content":{"rendered":"<p>El objetivo de la Biblioteca Violeta es crear un fondo especializado en feminismos y estudios de g\u00e9nero.<\/p>\n<p>Se utilizar\u00e1 como un espacio diferente de consulta , un punto de encuentro y de intercambio de conocimiento acerca de las mujeres. Est\u00e1 formado por libros, pel\u00edculas, revistas, gu\u00edas&#8230;<\/p>\n<p>Se encuentra ubicado en las sedes de Arbol\u00ed y Zuloaga dentro de la Biblioteca.<\/p>\n","protected":false},"excerpt":{"rendered":"<p>El objetivo de la Biblioteca Violeta es crear un fondo especializado en feminismos y estudios de g\u00e9nero. Se utilizar\u00e1 como un espacio diferente de consulta , un punto de encuentro y de intercambio de&#46;&#46;&#46;<\/p>\n","protected":false},"author":16256,"featured_media":0,"parent":0,"menu_order":0,"comment_status":"closed","ping_status":"closed","template":"","meta":{"ngg_post_thumbnail":0,"footnotes":""},"aioseo_notices":[],"_links":{"self":[{"href":"https:\/\/blogsaverroes.juntadeandalucia.es\/bibliotecaceperpintorzuloaga\/wp-json\/wp\/v2\/pages\/39"}],"collection":[{"href":"https:\/\/blogsaverroes.juntadeandalucia.es\/bibliotecaceperpintorzuloaga\/wp-json\/wp\/v2\/pages"}],"about":[{"href":"https:\/\/blogsaverroes.juntadeandalucia.es\/bibliotecaceperpintorzuloaga\/wp-json\/wp\/v2\/types\/page"}],"author":[{"embeddable":true,"href":"https:\/\/blogsaverroes.juntadeandalucia.es\/bibliotecaceperpintorzuloaga\/wp-json\/wp\/v2\/users\/16256"}],"replies":[{"embeddable":true,"href":"https:\/\/blogsaverroes.juntadeandalucia.es\/bibliotecaceperpintorzuloaga\/wp-json\/wp\/v2\/comments?post=39"}],"version-history":[{"count":4,"href":"https:\/\/blogsaverroes.juntadeandalucia.es\/bibliotecaceperpintorzuloaga\/wp-json\/wp\/v2\/pages\/39\/revisions"}],"predecessor-version":[{"id":209,"href":"https:\/\/blogsaverroes.juntadeandalucia.es\/bibliotecaceperpintorzuloaga\/wp-json\/wp\/v2\/pages\/39\/revisions\/209"}],"wp:attachment":[{"href":"https:\/\/blogsaverroes.juntadeandalucia.es\/bibliotecaceperpintorzuloaga\/wp-json\/wp\/v2\/media?parent=39"}],"curies":[{"name":"wp","href":"https:\/\/api.w.org\/{rel}","templated":true}]}}