{"id":48,"date":"2022-10-30T14:00:50","date_gmt":"2022-10-30T14:00:50","guid":{"rendered":"https:\/\/blogsaverroes.juntadeandalucia.es\/bibliotecaceperpintorzuloaga\/?page_id=48"},"modified":"2023-03-19T18:29:24","modified_gmt":"2023-03-19T18:29:24","slug":"nuestro-centro","status":"publish","type":"page","link":"https:\/\/blogsaverroes.juntadeandalucia.es\/bibliotecaceperpintorzuloaga\/nuestro-centro\/","title":{"rendered":"NUESTRO CENTRO"},"content":{"rendered":"<p><a href=\"https:\/\/centropintorzuloaga.es\/\">El Centro de Educaci\u00f3n Permanente \u00abPintor Zuloaga\u00bb<\/a>, es un centro p\u00fablico al que pueden asistir todas las personas mayores de 18 a\u00f1os.<\/p>\n<p>En el Centro se imparten dos tipos de Planes Educativos:<\/p>\n<p><strong>Planes Formales<\/strong>: encaminados a la obtenci\u00f3n de la titulaci\u00f3n b\u00e1sica del sistema educativo como la ESPA (Educaci\u00f3n Secundaria Personas Adultas) y la preparaci\u00f3n para obtener T\u00e9cnico\/a. Cuidados Auxiliar Enfermer\u00eda (TCAE).<\/p>\n<p><strong>Planes no Formales<\/strong>: que pretenden facilitar, a la ciudadan\u00eda interesada, conocimientos b\u00e1sicos sobre Ingl\u00e9s, Inform\u00e1tica, Conocimiento del Patrimonio, Espa\u00f1ol para extranjeros\u2026<\/p>\n<p>Adem\u00e1s realizamos distintos tipos de actividades (visitas, excursiones, conferencias,\u2026), dirigidas al alumnado que asiste a los diferentes Planes educativos.<\/p>\n<p style=\"text-align: center\"><img loading=\"lazy\" decoding=\"async\" class=\"alignnone wp-image-192 size-full\" src=\"https:\/\/blogsaverroes.juntadeandalucia.es\/bibliotecaceperpintorzuloaga\/files\/2023\/03\/sedes_centro.jpg\" alt=\"\" width=\"1134\" height=\"466\" srcset=\"https:\/\/blogsaverroes.juntadeandalucia.es\/bibliotecaceperpintorzuloaga\/files\/2023\/03\/sedes_centro.jpg 1134w, https:\/\/blogsaverroes.juntadeandalucia.es\/bibliotecaceperpintorzuloaga\/files\/2023\/03\/sedes_centro-300x123.jpg 300w, https:\/\/blogsaverroes.juntadeandalucia.es\/bibliotecaceperpintorzuloaga\/files\/2023\/03\/sedes_centro-1024x421.jpg 1024w, https:\/\/blogsaverroes.juntadeandalucia.es\/bibliotecaceperpintorzuloaga\/files\/2023\/03\/sedes_centro-768x316.jpg 768w, https:\/\/blogsaverroes.juntadeandalucia.es\/bibliotecaceperpintorzuloaga\/files\/2023\/03\/sedes_centro-24x10.jpg 24w, https:\/\/blogsaverroes.juntadeandalucia.es\/bibliotecaceperpintorzuloaga\/files\/2023\/03\/sedes_centro-36x15.jpg 36w, https:\/\/blogsaverroes.juntadeandalucia.es\/bibliotecaceperpintorzuloaga\/files\/2023\/03\/sedes_centro-48x20.jpg 48w\" sizes=\"(max-width: 1134px) 100vw, 1134px\" \/><\/p>\n<p>El Centro de Educaci\u00f3n Permanente \u201cPintor Zuloaga\u201d se encuentra en C\u00e1diz, distribuido en tres \u201cAulas\u201d situadas en varios puntos de la ciudad: <a href=\"http:\/\/centropintorzuloaga.blogspot.com\/p\/zuloaga.html\">Zuloaga<\/a>\u00a0y\u00a0<a href=\"http:\/\/centropintorzuloaga.blogspot.com\/p\/falla.html\">Falla<\/a>\u00a0en el barrio de La Laguna (Extramuros) y\u00a0<a href=\"http:\/\/centropintorzuloaga.blogspot.com\/p\/arboli.html\">Arbol\u00ed<\/a>\u00a0en el casco antiguo.<\/p>\n","protected":false},"excerpt":{"rendered":"<p>El Centro de Educaci\u00f3n Permanente \u00abPintor Zuloaga\u00bb, es un centro p\u00fablico al que pueden asistir todas las personas mayores de 18 a\u00f1os. En el Centro se imparten dos tipos de Planes Educativos: Planes Formales:&#46;&#46;&#46;<\/p>\n","protected":false},"author":16256,"featured_media":0,"parent":0,"menu_order":0,"comment_status":"closed","ping_status":"closed","template":"","meta":{"ngg_post_thumbnail":0,"footnotes":""},"aioseo_notices":[],"_links":{"self":[{"href":"https:\/\/blogsaverroes.juntadeandalucia.es\/bibliotecaceperpintorzuloaga\/wp-json\/wp\/v2\/pages\/48"}],"collection":[{"href":"https:\/\/blogsaverroes.juntadeandalucia.es\/bibliotecaceperpintorzuloaga\/wp-json\/wp\/v2\/pages"}],"about":[{"href":"https:\/\/blogsaverroes.juntadeandalucia.es\/bibliotecaceperpintorzuloaga\/wp-json\/wp\/v2\/types\/page"}],"author":[{"embeddable":true,"href":"https:\/\/blogsaverroes.juntadeandalucia.es\/bibliotecaceperpintorzuloaga\/wp-json\/wp\/v2\/users\/16256"}],"replies":[{"embeddable":true,"href":"https:\/\/blogsaverroes.juntadeandalucia.es\/bibliotecaceperpintorzuloaga\/wp-json\/wp\/v2\/comments?post=48"}],"version-history":[{"count":8,"href":"https:\/\/blogsaverroes.juntadeandalucia.es\/bibliotecaceperpintorzuloaga\/wp-json\/wp\/v2\/pages\/48\/revisions"}],"predecessor-version":[{"id":194,"href":"https:\/\/blogsaverroes.juntadeandalucia.es\/bibliotecaceperpintorzuloaga\/wp-json\/wp\/v2\/pages\/48\/revisions\/194"}],"wp:attachment":[{"href":"https:\/\/blogsaverroes.juntadeandalucia.es\/bibliotecaceperpintorzuloaga\/wp-json\/wp\/v2\/media?parent=48"}],"curies":[{"name":"wp","href":"https:\/\/api.w.org\/{rel}","templated":true}]}}