{"id":52,"date":"2022-10-30T14:03:51","date_gmt":"2022-10-30T14:03:51","guid":{"rendered":"https:\/\/blogsaverroes.juntadeandalucia.es\/bibliotecaceperpintorzuloaga\/?page_id=52"},"modified":"2023-03-19T18:45:01","modified_gmt":"2023-03-19T18:45:01","slug":"localidad","status":"publish","type":"page","link":"https:\/\/blogsaverroes.juntadeandalucia.es\/bibliotecaceperpintorzuloaga\/localidad\/","title":{"rendered":"NUESTRA BIBLIOTECA"},"content":{"rendered":"<p>Nuestra Biblioteca se encuentra repartida entre la sede de Pintor Zuloaga y la sede de Arbol\u00ed. Actualmente, est\u00e1 en proceso de remodelaci\u00f3n y mejora.<\/p>\n<p>&nbsp;<\/p>\n","protected":false},"excerpt":{"rendered":"<p>Nuestra Biblioteca se encuentra repartida entre la sede de Pintor Zuloaga y la sede de Arbol\u00ed. Actualmente, est\u00e1 en proceso de remodelaci\u00f3n y mejora. &nbsp;<\/p>\n","protected":false},"author":16256,"featured_media":0,"parent":0,"menu_order":0,"comment_status":"closed","ping_status":"closed","template":"","meta":{"ngg_post_thumbnail":0,"footnotes":""},"aioseo_notices":[],"_links":{"self":[{"href":"https:\/\/blogsaverroes.juntadeandalucia.es\/bibliotecaceperpintorzuloaga\/wp-json\/wp\/v2\/pages\/52"}],"collection":[{"href":"https:\/\/blogsaverroes.juntadeandalucia.es\/bibliotecaceperpintorzuloaga\/wp-json\/wp\/v2\/pages"}],"about":[{"href":"https:\/\/blogsaverroes.juntadeandalucia.es\/bibliotecaceperpintorzuloaga\/wp-json\/wp\/v2\/types\/page"}],"author":[{"embeddable":true,"href":"https:\/\/blogsaverroes.juntadeandalucia.es\/bibliotecaceperpintorzuloaga\/wp-json\/wp\/v2\/users\/16256"}],"replies":[{"embeddable":true,"href":"https:\/\/blogsaverroes.juntadeandalucia.es\/bibliotecaceperpintorzuloaga\/wp-json\/wp\/v2\/comments?post=52"}],"version-history":[{"count":5,"href":"https:\/\/blogsaverroes.juntadeandalucia.es\/bibliotecaceperpintorzuloaga\/wp-json\/wp\/v2\/pages\/52\/revisions"}],"predecessor-version":[{"id":198,"href":"https:\/\/blogsaverroes.juntadeandalucia.es\/bibliotecaceperpintorzuloaga\/wp-json\/wp\/v2\/pages\/52\/revisions\/198"}],"wp:attachment":[{"href":"https:\/\/blogsaverroes.juntadeandalucia.es\/bibliotecaceperpintorzuloaga\/wp-json\/wp\/v2\/media?parent=52"}],"curies":[{"name":"wp","href":"https:\/\/api.w.org\/{rel}","templated":true}]}}