{"id":2,"date":"2022-09-23T10:06:41","date_gmt":"2022-09-23T10:06:41","guid":{"rendered":"https:\/\/blogsaverroes.juntadeandalucia.es\/bibliotecaciudaddejaen\/?page_id=2"},"modified":"2022-10-19T06:47:33","modified_gmt":"2022-10-19T06:47:33","slug":"pagina-de-ejemplo","status":"publish","type":"page","link":"https:\/\/blogsaverroes.juntadeandalucia.es\/bibliotecaciudaddejaen\/pagina-de-ejemplo\/","title":{"rendered":"FORMACI\u00d3N DE USUARIOS"},"content":{"rendered":"<p>LOS SE\u00d1ALADORES<\/p>\n<p>V\u00eddeo que ense\u00f1a c\u00f3mo saber d\u00f3nde he dejado el libro que he cogido y poder colocarlo de nuevo en su sitio de origen.<\/p>\n<div style=\"width: 640px;\" class=\"wp-video\"><!--[if lt IE 9]><script>document.createElement('video');<\/script><![endif]-->\n<video class=\"wp-video-shortcode\" id=\"video-2-1\" width=\"640\" height=\"352\" preload=\"metadata\" controls=\"controls\"><source type=\"video\/mp4\" src=\"https:\/\/blogsaverroes.juntadeandalucia.es\/bibliotecaciudaddejaen\/files\/2022\/10\/se\u00f1aladores.mp4?_=1\" \/><a href=\"https:\/\/blogsaverroes.juntadeandalucia.es\/bibliotecaciudaddejaen\/files\/2022\/10\/se\u00f1aladores.mp4\">https:\/\/blogsaverroes.juntadeandalucia.es\/bibliotecaciudaddejaen\/files\/2022\/10\/se\u00f1aladores.mp4<\/a><\/video><\/div>\n","protected":false},"excerpt":{"rendered":"<p>LOS SE\u00d1ALADORES V\u00eddeo que ense\u00f1a c\u00f3mo saber d\u00f3nde he dejado el libro que he cogido y poder colocarlo de nuevo en su sitio de origen.<\/p>\n","protected":false},"author":2999,"featured_media":0,"parent":0,"menu_order":0,"comment_status":"closed","ping_status":"open","template":"","meta":{"ngg_post_thumbnail":0,"footnotes":""},"aioseo_notices":[],"_links":{"self":[{"href":"https:\/\/blogsaverroes.juntadeandalucia.es\/bibliotecaciudaddejaen\/wp-json\/wp\/v2\/pages\/2"}],"collection":[{"href":"https:\/\/blogsaverroes.juntadeandalucia.es\/bibliotecaciudaddejaen\/wp-json\/wp\/v2\/pages"}],"about":[{"href":"https:\/\/blogsaverroes.juntadeandalucia.es\/bibliotecaciudaddejaen\/wp-json\/wp\/v2\/types\/page"}],"author":[{"embeddable":true,"href":"https:\/\/blogsaverroes.juntadeandalucia.es\/bibliotecaciudaddejaen\/wp-json\/wp\/v2\/users\/2999"}],"replies":[{"embeddable":true,"href":"https:\/\/blogsaverroes.juntadeandalucia.es\/bibliotecaciudaddejaen\/wp-json\/wp\/v2\/comments?post=2"}],"version-history":[{"count":4,"href":"https:\/\/blogsaverroes.juntadeandalucia.es\/bibliotecaciudaddejaen\/wp-json\/wp\/v2\/pages\/2\/revisions"}],"predecessor-version":[{"id":488,"href":"https:\/\/blogsaverroes.juntadeandalucia.es\/bibliotecaciudaddejaen\/wp-json\/wp\/v2\/pages\/2\/revisions\/488"}],"wp:attachment":[{"href":"https:\/\/blogsaverroes.juntadeandalucia.es\/bibliotecaciudaddejaen\/wp-json\/wp\/v2\/media?parent=2"}],"curies":[{"name":"wp","href":"https:\/\/api.w.org\/{rel}","templated":true}]}}