{"id":411,"date":"2023-02-08T11:12:31","date_gmt":"2023-02-08T10:12:31","guid":{"rendered":"https:\/\/blogsaverroes.juntadeandalucia.es\/bibliotecaiesboliches\/?page_id=411"},"modified":"2023-02-08T19:13:13","modified_gmt":"2023-02-08T18:13:13","slug":"contacto","status":"publish","type":"page","link":"https:\/\/blogsaverroes.juntadeandalucia.es\/bibliotecaiesboliches\/contacto\/","title":{"rendered":"CONTACTO"},"content":{"rendered":"<section id=\"h.26f56e7db8634ae5_7\" class=\"yaqOZd\">\n<div class=\"mYVXT\">\n<div class=\"LS81yb VICjCf j5pSsc db35Fc\">\n<div class=\"hJDwNd-AhqUyc-uQSCkd Ft7HRd-AhqUyc-uQSCkd purZT-AhqUyc-II5mzb ZcASvf-AhqUyc-II5mzb pSzOP-AhqUyc-qWD73c Ktthjf-AhqUyc-qWD73c JNdkSc SQVYQc\">\n<div class=\"JNdkSc-SmKAyb LkDMRd\">\n<div class=\"\">\n<div class=\"oKdM2c ZZyype Kzv0Me\">\n<div id=\"h.26f56e7db8634ae5_4\" class=\"hJDwNd-AhqUyc-uQSCkd Ft7HRd-AhqUyc-uQSCkd jXK9ad D2fZ2 zu5uec OjCsFc dmUFtb wHaque g5GTcb JYTMs\">\n<div class=\"jXK9ad-SmKAyb\">\n<div class=\"tyJCtd mGzaTb Depvyb baZpAe\">\n<p class=\"CDt4Ke zfr3Q\" dir=\"ltr\"><span class=\" KB0Tx\">Para cualquier consulta, puedes dirigirte a Azucena Garc\u00eda Lomillo, responsable de Biblioteca, a trav\u00e9s del siguiente correo:<\/span><\/p>\n<p class=\"CDt4Ke zfr3Q\" dir=\"ltr\"><span class=\" KB0Tx aw5Odc\"><a class=\"XqQF9c\" href=\"mailto:biblioteca@iesboliches.org\" target=\"_blank\" rel=\"noopener noreferrer\">biblioteca@iesboliches.org<\/a><\/span><\/p>\n<\/div>\n<\/div>\n<\/div>\n<\/div>\n<\/div>\n<\/div>\n<\/div>\n<\/div>\n<\/div>\n<\/section>\n<section id=\"h.5830f72bdf352c66_15\" class=\"yaqOZd\">\n<div class=\"mYVXT\">\n<div class=\"LS81yb VICjCf j5pSsc db35Fc\">\n<div class=\"hJDwNd-AhqUyc-uQSCkd Ft7HRd-AhqUyc-uQSCkd purZT-AhqUyc-II5mzb ZcASvf-AhqUyc-II5mzb pSzOP-AhqUyc-qWD73c Ktthjf-AhqUyc-qWD73c JNdkSc SQVYQc\">\n<div class=\"JNdkSc-SmKAyb LkDMRd\">\n<div class=\"\">\n<div class=\"oKdM2c ZZyype Kzv0Me\">\n<div id=\"h.5830f72bdf352c66_12\" class=\"hJDwNd-AhqUyc-uQSCkd Ft7HRd-AhqUyc-uQSCkd jXK9ad D2fZ2 zu5uec OjCsFc dmUFtb wHaque g5GTcb JYTMs\">\n<div class=\"jXK9ad-SmKAyb\">\n<div class=\"tyJCtd mGzaTb Depvyb baZpAe\">\n<p class=\"CDt4Ke zfr3Q\" dir=\"ltr\"><span class=\" KB0Tx\">I. E. S. Los Boliches<\/span><\/p>\n<p class=\"CDt4Ke zfr3Q\" dir=\"ltr\"><span class=\" KB0Tx\">Calle Frascuelo, 12<\/span><\/p>\n<p class=\"CDt4Ke zfr3Q\" dir=\"ltr\"><span class=\" KB0Tx\">29640 Fuengirola (M\u00e1laga)<\/span><\/p>\n<p class=\"CDt4Ke zfr3Q\" dir=\"ltr\"><span class=\" KB0Tx\">Tel\u00e9fono&nbsp;<\/span><span class=\" KB0Tx\"><a class=\"XqQF9c rXJpyf\" href=\"https:\/\/www.google.com\/search?q=ies+los+boliches&amp;oq=ies+los+boliches&amp;aqs=chrome.0.0i355i512j46i175i199i512j0i512l3j69i60l3.3079j0j7&amp;sourceid=chrome&amp;ie=UTF-8&amp;safe=active&amp;ssui=on#\" target=\"_blank\" rel=\"noopener noreferrer\">952 58 14 09<\/a><\/span><\/p>\n<\/div>\n<\/div>\n<\/div>\n<\/div>\n<\/div>\n<\/div>\n<\/div>\n<\/div>\n<\/div>\n<\/section>\n","protected":false},"excerpt":{"rendered":"<p>Para cualquier consulta, puedes dirigirte a Azucena Garc\u00eda Lomillo, responsable de Biblioteca, a trav\u00e9s del siguiente correo: biblioteca@iesboliches.org I. E. S. Los Boliches Calle Frascuelo, 12 29640 Fuengirola (M\u00e1laga) Tel\u00e9fono&nbsp;952 58 14 09<\/p>\n","protected":false},"author":17015,"featured_media":0,"parent":0,"menu_order":0,"comment_status":"closed","ping_status":"closed","template":"","meta":{"ngg_post_thumbnail":0,"footnotes":""},"aioseo_notices":[],"_links":{"self":[{"href":"https:\/\/blogsaverroes.juntadeandalucia.es\/bibliotecaiesboliches\/wp-json\/wp\/v2\/pages\/411"}],"collection":[{"href":"https:\/\/blogsaverroes.juntadeandalucia.es\/bibliotecaiesboliches\/wp-json\/wp\/v2\/pages"}],"about":[{"href":"https:\/\/blogsaverroes.juntadeandalucia.es\/bibliotecaiesboliches\/wp-json\/wp\/v2\/types\/page"}],"author":[{"embeddable":true,"href":"https:\/\/blogsaverroes.juntadeandalucia.es\/bibliotecaiesboliches\/wp-json\/wp\/v2\/users\/17015"}],"replies":[{"embeddable":true,"href":"https:\/\/blogsaverroes.juntadeandalucia.es\/bibliotecaiesboliches\/wp-json\/wp\/v2\/comments?post=411"}],"version-history":[{"count":4,"href":"https:\/\/blogsaverroes.juntadeandalucia.es\/bibliotecaiesboliches\/wp-json\/wp\/v2\/pages\/411\/revisions"}],"predecessor-version":[{"id":463,"href":"https:\/\/blogsaverroes.juntadeandalucia.es\/bibliotecaiesboliches\/wp-json\/wp\/v2\/pages\/411\/revisions\/463"}],"wp:attachment":[{"href":"https:\/\/blogsaverroes.juntadeandalucia.es\/bibliotecaiesboliches\/wp-json\/wp\/v2\/media?parent=411"}],"curies":[{"name":"wp","href":"https:\/\/api.w.org\/{rel}","templated":true}]}}