{"id":416,"date":"2023-02-08T11:13:17","date_gmt":"2023-02-08T10:13:17","guid":{"rendered":"https:\/\/blogsaverroes.juntadeandalucia.es\/bibliotecaiesboliches\/?page_id=416"},"modified":"2023-02-08T19:23:55","modified_gmt":"2023-02-08T18:23:55","slug":"normas","status":"publish","type":"page","link":"https:\/\/blogsaverroes.juntadeandalucia.es\/bibliotecaiesboliches\/normas\/","title":{"rendered":"NORMAS"},"content":{"rendered":"<p dir=\"ltr\"><img loading=\"lazy\" decoding=\"async\" class=\"alignnone size-full wp-image-456 aligncenter\" src=\"https:\/\/blogsaverroes.juntadeandalucia.es\/bibliotecaiesboliches\/files\/2023\/02\/Normas-de-uso-de-la-biblioteca.jpg\" alt=\"\" width=\"985\" height=\"688\" srcset=\"https:\/\/blogsaverroes.juntadeandalucia.es\/bibliotecaiesboliches\/files\/2023\/02\/Normas-de-uso-de-la-biblioteca.jpg 985w, https:\/\/blogsaverroes.juntadeandalucia.es\/bibliotecaiesboliches\/files\/2023\/02\/Normas-de-uso-de-la-biblioteca-300x210.jpg 300w, https:\/\/blogsaverroes.juntadeandalucia.es\/bibliotecaiesboliches\/files\/2023\/02\/Normas-de-uso-de-la-biblioteca-768x536.jpg 768w\" sizes=\"(max-width: 985px) 100vw, 985px\" \/><\/p>\n<p class=\"CDt4Ke zfr3Q\" dir=\"ltr\"><span class=\" KB0Tx\"><strong>NORMAS GENERALES<\/strong><\/span><\/p>\n<ol class=\"n8H08c BKnRcf\">\n<li class=\"TYR86d zfr3Q\">\n<p class=\"CDt4Ke zfr3Q\" dir=\"ltr\">En la biblioteca se debe guardar silencio para no distraer ni molestar a los dem\u00e1s. Por esta raz\u00f3n, se proh\u00edbe el uso de reproductores de m\u00fasica, tel\u00e9fonos m\u00f3viles, etc.<\/p>\n<\/li>\n<li class=\"TYR86d zfr3Q\">\n<p class=\"CDt4Ke zfr3Q\" dir=\"ltr\">No est\u00e1 permitido comer ni beber en el interior de la biblioteca.<\/p>\n<\/li>\n<li class=\"TYR86d zfr3Q\">\n<p class=\"CDt4Ke zfr3Q\" dir=\"ltr\">Los libros, revistas, discos, programas, etc. deben ser cuidados. Todo el que por descuido o a conciencia pierda o rompa cualquiera de los fondos pertenecientes a la biblioteca deber\u00e1 abonar su importe.<\/p>\n<\/li>\n<li class=\"TYR86d zfr3Q\">\n<p class=\"CDt4Ke zfr3Q\" dir=\"ltr\">Se cuidar\u00e1 especialmente y se mantendr\u00e1 limpio el mobiliario.<\/p>\n<\/li>\n<li class=\"TYR86d zfr3Q\">\n<p class=\"CDt4Ke zfr3Q\" dir=\"ltr\">Al abandonar la biblioteca se dejar\u00e1n las sillas bien colocadas, los papeles en la papelera y las ventanas cerradas.<\/p>\n<\/li>\n<li class=\"TYR86d zfr3Q\">\n<p class=\"CDt4Ke zfr3Q\" dir=\"ltr\">La biblioteca se abrir\u00e1 durante la hora del recreo, pudiendo ser utilizada libremente en este tiempo por cualquier miembro de la comunidad educativa que desee llevar a cabo cualquiera de las actividades mencionadas, respetando las presentes normas.<\/p>\n<\/li>\n<li class=\"TYR86d zfr3Q\">\n<p class=\"CDt4Ke zfr3Q\" dir=\"ltr\">Los libros pueden ser cogidos directamente de las estanter\u00edas por los usuarios. No obstante, se ruega encarecidamente que no los vuelvan a colocar en las mismas despu\u00e9s de usarlos: deben dejarse sobre la mesa o sobre el escritorio del bibliotecario, que ser\u00e1 el encargado de volverlos a colocar en su sitio.<\/p>\n<\/li>\n<li class=\"TYR86d zfr3Q\">\n<p class=\"CDt4Ke zfr3Q\" dir=\"ltr\">Hay un grupo de alumnos que colaboran con el servicio de biblioteca. Ellos ser\u00e1n los encargados de abrirla y cerrarla durante los recreos. Ser\u00e1n tambi\u00e9n los responsables de supervisar el buen funcionamiento y silencio dentro de la sala, as\u00ed como de que todo quede ordenado al cerrar. Para ello recabar\u00e1 la colaboraci\u00f3n de las personas que la usen, y sus indicaciones deber\u00e1n ser atendidas por estas. En caso contrario, cuentan con el apoyo de los profesores que en ese momento se hallen de guardia de recreo.<\/p>\n<\/li>\n<li class=\"TYR86d zfr3Q\">\n<p class=\"CDt4Ke zfr3Q\" dir=\"ltr\">El equipo de colaboradores de la biblioteca ayudar\u00e1 a todas aquellas personas que quieran consultar libros, trabajar con el material inform\u00e1tico, sacar un libro en pr\u00e9stamo, etc.<\/p>\n<\/li>\n<li class=\"TYR86d zfr3Q\">\n<p class=\"CDt4Ke zfr3Q\" dir=\"ltr\">Como norma general, la biblioteca permanecer\u00e1 cerrada durante el resto del horario lectivo, ya que, de acuerdo con el actual R.O.F. del centro, los alumnos deben permanecer en sus clases. No obstante, puesto que puede haber alumnos matriculados en asignaturas sueltas que deseen hacer uso de la biblioteca en horas en que no tengan clases; en ese caso, podr\u00e1 abrirse siempre que uno de los profesores de guardia lo autorice y se responsabilice de abrir y cerrar la puerta, supervisando el correcto uso de la biblioteca por parte de estos alumnos y que quede todo en orden al finalizar la hora.<\/p>\n<\/li>\n<li class=\"TYR86d zfr3Q\">\n<p class=\"CDt4Ke zfr3Q\" dir=\"ltr\">Cualquier profesor que lo considere necesario para realizar una actividad (lectura, investigaci\u00f3n, consulta, etc.) con su grupo de alumnos, podr\u00e1 hacer uso de la biblioteca en cualquier momento del horario lectivo. A fin de evitar posibles coincidencias, se utilizar\u00e1 el cuadrante de reserva de aula de la intranet del centro.<\/p>\n<\/li>\n<\/ol>\n<p class=\"CDt4Ke zfr3Q\" dir=\"ltr\"><span class=\" KB0Tx\"><strong>NORMAS DE USO DE LOS RECURSOS TIC<\/strong><\/span><\/p>\n<ol class=\"n8H08c BKnRcf\">\n<li class=\"TYR86d zfr3Q\">\n<p class=\"CDt4Ke zfr3Q\" dir=\"ltr\">La responsabilidad del estado de las mesas y de los equipos inform\u00e1ticos recaer\u00e1 sobre la persona que los utilice. Cada reparaci\u00f3n o reposici\u00f3n derivada de un mal uso de estos elementos ser\u00e1 por cuenta del responsable del da\u00f1o (seg\u00fan el art\u00edculo 35.2c del Decreto 85\/1999 de 6 de Abril).<\/p>\n<\/li>\n<li class=\"TYR86d zfr3Q\">\n<p class=\"CDt4Ke zfr3Q\" dir=\"ltr\">Los ordenadores de la biblioteca pueden usarse para navegar por Internet o para consultar los distintos materiales inform\u00e1ticos y medi\u00e1ticos que hay a disposici\u00f3n de los estudiantes.<\/p>\n<\/li>\n<li class=\"TYR86d zfr3Q\">\n<p class=\"CDt4Ke zfr3Q\" dir=\"ltr\">Los ordenadores s\u00f3lo pueden usarse con fines acad\u00e9micos, es decir, para buscar informaci\u00f3n y materiales para la realizaci\u00f3n de las tareas cotidianas y los trabajos de clase propuestos en cada materia.<\/p>\n<\/li>\n<li class=\"TYR86d zfr3Q\">\n<p class=\"CDt4Ke zfr3Q\" dir=\"ltr\">Antes de empezar a trabajar se deben rellenar los datos de la hoja de inscripci\u00f3n que hay en la Mesa del bibliotecario, que ser\u00e1 quien avise a cada usuario de cu\u00e1ndo es su turno.<\/p>\n<\/li>\n<li class=\"TYR86d zfr3Q\">\n<p class=\"CDt4Ke zfr3Q\" dir=\"ltr\">El uso del ordenador ser\u00e1 por orden de inscripci\u00f3n en la hoja y durante un tiempo m\u00e1ximo de 10 minutos.<\/p>\n<\/li>\n<li class=\"TYR86d zfr3Q\">\n<p class=\"CDt4Ke zfr3Q\" dir=\"ltr\">Cada equipo inform\u00e1tico puede ser usado por dos alumnos. No se permitir\u00e1 que haya m\u00e1s de cuatro alumnos en la Zona de Trabajo T.I.C.<\/p>\n<\/li>\n<li class=\"TYR86d zfr3Q\">\n<p class=\"CDt4Ke zfr3Q\" dir=\"ltr\">De ninguna manera los ordenadores de la biblioteca del centro pueden ser utilizados como ordenadores privados. As\u00ed, para garantizar el buen uso de los ordenadores de la biblioteca, queda absolutamente prohibido:<\/p>\n<ol class=\"n8H08c BKnRcf\">\n<li class=\"TYR86d zfr3Q\">\n<ul class=\"n8H08c UVNKR\">\n<li class=\"TYR86d zfr3Q\">\n<p class=\"CDt4Ke zfr3Q\" dir=\"ltr\">Modificar la configuraci\u00f3n inicial del Escritorio o de cualquier otro de los elementos originales de los ordenadores;<\/p>\n<\/li>\n<li class=\"TYR86d zfr3Q\">\n<p class=\"CDt4Ke zfr3Q\" dir=\"ltr\">Instalar programas o borrar los que han sido instalados para el uso acad\u00e9mico de los estudiantes;<\/p>\n<\/li>\n<li class=\"TYR86d zfr3Q\">\n<p class=\"CDt4Ke zfr3Q\" dir=\"ltr\">Instalar juegos, o \u201cdemos\u201d de los mismos;<\/p>\n<\/li>\n<li class=\"TYR86d zfr3Q\">\n<p class=\"CDt4Ke zfr3Q\" dir=\"ltr\">\u201cChatear\u201d;<\/p>\n<\/li>\n<li class=\"TYR86d zfr3Q\">\n<p class=\"CDt4Ke zfr3Q\" dir=\"ltr\">Visitar p\u00e1ginas de contenido violento, racista, xen\u00f3fobo, sexista o pornogr\u00e1fico;<\/p>\n<\/li>\n<li class=\"TYR86d zfr3Q\">\n<p class=\"CDt4Ke zfr3Q\" dir=\"ltr\">Descargar con fines privados m\u00fasica, pel\u00edculas, melod\u00edas o im\u00e1genes para el tel\u00e9fono m\u00f3vil, juegos, etc.<\/p>\n<\/li>\n<\/ul>\n<\/li>\n<\/ol>\n<\/li>\n<li class=\"TYR86d zfr3Q\">\n<p class=\"CDt4Ke zfr3Q\" dir=\"ltr\">El estudiante que incumpla cualquiera de las anteriores normas deber\u00e1 dejar el puesto inform\u00e1tico de forma inmediata, y su conducta podr\u00e1 ser llevada ante la Comisi\u00f3n de Convivencia del centro, que determinar\u00e1 la correcci\u00f3n adecuada a la gravedad de la infracci\u00f3n que cometa.<\/p>\n<\/li>\n<li class=\"TYR86d zfr3Q\">\n<p class=\"CDt4Ke zfr3Q\" dir=\"ltr\">Lo mismo ocurrir\u00e1 cuando alg\u00fan usuario estropee, aver\u00ede o rompa cualquiera de los componentes f\u00edsicos del ordenador (pantalla, teclado, rat\u00f3n, etc.).<\/p>\n<\/li>\n<li class=\"TYR86d zfr3Q\">\n<p class=\"CDt4Ke zfr3Q\" dir=\"ltr\">Si se detecta alguna anomal\u00eda en el funcionamiento de los ordenadores, debemos comunicarlo inmediatamente al bibliotecario o al profesor presente, quien tomar\u00e1 nota de la incidencia.<\/p>\n<\/li>\n<li class=\"TYR86d zfr3Q\">\n<p class=\"CDt4Ke zfr3Q\" dir=\"ltr\">Cuando un estudiante necesite imprimir la informaci\u00f3n que ha localizado, se lo comunicar\u00e1 al bibliotecario, quien se encargar\u00e1 de hacerlo lo antes posible. Y recuerda: solo el buen uso de los recursos que tenemos hace posible que est\u00e9n disponibles para todos, ahora y en el futuro.<\/p>\n<\/li>\n<\/ol>\n<p class=\"CDt4Ke zfr3Q\" dir=\"ltr\"><span class=\" KB0Tx\"><strong>NORMAS PARA EL PR\u00c9STAMO<\/strong><\/span><\/p>\n<ol class=\"n8H08c BKnRcf\">\n<li class=\"TYR86d zfr3Q\">\n<p class=\"CDt4Ke zfr3Q\" dir=\"ltr\">El servicio de pr\u00e9stamo de los fondos de la biblioteca funciona durante el recreo.<\/p>\n<\/li>\n<li class=\"TYR86d zfr3Q\">\n<p class=\"CDt4Ke zfr3Q\" dir=\"ltr\">Se prestar\u00e1n un m\u00e1ximo de dos ejemplares por persona y deben devolverse en un plazo m\u00e1ximo de 15 d\u00edas, que pueden ser prorrogados por id\u00e9ntico per\u00edodo.<\/p>\n<\/li>\n<li class=\"TYR86d zfr3Q\">\n<p class=\"CDt4Ke zfr3Q\" dir=\"ltr\">Se exige el cuidado y reposici\u00f3n en perfecto estado de los fondos sacados en pr\u00e9stamo.<\/p>\n<\/li>\n<li class=\"TYR86d zfr3Q\">\n<p class=\"CDt4Ke zfr3Q\" dir=\"ltr\">Como es habitual en todas las bibliotecas, est\u00e1n excluidos de pr\u00e9stamo los ejemplares seriados (como las revistas), las obras de consulta general (como las enciclopedias), y el material de uso muy frecuente o de naturaleza delicada.<\/p>\n<\/li>\n<\/ol>\n","protected":false},"excerpt":{"rendered":"<p>NORMAS GENERALES En la biblioteca se debe guardar silencio para no distraer ni molestar a los dem\u00e1s. Por esta raz\u00f3n, se proh\u00edbe el uso de reproductores de m\u00fasica, tel\u00e9fonos m\u00f3viles, etc. No est\u00e1 permitido&#46;&#46;&#46;<\/p>\n","protected":false},"author":17015,"featured_media":0,"parent":0,"menu_order":0,"comment_status":"closed","ping_status":"closed","template":"","meta":{"ngg_post_thumbnail":0,"footnotes":""},"aioseo_notices":[],"_links":{"self":[{"href":"https:\/\/blogsaverroes.juntadeandalucia.es\/bibliotecaiesboliches\/wp-json\/wp\/v2\/pages\/416"}],"collection":[{"href":"https:\/\/blogsaverroes.juntadeandalucia.es\/bibliotecaiesboliches\/wp-json\/wp\/v2\/pages"}],"about":[{"href":"https:\/\/blogsaverroes.juntadeandalucia.es\/bibliotecaiesboliches\/wp-json\/wp\/v2\/types\/page"}],"author":[{"embeddable":true,"href":"https:\/\/blogsaverroes.juntadeandalucia.es\/bibliotecaiesboliches\/wp-json\/wp\/v2\/users\/17015"}],"replies":[{"embeddable":true,"href":"https:\/\/blogsaverroes.juntadeandalucia.es\/bibliotecaiesboliches\/wp-json\/wp\/v2\/comments?post=416"}],"version-history":[{"count":3,"href":"https:\/\/blogsaverroes.juntadeandalucia.es\/bibliotecaiesboliches\/wp-json\/wp\/v2\/pages\/416\/revisions"}],"predecessor-version":[{"id":468,"href":"https:\/\/blogsaverroes.juntadeandalucia.es\/bibliotecaiesboliches\/wp-json\/wp\/v2\/pages\/416\/revisions\/468"}],"wp:attachment":[{"href":"https:\/\/blogsaverroes.juntadeandalucia.es\/bibliotecaiesboliches\/wp-json\/wp\/v2\/media?parent=416"}],"curies":[{"name":"wp","href":"https:\/\/api.w.org\/{rel}","templated":true}]}}