{"id":420,"date":"2023-02-08T11:13:47","date_gmt":"2023-02-08T10:13:47","guid":{"rendered":"https:\/\/blogsaverroes.juntadeandalucia.es\/bibliotecaiesboliches\/?page_id=420"},"modified":"2023-02-08T19:09:31","modified_gmt":"2023-02-08T18:09:31","slug":"catalogo","status":"publish","type":"page","link":"https:\/\/blogsaverroes.juntadeandalucia.es\/bibliotecaiesboliches\/catalogo\/","title":{"rendered":"CAT\u00c1LOGO"},"content":{"rendered":"<section id=\"h.28d59402d39cae41_61\" class=\"yaqOZd\">\n<div class=\"mYVXT\">\n<div class=\"LS81yb VICjCf j5pSsc db35Fc\">\n<div class=\"hJDwNd-AhqUyc-uQSCkd Ft7HRd-AhqUyc-uQSCkd purZT-AhqUyc-II5mzb ZcASvf-AhqUyc-II5mzb pSzOP-AhqUyc-qWD73c Ktthjf-AhqUyc-qWD73c JNdkSc SQVYQc\">\n<div class=\"JNdkSc-SmKAyb LkDMRd\">\n<div class=\"\">\n<div class=\"oKdM2c ZZyype Kzv0Me\">\n<div id=\"h.28d59402d39cae41_58\" class=\"hJDwNd-AhqUyc-uQSCkd Ft7HRd-AhqUyc-uQSCkd jXK9ad D2fZ2 zu5uec OjCsFc dmUFtb wHaque g5GTcb JYTMs\">\n<div class=\"jXK9ad-SmKAyb\">\n<div class=\"tyJCtd mGzaTb Depvyb baZpAe\">\n<p class=\"CDt4Ke zfr3Q\" dir=\"ltr\"><span class=\" KB0Tx\">Todo nuestro cat\u00e1logo est\u00e1 digitalizado en Biblioweb S\u00e9neca y cuenta con m\u00e1s de 4500 registros. Se puede consultar <\/span><span class=\" KB0Tx aw5Odc\"><a class=\"XqQF9c\" href=\"https:\/\/www.google.com\/url?q=https%3A%2F%2Fwww.juntadeandalucia.es%2Feducacion%2Fsenecav2%2Fseneca%2Fbiblioweb%2Fportal%2F29700497&amp;sa=D&amp;sntz=1&amp;usg=AOvVaw3w0VET9GTFARVw4QuNMiSk\" target=\"_blank\" rel=\"noopener noreferrer\">aqu\u00ed.<\/a><\/span><\/p>\n<\/div>\n<\/div>\n<\/div>\n<\/div>\n<\/div>\n<\/div>\n<\/div>\n<\/div>\n<\/div>\n<\/section>\n<section id=\"h.1c76675b54def377_5\" class=\"yaqOZd\">\n<div class=\"mYVXT\">\n<div class=\"LS81yb VICjCf j5pSsc db35Fc\">\n<div class=\"hJDwNd-AhqUyc-uQSCkd Ft7HRd-AhqUyc-uQSCkd purZT-AhqUyc-II5mzb ZcASvf-AhqUyc-II5mzb pSzOP-AhqUyc-qWD73c Ktthjf-AhqUyc-qWD73c JNdkSc SQVYQc\">\n<div class=\"JNdkSc-SmKAyb LkDMRd\">\n<div class=\"\">\n<div class=\"oKdM2c ZZyype Kzv0Me\">\n<div id=\"h.1c76675b54def377_2\" class=\"hJDwNd-AhqUyc-uQSCkd Ft7HRd-AhqUyc-uQSCkd jXK9ad D2fZ2 zu5uec OjCsFc dmUFtb wHaque g5GTcb JYTMs\">\n<div class=\"jXK9ad-SmKAyb\">\n<div class=\"tyJCtd mGzaTb Depvyb baZpAe\">\n<p class=\"CDt4Ke zfr3Q\" dir=\"ltr\"><span class=\" KB0Tx\">Si te gustar\u00eda leer alg\u00fan libro que todav\u00eda no se encuentra en nuestro cat\u00e1logo, puedes realizar una petici\u00f3n de compra <\/span><span class=\" aw5Odc KB0Tx\"><a class=\"XqQF9c\" href=\"https:\/\/forms.gle\/aPB1kof27Hd8MeTc6\" target=\"_blank\" rel=\"noopener noreferrer\">aqu\u00ed<\/a><\/span><span class=\" KB0Tx\">.<\/span><\/p>\n<p dir=\"ltr\"><a href=\"https:\/\/www.google.com\/url?q=https%3A%2F%2Fwww.juntadeandalucia.es%2Feducacion%2Fsenecav2%2Fseneca%2Fbiblioweb%2Fportal%2F29700497&amp;sa=D&amp;sntz=1&amp;usg=AOvVaw3w0VET9GTFARVw4QuNMiSk\"><img loading=\"lazy\" decoding=\"async\" class=\"size-large wp-image-455 aligncenter\" src=\"https:\/\/blogsaverroes.juntadeandalucia.es\/bibliotecaiesboliches\/files\/2023\/02\/foto-biblioweb-1024x632.jpg\" alt=\"\" width=\"1024\" height=\"632\" srcset=\"https:\/\/blogsaverroes.juntadeandalucia.es\/bibliotecaiesboliches\/files\/2023\/02\/foto-biblioweb-1024x632.jpg 1024w, https:\/\/blogsaverroes.juntadeandalucia.es\/bibliotecaiesboliches\/files\/2023\/02\/foto-biblioweb-300x185.jpg 300w, https:\/\/blogsaverroes.juntadeandalucia.es\/bibliotecaiesboliches\/files\/2023\/02\/foto-biblioweb-768x474.jpg 768w, https:\/\/blogsaverroes.juntadeandalucia.es\/bibliotecaiesboliches\/files\/2023\/02\/foto-biblioweb.jpg 1520w\" sizes=\"(max-width: 1024px) 100vw, 1024px\" \/><\/a><\/p>\n<\/div>\n<\/div>\n<\/div>\n<\/div>\n<\/div>\n<p dir=\"ltr\">&nbsp;<\/p>\n<\/div>\n<\/div>\n<\/div>\n<\/div>\n<\/section>\n","protected":false},"excerpt":{"rendered":"<p>Todo nuestro cat\u00e1logo est\u00e1 digitalizado en Biblioweb S\u00e9neca y cuenta con m\u00e1s de 4500 registros. Se puede consultar aqu\u00ed. Si te gustar\u00eda leer alg\u00fan libro que todav\u00eda no se encuentra en nuestro cat\u00e1logo, puedes&#46;&#46;&#46;<\/p>\n","protected":false},"author":17015,"featured_media":455,"parent":0,"menu_order":0,"comment_status":"closed","ping_status":"closed","template":"","meta":{"ngg_post_thumbnail":0,"footnotes":""},"aioseo_notices":[],"_links":{"self":[{"href":"https:\/\/blogsaverroes.juntadeandalucia.es\/bibliotecaiesboliches\/wp-json\/wp\/v2\/pages\/420"}],"collection":[{"href":"https:\/\/blogsaverroes.juntadeandalucia.es\/bibliotecaiesboliches\/wp-json\/wp\/v2\/pages"}],"about":[{"href":"https:\/\/blogsaverroes.juntadeandalucia.es\/bibliotecaiesboliches\/wp-json\/wp\/v2\/types\/page"}],"author":[{"embeddable":true,"href":"https:\/\/blogsaverroes.juntadeandalucia.es\/bibliotecaiesboliches\/wp-json\/wp\/v2\/users\/17015"}],"replies":[{"embeddable":true,"href":"https:\/\/blogsaverroes.juntadeandalucia.es\/bibliotecaiesboliches\/wp-json\/wp\/v2\/comments?post=420"}],"version-history":[{"count":5,"href":"https:\/\/blogsaverroes.juntadeandalucia.es\/bibliotecaiesboliches\/wp-json\/wp\/v2\/pages\/420\/revisions"}],"predecessor-version":[{"id":459,"href":"https:\/\/blogsaverroes.juntadeandalucia.es\/bibliotecaiesboliches\/wp-json\/wp\/v2\/pages\/420\/revisions\/459"}],"wp:featuredmedia":[{"embeddable":true,"href":"https:\/\/blogsaverroes.juntadeandalucia.es\/bibliotecaiesboliches\/wp-json\/wp\/v2\/media\/455"}],"wp:attachment":[{"href":"https:\/\/blogsaverroes.juntadeandalucia.es\/bibliotecaiesboliches\/wp-json\/wp\/v2\/media?parent=420"}],"curies":[{"name":"wp","href":"https:\/\/api.w.org\/{rel}","templated":true}]}}