{"id":2,"date":"2021-01-22T19:40:08","date_gmt":"2021-01-22T19:40:08","guid":{"rendered":"https:\/\/blogsaverroes.juntadeandalucia.es\/bibliotecajrjr\/?page_id=2"},"modified":"2021-02-01T22:15:46","modified_gmt":"2021-02-01T22:15:46","slug":"pagina-ejemplo","status":"publish","type":"page","link":"https:\/\/blogsaverroes.juntadeandalucia.es\/bibliotecajrjr\/pagina-ejemplo\/","title":{"rendered":"Nuestra historia"},"content":{"rendered":"\t\t<div data-elementor-type=\"wp-page\" data-elementor-id=\"2\" class=\"elementor elementor-2\">\n\t\t\t\t\t\t<section class=\"elementor-section elementor-top-section elementor-element elementor-element-66c62e elementor-section-boxed elementor-section-height-default elementor-section-height-default\" data-id=\"66c62e\" data-element_type=\"section\">\n\t\t\t\t\t\t<div class=\"elementor-container elementor-column-gap-default\">\n\t\t\t\t\t<div class=\"elementor-column elementor-col-100 elementor-top-column elementor-element elementor-element-37313eb\" data-id=\"37313eb\" data-element_type=\"column\">\n\t\t\t<div class=\"elementor-widget-wrap elementor-element-populated\">\n\t\t\t\t\t\t<div class=\"elementor-element elementor-element-5c0fde05 elementor-widget elementor-widget-text-editor\" data-id=\"5c0fde05\" data-element_type=\"widget\" data-widget_type=\"text-editor.default\">\n\t\t\t\t<div class=\"elementor-widget-container\">\n\t\t\t\t\t\t\t\t\t<p>La Biblioteca de nuestro centro \u00abLa mar de libros\u00bb empez\u00f3 en la planta de arriba. Como pod\u00e9is observar en las fotos, est\u00e1bamos en un aula muy peque\u00f1a y apenas ten\u00edamos espacio. Ante la ampliaci\u00f3n del cat\u00e1lago de libros no cab\u00edamos y decidimos trasladarnos a un aula m\u00e1s amplia ubicada en la planta baja. La mudanza supuso un gran trabajo pero por fin ten\u00edamos el espacio necesario para todos los libros y tambi\u00e9n para que los alumnos\/as puedan disfrutar de sus momentos de lectura.&nbsp;<\/p>\t\t\t\t\t\t\t\t<\/div>\n\t\t\t\t<\/div>\n\t\t\t\t\t<\/div>\n\t\t<\/div>\n\t\t\t\t\t<\/div>\n\t\t<\/section>\n\t\t\t\t<section class=\"elementor-section elementor-top-section elementor-element elementor-element-c20c5ab elementor-section-boxed elementor-section-height-default elementor-section-height-default\" data-id=\"c20c5ab\" data-element_type=\"section\">\n\t\t\t\t\t\t<div class=\"elementor-container elementor-column-gap-default\">\n\t\t\t\t\t<div class=\"elementor-column elementor-col-50 elementor-top-column elementor-element elementor-element-797a4e3\" data-id=\"797a4e3\" data-element_type=\"column\">\n\t\t\t<div class=\"elementor-widget-wrap elementor-element-populated\">\n\t\t\t\t\t\t<div class=\"elementor-element elementor-element-8f75a27 elementor-widget elementor-widget-image\" data-id=\"8f75a27\" data-element_type=\"widget\" data-widget_type=\"image.default\">\n\t\t\t\t<div class=\"elementor-widget-container\">\n\t\t\t\t\t\t\t\t\t\t\t\t\t\t\t<img fetchpriority=\"high\" decoding=\"async\" width=\"400\" height=\"300\" src=\"https:\/\/blogsaverroes.juntadeandalucia.es\/bibliotecajrjr\/files\/2021\/02\/6980489927_7b6ec5a700_w.jpg\" class=\"attachment-large size-large wp-image-94\" alt=\"\" srcset=\"https:\/\/blogsaverroes.juntadeandalucia.es\/bibliotecajrjr\/files\/2021\/02\/6980489927_7b6ec5a700_w.jpg 400w, https:\/\/blogsaverroes.juntadeandalucia.es\/bibliotecajrjr\/files\/2021\/02\/6980489927_7b6ec5a700_w-300x225.jpg 300w, https:\/\/blogsaverroes.juntadeandalucia.es\/bibliotecajrjr\/files\/2021\/02\/6980489927_7b6ec5a700_w-24x18.jpg 24w, https:\/\/blogsaverroes.juntadeandalucia.es\/bibliotecajrjr\/files\/2021\/02\/6980489927_7b6ec5a700_w-36x27.jpg 36w, https:\/\/blogsaverroes.juntadeandalucia.es\/bibliotecajrjr\/files\/2021\/02\/6980489927_7b6ec5a700_w-48x36.jpg 48w\" sizes=\"(max-width: 400px) 100vw, 400px\" \/>\t\t\t\t\t\t\t\t\t\t\t\t\t\t\t<\/div>\n\t\t\t\t<\/div>\n\t\t\t\t\t<\/div>\n\t\t<\/div>\n\t\t\t\t<div class=\"elementor-column elementor-col-50 elementor-top-column elementor-element elementor-element-ffc2ce8\" data-id=\"ffc2ce8\" data-element_type=\"column\">\n\t\t\t<div class=\"elementor-widget-wrap elementor-element-populated\">\n\t\t\t\t\t\t<div class=\"elementor-element elementor-element-4c86d19 elementor-widget elementor-widget-image\" data-id=\"4c86d19\" data-element_type=\"widget\" data-widget_type=\"image.default\">\n\t\t\t\t<div class=\"elementor-widget-container\">\n\t\t\t\t\t\t\t\t\t\t\t\t\t\t\t<img decoding=\"async\" width=\"400\" height=\"300\" src=\"https:\/\/blogsaverroes.juntadeandalucia.es\/bibliotecajrjr\/files\/2021\/02\/6980491247_9e755c2e52_w.jpg\" class=\"attachment-large size-large wp-image-96\" alt=\"\" srcset=\"https:\/\/blogsaverroes.juntadeandalucia.es\/bibliotecajrjr\/files\/2021\/02\/6980491247_9e755c2e52_w.jpg 400w, https:\/\/blogsaverroes.juntadeandalucia.es\/bibliotecajrjr\/files\/2021\/02\/6980491247_9e755c2e52_w-300x225.jpg 300w, https:\/\/blogsaverroes.juntadeandalucia.es\/bibliotecajrjr\/files\/2021\/02\/6980491247_9e755c2e52_w-24x18.jpg 24w, https:\/\/blogsaverroes.juntadeandalucia.es\/bibliotecajrjr\/files\/2021\/02\/6980491247_9e755c2e52_w-36x27.jpg 36w, https:\/\/blogsaverroes.juntadeandalucia.es\/bibliotecajrjr\/files\/2021\/02\/6980491247_9e755c2e52_w-48x36.jpg 48w\" sizes=\"(max-width: 400px) 100vw, 400px\" \/>\t\t\t\t\t\t\t\t\t\t\t\t\t\t\t<\/div>\n\t\t\t\t<\/div>\n\t\t\t\t\t<\/div>\n\t\t<\/div>\n\t\t\t\t\t<\/div>\n\t\t<\/section>\n\t\t\t\t<\/div>\n\t\t","protected":false},"excerpt":{"rendered":"<p>La Biblioteca de nuestro centro \u00abLa mar de libros\u00bb empez\u00f3 en la planta de arriba. Como pod\u00e9is observar en las fotos, est\u00e1bamos en un aula muy peque\u00f1a y apenas ten\u00edamos espacio. Ante la ampliaci\u00f3n&#46;&#46;&#46;<\/p>\n","protected":false},"author":4364,"featured_media":0,"parent":0,"menu_order":0,"comment_status":"closed","ping_status":"open","template":"","meta":{"ngg_post_thumbnail":0,"footnotes":""},"aioseo_notices":[],"_links":{"self":[{"href":"https:\/\/blogsaverroes.juntadeandalucia.es\/bibliotecajrjr\/wp-json\/wp\/v2\/pages\/2"}],"collection":[{"href":"https:\/\/blogsaverroes.juntadeandalucia.es\/bibliotecajrjr\/wp-json\/wp\/v2\/pages"}],"about":[{"href":"https:\/\/blogsaverroes.juntadeandalucia.es\/bibliotecajrjr\/wp-json\/wp\/v2\/types\/page"}],"author":[{"embeddable":true,"href":"https:\/\/blogsaverroes.juntadeandalucia.es\/bibliotecajrjr\/wp-json\/wp\/v2\/users\/4364"}],"replies":[{"embeddable":true,"href":"https:\/\/blogsaverroes.juntadeandalucia.es\/bibliotecajrjr\/wp-json\/wp\/v2\/comments?post=2"}],"version-history":[{"count":4,"href":"https:\/\/blogsaverroes.juntadeandalucia.es\/bibliotecajrjr\/wp-json\/wp\/v2\/pages\/2\/revisions"}],"predecessor-version":[{"id":98,"href":"https:\/\/blogsaverroes.juntadeandalucia.es\/bibliotecajrjr\/wp-json\/wp\/v2\/pages\/2\/revisions\/98"}],"wp:attachment":[{"href":"https:\/\/blogsaverroes.juntadeandalucia.es\/bibliotecajrjr\/wp-json\/wp\/v2\/media?parent=2"}],"curies":[{"name":"wp","href":"https:\/\/api.w.org\/{rel}","templated":true}]}}