{"id":69,"date":"2021-02-01T20:15:38","date_gmt":"2021-02-01T20:15:38","guid":{"rendered":"https:\/\/blogsaverroes.juntadeandalucia.es\/bibliotecajrjr\/?page_id=69"},"modified":"2025-04-24T20:07:06","modified_gmt":"2025-04-24T20:07:06","slug":"prestamos","status":"publish","type":"page","link":"https:\/\/blogsaverroes.juntadeandalucia.es\/bibliotecajrjr\/prestamos\/","title":{"rendered":"Pr\u00e9stamos"},"content":{"rendered":"\t\t<div data-elementor-type=\"wp-page\" data-elementor-id=\"69\" class=\"elementor elementor-69\">\n\t\t\t\t\t\t<section class=\"elementor-section elementor-top-section elementor-element elementor-element-c6a8ee8 elementor-section-boxed elementor-section-height-default elementor-section-height-default\" data-id=\"c6a8ee8\" data-element_type=\"section\">\n\t\t\t\t\t\t<div class=\"elementor-container elementor-column-gap-default\">\n\t\t\t\t\t<div class=\"elementor-column elementor-col-100 elementor-top-column elementor-element elementor-element-afaf8d0\" data-id=\"afaf8d0\" data-element_type=\"column\">\n\t\t\t<div class=\"elementor-widget-wrap elementor-element-populated\">\n\t\t\t\t\t\t<div class=\"elementor-element elementor-element-e301433 elementor-icon-list--layout-traditional elementor-list-item-link-full_width elementor-widget elementor-widget-icon-list\" data-id=\"e301433\" data-element_type=\"widget\" data-widget_type=\"icon-list.default\">\n\t\t\t\t<div class=\"elementor-widget-container\">\n\t\t\t\t\t\t\t<ul class=\"elementor-icon-list-items\">\n\t\t\t\t\t\t\t<li class=\"elementor-icon-list-item\">\n\t\t\t\t\t\t\t\t\t\t<span class=\"elementor-icon-list-text\">- El plazo m\u00e1ximo de pr\u00e9stamo es de 2 semanas (14 d\u00edas)<\/span>\n\t\t\t\t\t\t\t\t\t<\/li>\n\t\t\t\t\t\t\t\t<li class=\"elementor-icon-list-item\">\n\t\t\t\t\t\t\t\t\t\t<span class=\"elementor-icon-list-text\">- Los libros deber\u00e1n de pasar por el puesto \"Servicio de Pr\u00e9stamo\" tanto en el momento de pr\u00e9stamo como en la devoluci\u00f3n, <\/span>\n\t\t\t\t\t\t\t\t\t<\/li>\n\t\t\t\t\t\t\t\t<li class=\"elementor-icon-list-item\">\n\t\t\t\t\t\t\t\t\t\t<span class=\"elementor-icon-list-text\">- Si el alumno\/a no devuelve el libro dentro del plazo estimado se enviar\u00e1 una carta a casa que deber\u00e1 ser firmada por la familia. <\/span>\n\t\t\t\t\t\t\t\t\t<\/li>\n\t\t\t\t\t\t\t\t<li class=\"elementor-icon-list-item\">\n\t\t\t\t\t\t\t\t\t\t<span class=\"elementor-icon-list-text\">- No nos hacemos responsables en caso de rotura, p\u00e9rdida o deterioro de los ejemplares. En caso de ocurrir se reclamar\u00e1 a las familias la reposici\u00f3n del mismo. Si esto no se produce, el alumno\/a no podr\u00e1 hacer uso de la Biblioteca. <\/span>\n\t\t\t\t\t\t\t\t\t<\/li>\n\t\t\t\t\t\t<\/ul>\n\t\t\t\t\t\t<\/div>\n\t\t\t\t<\/div>\n\t\t\t\t\t<\/div>\n\t\t<\/div>\n\t\t\t\t\t<\/div>\n\t\t<\/section>\n\t\t\t\t<\/div>\n\t\t","protected":false},"excerpt":{"rendered":"<p>&#8211; El plazo m\u00e1ximo de pr\u00e9stamo es de 2 semanas (14 d\u00edas) &#8211; Los libros deber\u00e1n de pasar por el puesto \u00abServicio de Pr\u00e9stamo\u00bb tanto en el momento de pr\u00e9stamo como en la devoluci\u00f3n,&#46;&#46;&#46;<\/p>\n","protected":false},"author":4364,"featured_media":0,"parent":0,"menu_order":0,"comment_status":"closed","ping_status":"closed","template":"","meta":{"ngg_post_thumbnail":0,"footnotes":""},"aioseo_notices":[],"_links":{"self":[{"href":"https:\/\/blogsaverroes.juntadeandalucia.es\/bibliotecajrjr\/wp-json\/wp\/v2\/pages\/69"}],"collection":[{"href":"https:\/\/blogsaverroes.juntadeandalucia.es\/bibliotecajrjr\/wp-json\/wp\/v2\/pages"}],"about":[{"href":"https:\/\/blogsaverroes.juntadeandalucia.es\/bibliotecajrjr\/wp-json\/wp\/v2\/types\/page"}],"author":[{"embeddable":true,"href":"https:\/\/blogsaverroes.juntadeandalucia.es\/bibliotecajrjr\/wp-json\/wp\/v2\/users\/4364"}],"replies":[{"embeddable":true,"href":"https:\/\/blogsaverroes.juntadeandalucia.es\/bibliotecajrjr\/wp-json\/wp\/v2\/comments?post=69"}],"version-history":[{"count":9,"href":"https:\/\/blogsaverroes.juntadeandalucia.es\/bibliotecajrjr\/wp-json\/wp\/v2\/pages\/69\/revisions"}],"predecessor-version":[{"id":337,"href":"https:\/\/blogsaverroes.juntadeandalucia.es\/bibliotecajrjr\/wp-json\/wp\/v2\/pages\/69\/revisions\/337"}],"wp:attachment":[{"href":"https:\/\/blogsaverroes.juntadeandalucia.es\/bibliotecajrjr\/wp-json\/wp\/v2\/media?parent=69"}],"curies":[{"name":"wp","href":"https:\/\/api.w.org\/{rel}","templated":true}]}}