{"id":89,"date":"2021-02-01T21:37:50","date_gmt":"2021-02-01T21:37:50","guid":{"rendered":"https:\/\/blogsaverroes.juntadeandalucia.es\/bibliotecajrjr\/?page_id=89"},"modified":"2021-02-01T21:53:51","modified_gmt":"2021-02-01T21:53:51","slug":"videos","status":"publish","type":"page","link":"https:\/\/blogsaverroes.juntadeandalucia.es\/bibliotecajrjr\/videos\/","title":{"rendered":"V\u00eddeos"},"content":{"rendered":"\t\t<div data-elementor-type=\"wp-page\" data-elementor-id=\"89\" class=\"elementor elementor-89\">\n\t\t\t\t\t\t<section class=\"elementor-section elementor-top-section elementor-element elementor-element-29e1108 elementor-section-boxed elementor-section-height-default elementor-section-height-default\" data-id=\"29e1108\" data-element_type=\"section\">\n\t\t\t\t\t\t<div class=\"elementor-container elementor-column-gap-default\">\n\t\t\t\t\t<div class=\"elementor-column elementor-col-50 elementor-top-column elementor-element elementor-element-16dc077\" data-id=\"16dc077\" data-element_type=\"column\">\n\t\t\t<div class=\"elementor-widget-wrap elementor-element-populated\">\n\t\t\t\t\t\t<div class=\"elementor-element elementor-element-ce4f3ab elementor-widget elementor-widget-text-editor\" data-id=\"ce4f3ab\" data-element_type=\"widget\" data-widget_type=\"text-editor.default\">\n\t\t\t\t<div class=\"elementor-widget-container\">\n\t\t\t\t\t\t\t\t\t<p>Muchas ilusiones, dibujos, pruebas, voces, ni\u00f1os\/as y sobre todo mucha dedicaci\u00f3n para tener el Audio Libro de Platero. Gracias al esfuerzo de toda la Comunidad Educativa y muy especialmente al Equipo de Biblioteca que ha contado con la colaboraci\u00f3n t\u00e9cnica de Julio Herrero.\u00a0<\/p><p>Esperemos que disfrut\u00e9is de este recurso en casa y de este modo acercarnos a la obra y figura de Juan Ram\u00f3n Jim\u00e9nez, gran poeta andaluz, que da nombre a nuestro colegio.\u00a0<\/p><p>Este proyecto de hizo en 2013.\u00a0<\/p>\t\t\t\t\t\t\t\t<\/div>\n\t\t\t\t<\/div>\n\t\t\t\t\t<\/div>\n\t\t<\/div>\n\t\t\t\t<div class=\"elementor-column elementor-col-50 elementor-top-column elementor-element elementor-element-838493b\" data-id=\"838493b\" data-element_type=\"column\">\n\t\t\t<div class=\"elementor-widget-wrap elementor-element-populated\">\n\t\t\t\t\t\t<div class=\"elementor-element elementor-element-c56d6e3 elementor-widget elementor-widget-video\" data-id=\"c56d6e3\" data-element_type=\"widget\" data-settings=\"{&quot;youtube_url&quot;:&quot;https:\\\/\\\/www.youtube.com\\\/watch?v=lSjGt-kq4OQ&quot;,&quot;video_type&quot;:&quot;youtube&quot;,&quot;controls&quot;:&quot;yes&quot;}\" data-widget_type=\"video.default\">\n\t\t\t\t<div class=\"elementor-widget-container\">\n\t\t\t\t\t\t\t<div class=\"elementor-wrapper elementor-open-inline\">\n\t\t\t<div class=\"elementor-video\"><\/div>\t\t<\/div>\n\t\t\t\t\t\t<\/div>\n\t\t\t\t<\/div>\n\t\t\t\t\t<\/div>\n\t\t<\/div>\n\t\t\t\t\t<\/div>\n\t\t<\/section>\n\t\t\t\t<\/div>\n\t\t","protected":false},"excerpt":{"rendered":"<p>Muchas ilusiones, dibujos, pruebas, voces, ni\u00f1os\/as y sobre todo mucha dedicaci\u00f3n para tener el Audio Libro de Platero. Gracias al esfuerzo de toda la Comunidad Educativa y muy especialmente al Equipo de Biblioteca que&#46;&#46;&#46;<\/p>\n","protected":false},"author":4364,"featured_media":0,"parent":0,"menu_order":0,"comment_status":"closed","ping_status":"closed","template":"","meta":{"ngg_post_thumbnail":0,"footnotes":""},"aioseo_notices":[],"_links":{"self":[{"href":"https:\/\/blogsaverroes.juntadeandalucia.es\/bibliotecajrjr\/wp-json\/wp\/v2\/pages\/89"}],"collection":[{"href":"https:\/\/blogsaverroes.juntadeandalucia.es\/bibliotecajrjr\/wp-json\/wp\/v2\/pages"}],"about":[{"href":"https:\/\/blogsaverroes.juntadeandalucia.es\/bibliotecajrjr\/wp-json\/wp\/v2\/types\/page"}],"author":[{"embeddable":true,"href":"https:\/\/blogsaverroes.juntadeandalucia.es\/bibliotecajrjr\/wp-json\/wp\/v2\/users\/4364"}],"replies":[{"embeddable":true,"href":"https:\/\/blogsaverroes.juntadeandalucia.es\/bibliotecajrjr\/wp-json\/wp\/v2\/comments?post=89"}],"version-history":[{"count":3,"href":"https:\/\/blogsaverroes.juntadeandalucia.es\/bibliotecajrjr\/wp-json\/wp\/v2\/pages\/89\/revisions"}],"predecessor-version":[{"id":93,"href":"https:\/\/blogsaverroes.juntadeandalucia.es\/bibliotecajrjr\/wp-json\/wp\/v2\/pages\/89\/revisions\/93"}],"wp:attachment":[{"href":"https:\/\/blogsaverroes.juntadeandalucia.es\/bibliotecajrjr\/wp-json\/wp\/v2\/media?parent=89"}],"curies":[{"name":"wp","href":"https:\/\/api.w.org\/{rel}","templated":true}]}}