{"id":110,"date":"2020-04-07T21:13:11","date_gmt":"2020-04-07T19:13:11","guid":{"rendered":"https:\/\/blogsaverroes.juntadeandalucia.es\/bibliotecapoetajosemarcelo\/?page_id=110"},"modified":"2022-03-31T19:58:13","modified_gmt":"2022-03-31T17:58:13","slug":"creatividad-literaria","status":"publish","type":"page","link":"https:\/\/blogsaverroes.juntadeandalucia.es\/bibliotecapoetajosemarcelo\/creatividad-literaria\/","title":{"rendered":"Creatividad literaria"},"content":{"rendered":"<p><img loading=\"lazy\" decoding=\"async\" class=\"alignnone size-medium wp-image-109 aligncenter\" src=\"https:\/\/blogsaverroes.juntadeandalucia.es\/bibliotecapoetajosemarcelo\/files\/2020\/04\/Libro-con-dibujos-300x180.png\" alt=\"\" width=\"300\" height=\"180\" srcset=\"https:\/\/blogsaverroes.juntadeandalucia.es\/bibliotecapoetajosemarcelo\/files\/2020\/04\/Libro-con-dibujos-300x180.png 300w, https:\/\/blogsaverroes.juntadeandalucia.es\/bibliotecapoetajosemarcelo\/files\/2020\/04\/Libro-con-dibujos-768x460.png 768w, https:\/\/blogsaverroes.juntadeandalucia.es\/bibliotecapoetajosemarcelo\/files\/2020\/04\/Libro-con-dibujos-24x14.png 24w, https:\/\/blogsaverroes.juntadeandalucia.es\/bibliotecapoetajosemarcelo\/files\/2020\/04\/Libro-con-dibujos-36x22.png 36w, https:\/\/blogsaverroes.juntadeandalucia.es\/bibliotecapoetajosemarcelo\/files\/2020\/04\/Libro-con-dibujos-48x29.png 48w, https:\/\/blogsaverroes.juntadeandalucia.es\/bibliotecapoetajosemarcelo\/files\/2020\/04\/Libro-con-dibujos.png 800w\" sizes=\"(max-width: 300px) 100vw, 300px\" \/><\/p>\n<p style=\"text-align: left\"><span style=\"color: #ff0000\"><strong>L\u00c1PIZ<\/strong> <\/span>&#8211; <strong><span style=\"color: #0000ff\">PAPEL<\/span><\/strong> &#8211;<span style=\"color: #008000\"> <strong>IMAGINACI\u00d3N<\/strong><\/span> es todo lo que necesitas para crear fant\u00e1sticas historias; deleitar con hermosas poes\u00edas; provocar una reflexi\u00f3n; elaborar exquisitas recetas de cocina; dise\u00f1ar creativos caligramas; expresar los sentimientos a partir de una imagen,&#8230;&#8230;.<\/p>\n<p style=\"text-align: left\">En este apartado vamos a ir introduciendo una gran diversidad de actividades que te permitir\u00e1n desarrollar tu imaginaci\u00f3n y, sobre todo, descubrir la gran creatividad que atesoras. Las palabras, las im\u00e1genes nos permiten estar en contacto con la realidad y, paralelamente, nos llevar\u00e1n al mundo de la magia, la ilusi\u00f3n, los sue\u00f1os y el aprendizaje.<\/p>\n<p><em><strong>Se pueden adaptar a todos los niveles y todas las \u00e1reas.<\/strong><\/em><\/p>\n<p>Relaci\u00f3n de actividades:<\/p>\n<ul>\n<li>Pies en polvorosa: elegir una foto\/imagen y escribir un pie o un mensaje.<\/li>\n<li>Recetas de autor.<\/li>\n<li><span style=\"color: #0000ff\"><strong><a style=\"color: #0000ff\" href=\"https:\/\/blogsaverroes.juntadeandalucia.es\/bibliotecapoetajosemarcelo\/category\/encuentro-con-autor\/\">Encuentros con autor.<\/a><\/strong><\/span><\/li>\n<li>Palabras que me gustas\/que no me gustan.<\/li>\n<li>Video book<\/li>\n<li>Acr\u00f3sticos<\/li>\n<li>Caligramas<\/li>\n<li>Marcap\u00e1ginas<\/li>\n<li>Relatos cortos<\/li>\n<li><strong><span style=\"color: #0000ff\"><a style=\"color: #0000ff\" href=\"https:\/\/vicentealeixandreenlared.blogspot.com\/search?q=El+viaje+de+Akr%C3%A1m\">Cuentos<\/a><\/span><\/strong><\/li>\n<li>F\u00e1bulas<\/li>\n<li>Adivinanzas, trabalenguas, refranes,&#8230;.<\/li>\n<li>Publipoema: mensajes publicitarios a partir de un poema<\/li>\n<li>Cuaderno de bit\u00e1coras<\/li>\n<li>Cartas.<\/li>\n<li>Dise\u00f1ar un cuestionario<\/li>\n<li>Biograf\u00eda<\/li>\n<li>C\u00f3mic<\/li>\n<li>Kamishibai<\/li>\n<li>Pokecuentos<\/li>\n<li>EmoticoArte<\/li>\n<li>Folios giratorios<\/li>\n<li>L\u00e1pices al Centro<\/li>\n<li>Columna pensante<\/li>\n<li><strong><span style=\"color: #0000ff\"><a style=\"color: #0000ff\" href=\"https:\/\/blogsaverroes.juntadeandalucia.es\/bibliotecapoetajosemarcelo\/2022\/01\/13\/buscando-pistas\/\">Buscando pistas<\/a><\/span><\/strong><\/li>\n<\/ul>\n<p>&nbsp;<\/p>\n","protected":false},"excerpt":{"rendered":"<p>L\u00c1PIZ &#8211; PAPEL &#8211; IMAGINACI\u00d3N es todo lo que necesitas para crear fant\u00e1sticas historias; deleitar con hermosas poes\u00edas; provocar una reflexi\u00f3n; elaborar exquisitas recetas de cocina; dise\u00f1ar creativos caligramas; expresar los sentimientos a partir de una imagen,&#8230;&#8230;. En este apartado vamos a ir introduciendo una gran diversidad de actividades que te permitir\u00e1n desarrollar tu imaginaci\u00f3n &hellip; <\/p>\n<p><a class=\"more-link btn\" href=\"https:\/\/blogsaverroes.juntadeandalucia.es\/bibliotecapoetajosemarcelo\/creatividad-literaria\/\">Seguir leyendo<\/a><\/p>\n","protected":false},"author":2262,"featured_media":0,"parent":0,"menu_order":0,"comment_status":"closed","ping_status":"closed","template":"","meta":{"ngg_post_thumbnail":0,"footnotes":""},"aioseo_notices":[],"post_mailing_queue_ids":[],"_links":{"self":[{"href":"https:\/\/blogsaverroes.juntadeandalucia.es\/bibliotecapoetajosemarcelo\/wp-json\/wp\/v2\/pages\/110"}],"collection":[{"href":"https:\/\/blogsaverroes.juntadeandalucia.es\/bibliotecapoetajosemarcelo\/wp-json\/wp\/v2\/pages"}],"about":[{"href":"https:\/\/blogsaverroes.juntadeandalucia.es\/bibliotecapoetajosemarcelo\/wp-json\/wp\/v2\/types\/page"}],"author":[{"embeddable":true,"href":"https:\/\/blogsaverroes.juntadeandalucia.es\/bibliotecapoetajosemarcelo\/wp-json\/wp\/v2\/users\/2262"}],"replies":[{"embeddable":true,"href":"https:\/\/blogsaverroes.juntadeandalucia.es\/bibliotecapoetajosemarcelo\/wp-json\/wp\/v2\/comments?post=110"}],"version-history":[{"count":7,"href":"https:\/\/blogsaverroes.juntadeandalucia.es\/bibliotecapoetajosemarcelo\/wp-json\/wp\/v2\/pages\/110\/revisions"}],"predecessor-version":[{"id":1091,"href":"https:\/\/blogsaverroes.juntadeandalucia.es\/bibliotecapoetajosemarcelo\/wp-json\/wp\/v2\/pages\/110\/revisions\/1091"}],"wp:attachment":[{"href":"https:\/\/blogsaverroes.juntadeandalucia.es\/bibliotecapoetajosemarcelo\/wp-json\/wp\/v2\/media?parent=110"}],"curies":[{"name":"wp","href":"https:\/\/api.w.org\/{rel}","templated":true}]}}