{"id":1411,"date":"2022-11-11T12:41:53","date_gmt":"2022-11-11T11:41:53","guid":{"rendered":"https:\/\/blogsaverroes.juntadeandalucia.es\/bibliotecapoetajosemarcelo\/?page_id=1411"},"modified":"2022-11-14T16:41:09","modified_gmt":"2022-11-14T15:41:09","slug":"el-vicente-informa","status":"publish","type":"page","link":"https:\/\/blogsaverroes.juntadeandalucia.es\/bibliotecapoetajosemarcelo\/revista-escolar\/el-vicente-informa\/","title":{"rendered":"El Vicente Informa"},"content":{"rendered":"<p><a href=\"https:\/\/es.slideshare.net\/elgusanillodelalectura\/el-vicente-informapdf\"><img loading=\"lazy\" decoding=\"async\" class=\"alignnone size-medium wp-image-1406 aligncenter\" src=\"https:\/\/blogsaverroes.juntadeandalucia.es\/bibliotecapoetajosemarcelo\/files\/2022\/11\/Portada-revista-14-210x300.jpeg\" alt=\"\" width=\"210\" height=\"300\" srcset=\"https:\/\/blogsaverroes.juntadeandalucia.es\/bibliotecapoetajosemarcelo\/files\/2022\/11\/Portada-revista-14-210x300.jpeg 210w, https:\/\/blogsaverroes.juntadeandalucia.es\/bibliotecapoetajosemarcelo\/files\/2022\/11\/Portada-revista-14-718x1024.jpeg 718w, https:\/\/blogsaverroes.juntadeandalucia.es\/bibliotecapoetajosemarcelo\/files\/2022\/11\/Portada-revista-14-768x1095.jpeg 768w, https:\/\/blogsaverroes.juntadeandalucia.es\/bibliotecapoetajosemarcelo\/files\/2022\/11\/Portada-revista-14-1077x1536.jpeg 1077w, https:\/\/blogsaverroes.juntadeandalucia.es\/bibliotecapoetajosemarcelo\/files\/2022\/11\/Portada-revista-14-1436x2048.jpeg 1436w, https:\/\/blogsaverroes.juntadeandalucia.es\/bibliotecapoetajosemarcelo\/files\/2022\/11\/Portada-revista-14.jpeg 1590w\" sizes=\"(max-width: 210px) 100vw, 210px\" \/><\/a><\/p>\n<p><a href=\"https:\/\/es.slideshare.net\/elgusanillodelalectura\/el-vicente-informapdf\"><strong><span style=\"color: #0000ff\">\u00abEl Vicente Informa\u00bb<\/span><\/strong> <\/a>es el t\u00edtulo de la revista escolar Vicente Sorprendente n\u00ba 14.<\/p>\n<p>En ella podr\u00e1s encontrar el recorrido que ha experimentado nuestra revista: dise\u00f1o, presentaci\u00f3n, calidad de los trabajos, la participaci\u00f3n,&#8230;&#8230;<\/p>\n<p>Paralelamente, nuestra radio escolar <span style=\"color: #0000ff\"><strong><a style=\"color: #0000ff\" href=\"https:\/\/www.ivoox.com\/podcast-voz-del-vicente_sq_f11248887_1.html\">\u00abLa Voz del Vicente\u00bb<\/a> <\/strong><\/span>se est\u00e1 consolidando en formato podcast.<\/p>\n","protected":false},"excerpt":{"rendered":"<p>\u00abEl Vicente Informa\u00bb es el t\u00edtulo de la revista escolar Vicente Sorprendente n\u00ba 14. En ella podr\u00e1s encontrar el recorrido que ha experimentado nuestra revista: dise\u00f1o, presentaci\u00f3n, calidad de los trabajos, la participaci\u00f3n,&#8230;&#8230; Paralelamente, nuestra radio escolar \u00abLa Voz del Vicente\u00bb se est\u00e1 consolidando en formato podcast.<\/p>\n","protected":false},"author":2262,"featured_media":0,"parent":22,"menu_order":0,"comment_status":"closed","ping_status":"closed","template":"","meta":{"ngg_post_thumbnail":0,"footnotes":""},"aioseo_notices":[],"post_mailing_queue_ids":[],"_links":{"self":[{"href":"https:\/\/blogsaverroes.juntadeandalucia.es\/bibliotecapoetajosemarcelo\/wp-json\/wp\/v2\/pages\/1411"}],"collection":[{"href":"https:\/\/blogsaverroes.juntadeandalucia.es\/bibliotecapoetajosemarcelo\/wp-json\/wp\/v2\/pages"}],"about":[{"href":"https:\/\/blogsaverroes.juntadeandalucia.es\/bibliotecapoetajosemarcelo\/wp-json\/wp\/v2\/types\/page"}],"author":[{"embeddable":true,"href":"https:\/\/blogsaverroes.juntadeandalucia.es\/bibliotecapoetajosemarcelo\/wp-json\/wp\/v2\/users\/2262"}],"replies":[{"embeddable":true,"href":"https:\/\/blogsaverroes.juntadeandalucia.es\/bibliotecapoetajosemarcelo\/wp-json\/wp\/v2\/comments?post=1411"}],"version-history":[{"count":2,"href":"https:\/\/blogsaverroes.juntadeandalucia.es\/bibliotecapoetajosemarcelo\/wp-json\/wp\/v2\/pages\/1411\/revisions"}],"predecessor-version":[{"id":1439,"href":"https:\/\/blogsaverroes.juntadeandalucia.es\/bibliotecapoetajosemarcelo\/wp-json\/wp\/v2\/pages\/1411\/revisions\/1439"}],"up":[{"embeddable":true,"href":"https:\/\/blogsaverroes.juntadeandalucia.es\/bibliotecapoetajosemarcelo\/wp-json\/wp\/v2\/pages\/22"}],"wp:attachment":[{"href":"https:\/\/blogsaverroes.juntadeandalucia.es\/bibliotecapoetajosemarcelo\/wp-json\/wp\/v2\/media?parent=1411"}],"curies":[{"name":"wp","href":"https:\/\/api.w.org\/{rel}","templated":true}]}}