{"id":1415,"date":"2022-11-11T12:51:19","date_gmt":"2022-11-11T11:51:19","guid":{"rendered":"https:\/\/blogsaverroes.juntadeandalucia.es\/bibliotecapoetajosemarcelo\/?page_id=1415"},"modified":"2022-11-14T16:42:14","modified_gmt":"2022-11-14T15:42:14","slug":"malaga-sabor-a-tierra-y-mar","status":"publish","type":"page","link":"https:\/\/blogsaverroes.juntadeandalucia.es\/bibliotecapoetajosemarcelo\/revista-escolar\/malaga-sabor-a-tierra-y-mar\/","title":{"rendered":"M\u00e1laga, sabor a tierra y mar"},"content":{"rendered":"<p><a href=\"https:\/\/es.slideshare.net\/elgusanillodelalectura\/mlaga-sabor-a-tierra-y-mar\"><img loading=\"lazy\" decoding=\"async\" class=\"alignnone size-medium wp-image-1407 aligncenter\" src=\"https:\/\/blogsaverroes.juntadeandalucia.es\/bibliotecapoetajosemarcelo\/files\/2022\/11\/Portada-revista-15-210x300.jpeg\" alt=\"\" width=\"210\" height=\"300\" srcset=\"https:\/\/blogsaverroes.juntadeandalucia.es\/bibliotecapoetajosemarcelo\/files\/2022\/11\/Portada-revista-15-210x300.jpeg 210w, https:\/\/blogsaverroes.juntadeandalucia.es\/bibliotecapoetajosemarcelo\/files\/2022\/11\/Portada-revista-15-717x1024.jpeg 717w, https:\/\/blogsaverroes.juntadeandalucia.es\/bibliotecapoetajosemarcelo\/files\/2022\/11\/Portada-revista-15-768x1097.jpeg 768w, https:\/\/blogsaverroes.juntadeandalucia.es\/bibliotecapoetajosemarcelo\/files\/2022\/11\/Portada-revista-15-1075x1536.jpeg 1075w, https:\/\/blogsaverroes.juntadeandalucia.es\/bibliotecapoetajosemarcelo\/files\/2022\/11\/Portada-revista-15-1434x2048.jpeg 1434w, https:\/\/blogsaverroes.juntadeandalucia.es\/bibliotecapoetajosemarcelo\/files\/2022\/11\/Portada-revista-15.jpeg 1601w\" sizes=\"(max-width: 210px) 100vw, 210px\" \/><\/a><\/p>\n<p><strong><a href=\"https:\/\/blogsaverroes.juntadeandalucia.es\/bibliotecapoetajosemarcelo\/2022\/06\/06\/xvii-abril-literario-malaga-sabor-a-tierra-y-mar\/\"><span style=\"color: #0000ff\">El XVII Abril Literario<\/span><\/a> <\/strong>lo hemos dedicado a conocer y poner en valor nuestra tierra: M\u00e1laga.<\/p>\n<p>La revista n\u00ba 15 <a href=\"https:\/\/es.slideshare.net\/elgusanillodelalectura\/mlaga-sabor-a-tierra-y-mar\"><strong><span style=\"color: #0000ff\">\u00abM\u00e1laga, sabor a tierra y mar\u00bb<\/span><\/strong> <\/a>es un monogr\u00e1fico donde se recogen&nbsp; la diversidad de&nbsp; actividades que hemos ido realizando a lo largo del curso escolar:<\/p>\n<p>M\u00e1laga, sabor a mar.<\/p>\n<p>M\u00e1laga, sabor a paisaje.<\/p>\n<p>M\u00e1laga, sabor a cultura.<\/p>\n<p>&nbsp;<\/p>\n","protected":false},"excerpt":{"rendered":"<p>El XVII Abril Literario lo hemos dedicado a conocer y poner en valor nuestra tierra: M\u00e1laga. La revista n\u00ba 15 \u00abM\u00e1laga, sabor a tierra y mar\u00bb es un monogr\u00e1fico donde se recogen&nbsp; la diversidad de&nbsp; actividades que hemos ido realizando a lo largo del curso escolar: M\u00e1laga, sabor a mar. M\u00e1laga, sabor a paisaje. M\u00e1laga, &hellip; <\/p>\n<p><a class=\"more-link btn\" href=\"https:\/\/blogsaverroes.juntadeandalucia.es\/bibliotecapoetajosemarcelo\/revista-escolar\/malaga-sabor-a-tierra-y-mar\/\">Seguir leyendo<\/a><\/p>\n","protected":false},"author":2262,"featured_media":0,"parent":22,"menu_order":0,"comment_status":"closed","ping_status":"closed","template":"","meta":{"ngg_post_thumbnail":0,"footnotes":""},"aioseo_notices":[],"post_mailing_queue_ids":[],"_links":{"self":[{"href":"https:\/\/blogsaverroes.juntadeandalucia.es\/bibliotecapoetajosemarcelo\/wp-json\/wp\/v2\/pages\/1415"}],"collection":[{"href":"https:\/\/blogsaverroes.juntadeandalucia.es\/bibliotecapoetajosemarcelo\/wp-json\/wp\/v2\/pages"}],"about":[{"href":"https:\/\/blogsaverroes.juntadeandalucia.es\/bibliotecapoetajosemarcelo\/wp-json\/wp\/v2\/types\/page"}],"author":[{"embeddable":true,"href":"https:\/\/blogsaverroes.juntadeandalucia.es\/bibliotecapoetajosemarcelo\/wp-json\/wp\/v2\/users\/2262"}],"replies":[{"embeddable":true,"href":"https:\/\/blogsaverroes.juntadeandalucia.es\/bibliotecapoetajosemarcelo\/wp-json\/wp\/v2\/comments?post=1415"}],"version-history":[{"count":2,"href":"https:\/\/blogsaverroes.juntadeandalucia.es\/bibliotecapoetajosemarcelo\/wp-json\/wp\/v2\/pages\/1415\/revisions"}],"predecessor-version":[{"id":1440,"href":"https:\/\/blogsaverroes.juntadeandalucia.es\/bibliotecapoetajosemarcelo\/wp-json\/wp\/v2\/pages\/1415\/revisions\/1440"}],"up":[{"embeddable":true,"href":"https:\/\/blogsaverroes.juntadeandalucia.es\/bibliotecapoetajosemarcelo\/wp-json\/wp\/v2\/pages\/22"}],"wp:attachment":[{"href":"https:\/\/blogsaverroes.juntadeandalucia.es\/bibliotecapoetajosemarcelo\/wp-json\/wp\/v2\/media?parent=1415"}],"curies":[{"name":"wp","href":"https:\/\/api.w.org\/{rel}","templated":true}]}}