{"id":192,"date":"2022-01-11T21:20:04","date_gmt":"2022-01-11T20:20:04","guid":{"rendered":"https:\/\/blogsaverroes.juntadeandalucia.es\/bibliotecapoetajosemarcelo\/?page_id=192"},"modified":"2022-02-02T18:33:11","modified_gmt":"2022-02-02T17:33:11","slug":"concursos","status":"publish","type":"page","link":"https:\/\/blogsaverroes.juntadeandalucia.es\/bibliotecapoetajosemarcelo\/concursos\/","title":{"rendered":"Concursos"},"content":{"rendered":"<p>En nuestro colegio tenemos varios concursos:<\/p>\n<p>A) Felicitaciones navide\u00f1as<\/p>\n<p>&nbsp; &nbsp; <a href=\"https:\/\/www.canva.com\/design\/DAEysZz9Q_k\/view?utm_content=DAEysZz9Q_k&amp;utm_campaign=designshare&amp;utm_medium=link&amp;utm_source=publishsharelink\">&nbsp;Concurso de Felicitaciones Navide\u00f1as2021. Tema: M\u00c1LAGA MARENGA.<\/a><\/p>\n<p>&nbsp; &nbsp; &nbsp;<a href=\"https:\/\/drive.google.com\/drive\/u\/2\/folders\/1hrxvuyhp9Po74s-nXQnrMCMLmjYqhpeL\">Concurso de Felicitaciones Navide\u00f1as 2020. Tema: <\/a><em><strong><span style=\"color: #3366ff\">AGUA Y SALUD.<\/span><\/strong><\/em><\/p>\n<p>B) <span style=\"color: #0000ff\"><a style=\"color: #0000ff\" href=\"https:\/\/blogsaverroes.juntadeandalucia.es\/bibliotecapoetajosemarcelo\/2021\/06\/04\/ii-certamen-escolar-de-dibujo-cuento-y-poesia\/\">II Certamen Escolar de Dibujo, Relato Corto y Poes\u00eda. Tema: AGUA Y SALUD.<\/a><\/span><\/p>\n<p>&nbsp; &nbsp; &nbsp;III Certamen Escolar de Dibujo, Relato corto y Poes\u00eda. Tema: M\u00c1LAGA, SABOR A TIERRA Y MAR<\/p>\n","protected":false},"excerpt":{"rendered":"<p>En nuestro colegio tenemos varios concursos: A) Felicitaciones navide\u00f1as &nbsp; &nbsp; &nbsp;Concurso de Felicitaciones Navide\u00f1as2021. Tema: M\u00c1LAGA MARENGA. &nbsp; &nbsp; &nbsp;Concurso de Felicitaciones Navide\u00f1as 2020. Tema: AGUA Y SALUD. B) II Certamen Escolar de Dibujo, Relato Corto y Poes\u00eda. Tema: AGUA Y SALUD. &nbsp; &nbsp; &nbsp;III Certamen Escolar de Dibujo, Relato corto y Poes\u00eda. Tema: &hellip; <\/p>\n<p><a class=\"more-link btn\" href=\"https:\/\/blogsaverroes.juntadeandalucia.es\/bibliotecapoetajosemarcelo\/concursos\/\">Seguir leyendo<\/a><\/p>\n","protected":false},"author":2262,"featured_media":0,"parent":0,"menu_order":0,"comment_status":"closed","ping_status":"closed","template":"","meta":{"ngg_post_thumbnail":0,"footnotes":""},"aioseo_notices":[],"post_mailing_queue_ids":[],"_links":{"self":[{"href":"https:\/\/blogsaverroes.juntadeandalucia.es\/bibliotecapoetajosemarcelo\/wp-json\/wp\/v2\/pages\/192"}],"collection":[{"href":"https:\/\/blogsaverroes.juntadeandalucia.es\/bibliotecapoetajosemarcelo\/wp-json\/wp\/v2\/pages"}],"about":[{"href":"https:\/\/blogsaverroes.juntadeandalucia.es\/bibliotecapoetajosemarcelo\/wp-json\/wp\/v2\/types\/page"}],"author":[{"embeddable":true,"href":"https:\/\/blogsaverroes.juntadeandalucia.es\/bibliotecapoetajosemarcelo\/wp-json\/wp\/v2\/users\/2262"}],"replies":[{"embeddable":true,"href":"https:\/\/blogsaverroes.juntadeandalucia.es\/bibliotecapoetajosemarcelo\/wp-json\/wp\/v2\/comments?post=192"}],"version-history":[{"count":6,"href":"https:\/\/blogsaverroes.juntadeandalucia.es\/bibliotecapoetajosemarcelo\/wp-json\/wp\/v2\/pages\/192\/revisions"}],"predecessor-version":[{"id":916,"href":"https:\/\/blogsaverroes.juntadeandalucia.es\/bibliotecapoetajosemarcelo\/wp-json\/wp\/v2\/pages\/192\/revisions\/916"}],"wp:attachment":[{"href":"https:\/\/blogsaverroes.juntadeandalucia.es\/bibliotecapoetajosemarcelo\/wp-json\/wp\/v2\/media?parent=192"}],"curies":[{"name":"wp","href":"https:\/\/api.w.org\/{rel}","templated":true}]}}